{"id":11055,"date":"2025-02-08T15:13:19","date_gmt":"2025-02-08T15:13:19","guid":{"rendered":"https:\/\/lofimusic.com.es\/index.php\/producto\/b0b17f9285_de\/"},"modified":"2025-02-08T15:13:19","modified_gmt":"2025-02-08T15:13:19","slug":"b0b17f9285_de","status":"publish","type":"product","link":"https:\/\/lofimusic.com.es\/index.php\/producto\/b0b17f9285_de\/","title":{"rendered":"B0B17F9285_DE"},"content":{"rendered":"<p>&#8211; BEW\u00c4HRTER TIERVERTREIBER: Erfassungsbereich &amp; Ultraschall lassen sich individuell einstellen, um eine gezielte Tierabwehr gegen Katzen, Marder, Ratten usw. zu erreichen<br \/>\n&#8211; FUNKTIONSWEISE: Die vom Ger\u00e4t erzeugten T\u00f6ne im Ultraschallbereich (13KHz-32KHz) werden von Tieren im Erfassungsbereich als unangenehm empfunden und sorgen daf\u00fcr, dass sich das Tier aus diesem Bereich entfernt. Die T\u00f6ne sind f\u00fcr Mensch und Tier ungef\u00e4hrlich.<br \/>\n&#8211; 4 FREQUENZ-MODI: Das Tierabwehr Ger\u00e4t ist auf 4 verschiedene Frequenzbereiche einstellbar. Da verschiedene Tiere auch verschiedenes Geh\u00f6r haben l\u00e4sst der Frequenzbereich verstellen. Dadurch wird eine optimale Wirkung des Ger\u00e4tes erreicht.<br \/>\n&#8211; REICHWEITE: Der Tierschreck verf\u00fcgt \u00fcber einen Bewegungsmelder mit einem Erfassungsbereich von 120\u00b0 bei einer Reichweite von 12m. Das entspricht einer Fl\u00e4che von ca. 40 m\u00b2 Willst Du gr\u00f6\u00dfere Fl\u00e4chen sch\u00fctzen, bestellst Du einfach mehrere Ger\u00e4te. Die Sensibilit\u00e4t des Bewegungsmelders ist stufenlos einstellbar.<br \/>\n&#8211; SOLAR + AKKU WETTERFEST: Unser Katzenschreck ist regensicher und kann ganzj\u00e4hrig sowohl im Au\u00dfen- als auch Innenbereich verwendet werden, z. B. Garten oder Dachboden.Die mitgelieferten Akkus werden \u00fcber das Solarpanel unterst\u00fctzt und erm\u00f6glichen eine kabellose Nutzung. Geladen werden kann das Ger\u00e4t \u00fcber USB-Kabel<\/p>\n","protected":false},"excerpt":{"rendered":"<p>Werbung<br \/>\nUltraschall Solar Tiervertreiber, Marderschreck bis zu 12m Reichweite, Wetterfest IP44, Ultraschall Solar und LED Blitz Tiervertreiber Katzenschreck f\u00fcr Katzen gegen Katzen, Hunde, Marder<\/p>\n","protected":false},"featured_media":11054,"comment_status":"open","ping_status":"closed","template":"","meta":[],"product_cat":[15],"product_tag":[],"class_list":{"0":"post-11055","1":"product","2":"type-product","3":"status-publish","4":"has-post-thumbnail","6":"product_cat-sin-categorizar","7":"nodate","8":"item-wrap","10":"first","11":"instock","12":"shipping-taxable","13":"product-type-external"},"_links":{"self":[{"href":"https:\/\/lofimusic.com.es\/index.php\/wp-json\/wp\/v2\/product\/11055","targetHints":{"allow":["GET"]}}],"collection":[{"href":"https:\/\/lofimusic.com.es\/index.php\/wp-json\/wp\/v2\/product"}],"about":[{"href":"https:\/\/lofimusic.com.es\/index.php\/wp-json\/wp\/v2\/types\/product"}],"replies":[{"embeddable":true,"href":"https:\/\/lofimusic.com.es\/index.php\/wp-json\/wp\/v2\/comments?post=11055"}],"wp:featuredmedia":[{"embeddable":true,"href":"https:\/\/lofimusic.com.es\/index.php\/wp-json\/wp\/v2\/media\/11054"}],"wp:attachment":[{"href":"https:\/\/lofimusic.com.es\/index.php\/wp-json\/wp\/v2\/media?parent=11055"}],"wp:term":[{"taxonomy":"product_cat","embeddable":true,"href":"https:\/\/lofimusic.com.es\/index.php\/wp-json\/wp\/v2\/product_cat?post=11055"},{"taxonomy":"product_tag","embeddable":true,"href":"https:\/\/lofimusic.com.es\/index.php\/wp-json\/wp\/v2\/product_tag?post=11055"}],"curies":[{"name":"wp","href":"https:\/\/api.w.org\/{rel}","templated":true}]}}