{"id":11053,"date":"2025-02-08T15:13:16","date_gmt":"2025-02-08T15:13:16","guid":{"rendered":"https:\/\/lofimusic.com.es\/index.php\/producto\/b0djpb8lgw_de-2\/"},"modified":"2025-02-08T15:13:16","modified_gmt":"2025-02-08T15:13:16","slug":"b0djpb8lgw_de-2","status":"publish","type":"product","link":"https:\/\/lofimusic.com.es\/index.php\/producto\/b0djpb8lgw_de-2\/","title":{"rendered":"B0DJPB8LGW_DE"},"content":{"rendered":"<p>&#8211; Flexibler Einsatz: Dank Batteriebetrieb ist das M\u00e4useabschreckungsmittel \u00fcberall einsetzbar und kann problemlos mitgenommen werden. Ideal f\u00fcr den Campingplatz, Scheune, Stall.<br \/>\n&#8211; Wichtiger Hinweis: Wir empfehlen, pro Raum ein tierabweisendes Ger\u00e4t zu verwenden, da die Ultraschallwellen nicht durch W\u00e4nde eindringen k\u00f6nnen.<br \/>\n&#8211; 360\u00b0-Ultraschall-Maus und Ratte: Mausabsto\u00dfmittel ist mit Kernfunktionen und ausgefeilten Technologien wie Ultraschall, Infrarot-Induktion und lichtempfindlichen Stroboskoplampen ausgestattet, um Schritt f\u00fcr Schritt einzugreifen. M\u00e4use und andere Insekten fernhalten.<br \/>\n&#8211; Sicher und komfortabel: Im Gegensatz zu herk\u00f6mmlichen Fallen und Toxinen werden nur physikalische Methoden verwendet, um Ihr Zuhause von Sch\u00e4dlingen zu befreien und den Einsatz sch\u00e4dlicher Chemikalien zu vermeiden, die eine Gefahr f\u00fcr Kinder, Haustiere und den Planeten darstellen k\u00f6nnen. Mit dieser umweltfreundlichen und sicheren L\u00f6sung genie\u00dfen Sie ein sch\u00e4dlingsfreies Zuhause und haben Ihre H\u00e4nde frei.<br \/>\n&#8211; Eines passt zu allem: Das M\u00e4userepellent hat eine signifikante absto\u00dfende und abschreckende Wirkung auf Ratten, Eichh\u00f6rnchen, Rattenabwehrmittel und andere Sch\u00e4dlinge. Das Mini-Maus-Repellent kann in Dachb\u00f6den, Garagen, Kellern, R\u00e4umen, Lagerr\u00e4umen usw. platziert und \u00fcberall im Innenbereich verwendet werden. W\u00e4hlen Sie unser M\u00e4useschutzmittel, um Ihr Sch\u00e4dlingsproblem zu l\u00f6sen und die Sch\u00e4dlinge aus Ihrem Haus zu vertreiben.<\/p>\n","protected":false},"excerpt":{"rendered":"<p>Werbung<br \/>\nAILEDA Ultraschall M\u00e4useabwehr,Ultraschall Maus und Ratten 360\u00b0, elektronische Insektenschutz-Mausefallen, Sch\u00e4dlingsbek\u00e4mpfung f\u00fcr Garten<\/p>\n","protected":false},"featured_media":11052,"comment_status":"open","ping_status":"closed","template":"","meta":[],"product_cat":[15],"product_tag":[],"class_list":{"0":"post-11053","1":"product","2":"type-product","3":"status-publish","4":"has-post-thumbnail","6":"product_cat-sin-categorizar","7":"nodate","8":"item-wrap","10":"first","11":"instock","12":"shipping-taxable","13":"product-type-external"},"_links":{"self":[{"href":"https:\/\/lofimusic.com.es\/index.php\/wp-json\/wp\/v2\/product\/11053","targetHints":{"allow":["GET"]}}],"collection":[{"href":"https:\/\/lofimusic.com.es\/index.php\/wp-json\/wp\/v2\/product"}],"about":[{"href":"https:\/\/lofimusic.com.es\/index.php\/wp-json\/wp\/v2\/types\/product"}],"replies":[{"embeddable":true,"href":"https:\/\/lofimusic.com.es\/index.php\/wp-json\/wp\/v2\/comments?post=11053"}],"wp:featuredmedia":[{"embeddable":true,"href":"https:\/\/lofimusic.com.es\/index.php\/wp-json\/wp\/v2\/media\/11052"}],"wp:attachment":[{"href":"https:\/\/lofimusic.com.es\/index.php\/wp-json\/wp\/v2\/media?parent=11053"}],"wp:term":[{"taxonomy":"product_cat","embeddable":true,"href":"https:\/\/lofimusic.com.es\/index.php\/wp-json\/wp\/v2\/product_cat?post=11053"},{"taxonomy":"product_tag","embeddable":true,"href":"https:\/\/lofimusic.com.es\/index.php\/wp-json\/wp\/v2\/product_tag?post=11053"}],"curies":[{"name":"wp","href":"https:\/\/api.w.org\/{rel}","templated":true}]}}