{"id":11051,"date":"2025-02-08T15:13:10","date_gmt":"2025-02-08T15:13:10","guid":{"rendered":"https:\/\/lofimusic.com.es\/index.php\/producto\/b0cssyws5c_de\/"},"modified":"2025-02-08T15:13:10","modified_gmt":"2025-02-08T15:13:10","slug":"b0cssyws5c_de","status":"publish","type":"product","link":"https:\/\/lofimusic.com.es\/index.php\/producto\/b0cssyws5c_de\/","title":{"rendered":"B0CSSYWS5C_DE"},"content":{"rendered":"<p>&#8211; Ger\u00e4teinformationen Das Ger\u00e4t verwendet die EMS-Technologie, was bedeutet, dass es bionischen Strom verwendet, um das Gehirnsignal zu simulieren, um Muskelbefehle f\u00fcr das Training zu geben, nicht wie herk\u00f6mmliche Vibrationsger\u00e4te, ist eine neue Technologie.<br \/>\n&#8211; Der EMS HIPS Trainer ist f\u00fcr die H\u00fcften konzipiert, das untere Tonsystem verwendet die Toning-Technologie f\u00fcr Frauen, um Po und Oberschenkel anzuheben, zu formen und zu straffen, um einen neuen sch\u00f6nen und eleganten Look zu kreieren. Es ist klinisch erwiesen, dass es funktioniert und Ergebnisse in wenigen Wochen bringt.<br \/>\n&#8211; \u301015 Minuten pro Tag\u3011- Sendet Signale direkt an die Muskeln und f\u00f6rdert die Muskelbewegung. Effektiveres Training. Befestigen Sie den Bauchmuskelstimulator t\u00e4glich 15 Minuten auf Ihrem K\u00f6rper, was 2000 Meter Lauf, 60 Minuten Kniebeugen, 60 Minuten freies Schwimmen entspricht, 2 Wochen Di\u00e4t.<br \/>\n&#8211; Fernbedienung und wiederaufladbar. &#8211; Kabellose Steuerung und wiederaufladbares USB-Design. Es ist wiederaufladbar und von einer Fernbedienung gesteuert, bequem zu bedienen und umweltfreundlich. Sie k\u00f6nnen Ihre H\u00fcften straffen, w\u00e4hrend Sie fernsehen, lernen, Musik h\u00f6ren und jederzeit. Bietet starke elastische Bewegungen, um die Muskeln des K\u00f6rpers zu straffen und zu st\u00e4rken.<br \/>\n&#8211; Heben \/ Formen von Beinen \/ H\u00fcften \/ Straffung \/ Versch\u00f6nerung Der EMS H\u00fcfttrainer kann die H\u00fcftlinie von Frauen effektiv formen, dabei helfen, die H\u00fcften zu straffen, zu straffen und zu straffen, Druck abzubauen und den H\u00fcftmuskel anzuheben.<\/p>\n","protected":false},"excerpt":{"rendered":"<p>Werbung<br \/>\nQueath EMS Trainingsger\u00e4t &#8211; Gezielte Stimulation der Po Muskulatur &#8211; 6 Modi, 10 Intensit\u00e4ten, H\u00fcfttrainer Elektrisch, Fitness Training f\u00fcr Frauen, Die perfekte Ges\u00e4\u00dfmuskelkurve Formen<\/p>\n","protected":false},"featured_media":11050,"comment_status":"open","ping_status":"closed","template":"","meta":[],"product_cat":[15],"product_tag":[],"class_list":{"0":"post-11051","1":"product","2":"type-product","3":"status-publish","4":"has-post-thumbnail","6":"product_cat-sin-categorizar","7":"nodate","8":"item-wrap","10":"first","11":"instock","12":"shipping-taxable","13":"product-type-external"},"_links":{"self":[{"href":"https:\/\/lofimusic.com.es\/index.php\/wp-json\/wp\/v2\/product\/11051","targetHints":{"allow":["GET"]}}],"collection":[{"href":"https:\/\/lofimusic.com.es\/index.php\/wp-json\/wp\/v2\/product"}],"about":[{"href":"https:\/\/lofimusic.com.es\/index.php\/wp-json\/wp\/v2\/types\/product"}],"replies":[{"embeddable":true,"href":"https:\/\/lofimusic.com.es\/index.php\/wp-json\/wp\/v2\/comments?post=11051"}],"wp:featuredmedia":[{"embeddable":true,"href":"https:\/\/lofimusic.com.es\/index.php\/wp-json\/wp\/v2\/media\/11050"}],"wp:attachment":[{"href":"https:\/\/lofimusic.com.es\/index.php\/wp-json\/wp\/v2\/media?parent=11051"}],"wp:term":[{"taxonomy":"product_cat","embeddable":true,"href":"https:\/\/lofimusic.com.es\/index.php\/wp-json\/wp\/v2\/product_cat?post=11051"},{"taxonomy":"product_tag","embeddable":true,"href":"https:\/\/lofimusic.com.es\/index.php\/wp-json\/wp\/v2\/product_tag?post=11051"}],"curies":[{"name":"wp","href":"https:\/\/api.w.org\/{rel}","templated":true}]}}