{"id":11049,"date":"2025-02-08T14:18:32","date_gmt":"2025-02-08T14:18:32","guid":{"rendered":"https:\/\/lofimusic.com.es\/index.php\/producto\/b0c3mft118_fr\/"},"modified":"2025-02-08T14:18:32","modified_gmt":"2025-02-08T14:18:32","slug":"b0c3mft118_fr","status":"publish","type":"product","link":"https:\/\/lofimusic.com.es\/index.php\/producto\/b0c3mft118_fr\/","title":{"rendered":"B0C3MFT118_FR"},"content":{"rendered":"<p>&#8211; Exp\u00e9rimentez une natation confortable : les bouchons de natation WLSCTY sont fabriqu\u00e9s en silicone souple et non allerg\u00e8ne et sont \u00e9quip\u00e9s d&#8217;un oreillette ergonomique \u00e0 trois couches qui ne causera aucune douleur ou inconfort m\u00eame apr\u00e8s des heures d&#8217;utilisation. Choisissez nos bouchons d&#8217;oreilles pour votre prochaine sortie de natation et profitez d&#8217;un confort ininterrompu.<\/p>\n","protected":false},"excerpt":{"rendered":"<p>publicit\u00e9Lot de 3 paires de bouchons d&#8217;oreille pour adultes &#8211; En silicone souple &#8211; Imperm\u00e9ables et r\u00e9utilisables &#8211; Pour la douche, la natation, le surf (Noir+Bleu+Vert)<\/p>\n","protected":false},"featured_media":11048,"comment_status":"open","ping_status":"closed","template":"","meta":[],"product_cat":[15],"product_tag":[],"class_list":{"0":"post-11049","1":"product","2":"type-product","3":"status-publish","4":"has-post-thumbnail","6":"product_cat-sin-categorizar","7":"nodate","8":"item-wrap","10":"first","11":"instock","12":"shipping-taxable","13":"product-type-external"},"_links":{"self":[{"href":"https:\/\/lofimusic.com.es\/index.php\/wp-json\/wp\/v2\/product\/11049","targetHints":{"allow":["GET"]}}],"collection":[{"href":"https:\/\/lofimusic.com.es\/index.php\/wp-json\/wp\/v2\/product"}],"about":[{"href":"https:\/\/lofimusic.com.es\/index.php\/wp-json\/wp\/v2\/types\/product"}],"replies":[{"embeddable":true,"href":"https:\/\/lofimusic.com.es\/index.php\/wp-json\/wp\/v2\/comments?post=11049"}],"wp:featuredmedia":[{"embeddable":true,"href":"https:\/\/lofimusic.com.es\/index.php\/wp-json\/wp\/v2\/media\/11048"}],"wp:attachment":[{"href":"https:\/\/lofimusic.com.es\/index.php\/wp-json\/wp\/v2\/media?parent=11049"}],"wp:term":[{"taxonomy":"product_cat","embeddable":true,"href":"https:\/\/lofimusic.com.es\/index.php\/wp-json\/wp\/v2\/product_cat?post=11049"},{"taxonomy":"product_tag","embeddable":true,"href":"https:\/\/lofimusic.com.es\/index.php\/wp-json\/wp\/v2\/product_tag?post=11049"}],"curies":[{"name":"wp","href":"https:\/\/api.w.org\/{rel}","templated":true}]}}