{"id":11041,"date":"2025-02-08T12:10:57","date_gmt":"2025-02-08T12:10:57","guid":{"rendered":"https:\/\/lofimusic.com.es\/index.php\/producto\/b0dprxsrhj_es-2\/"},"modified":"2025-02-08T12:10:57","modified_gmt":"2025-02-08T12:10:57","slug":"b0dprxsrhj_es-2","status":"publish","type":"product","link":"https:\/\/lofimusic.com.es\/index.php\/producto\/b0dprxsrhj_es-2\/","title":{"rendered":"B0DPRXSRHJ_ES"},"content":{"rendered":"<p>&#8211; [Materiales de primera calidad]-La pulsera absorbente de sudor est\u00e1 hecha de algod\u00f3n, es transpirable, suave y c\u00f3moda. El material es hipoalerg\u00e9nico, indeformable y no se decolora, por lo que puedes usarlo durante mucho tiempo.<br \/>\n&#8211; [Absorci\u00f3n y protecci\u00f3n del sudor]-la mu\u00f1equera con excelente absorci\u00f3n de agua puede limpiar el sudor de la cara cuando hace ejercicio o hace ejercicio, brind\u00e1ndole una sensaci\u00f3n deportiva c\u00f3moda.<br \/>\n&#8211; [F\u00e1cil de limpiar]-La pulsera duradera, absorbente y resistente al sudor se puede lavar a m\u00e1quina o a mano, conservando su forma, elasticidad y color para un uso prolongado.<br \/>\n&#8211; [Elementos incluidos]-Recibir\u00e1s 4 mu\u00f1equeras deportivas, de 15 x 8 cm y 8 x 8 cm, dos de cada tama\u00f1o. Pero ambos tienen buena elasticidad, se adaptan a la mayor\u00eda de hombres y mujeres y son adecuados para todos los deportes.<br \/>\n&#8211; [Amplia aplicaci\u00f3n]-estas bandas deportivas son perfectas para todos los deportes, como gimnasio, baloncesto, f\u00fatbol, \u200b\u200btenis, entrenamiento, correr, yoga, ciclismo, b\u00e1dminton, tenis de mesa y otras actividades al aire libre.<\/p>\n","protected":false},"excerpt":{"rendered":"<p>Publicidad Neoreser 4 Piezas Mu\u00f1equera Deportiva, Mu\u00f1equeras Deportivas Sudor Negras, Accesorios de Entrenamiento, Wristbands Pulsera El\u00e1stica Suave y Gruesa para Baloncesto, Gimnasio, Gimnasia, Tenis, F\u00fatbol<\/p>\n","protected":false},"featured_media":11040,"comment_status":"open","ping_status":"closed","template":"","meta":[],"product_cat":[15],"product_tag":[],"class_list":{"0":"post-11041","1":"product","2":"type-product","3":"status-publish","4":"has-post-thumbnail","6":"product_cat-sin-categorizar","7":"nodate","8":"item-wrap","10":"first","11":"instock","12":"shipping-taxable","13":"product-type-external"},"_links":{"self":[{"href":"https:\/\/lofimusic.com.es\/index.php\/wp-json\/wp\/v2\/product\/11041","targetHints":{"allow":["GET"]}}],"collection":[{"href":"https:\/\/lofimusic.com.es\/index.php\/wp-json\/wp\/v2\/product"}],"about":[{"href":"https:\/\/lofimusic.com.es\/index.php\/wp-json\/wp\/v2\/types\/product"}],"replies":[{"embeddable":true,"href":"https:\/\/lofimusic.com.es\/index.php\/wp-json\/wp\/v2\/comments?post=11041"}],"wp:featuredmedia":[{"embeddable":true,"href":"https:\/\/lofimusic.com.es\/index.php\/wp-json\/wp\/v2\/media\/11040"}],"wp:attachment":[{"href":"https:\/\/lofimusic.com.es\/index.php\/wp-json\/wp\/v2\/media?parent=11041"}],"wp:term":[{"taxonomy":"product_cat","embeddable":true,"href":"https:\/\/lofimusic.com.es\/index.php\/wp-json\/wp\/v2\/product_cat?post=11041"},{"taxonomy":"product_tag","embeddable":true,"href":"https:\/\/lofimusic.com.es\/index.php\/wp-json\/wp\/v2\/product_tag?post=11041"}],"curies":[{"name":"wp","href":"https:\/\/api.w.org\/{rel}","templated":true}]}}