{"id":11035,"date":"2025-02-08T11:53:10","date_gmt":"2025-02-08T11:53:10","guid":{"rendered":"https:\/\/lofimusic.com.es\/index.php\/producto\/b0bwdd1kr7_es\/"},"modified":"2025-02-08T11:53:10","modified_gmt":"2025-02-08T11:53:10","slug":"b0bwdd1kr7_es","status":"publish","type":"product","link":"https:\/\/lofimusic.com.es\/index.php\/producto\/b0bwdd1kr7_es\/","title":{"rendered":"B0BWDD1KR7_ES"},"content":{"rendered":"<p>&#8211; \u25b6Dise\u00f1o de 90 Grados: Este cable USB C a USB C tiene un dise\u00f1o especial de conector de 90 grados. Puede proporcionar una experiencia m\u00e1s conveniente al jugar, ver videos o leer p\u00e1ginas web mientras se carga. Este dise\u00f1o de \u00e1ngulo asegura que el cable no le incomoda sus manos y evita doblar el cable, por lo que no hay necesidad de preocuparse por la rotura del extremo del conector.<br \/>\n&#8211; \u25b6Excelente calidad, ejecuci\u00f3n fina:cable USB C trenzado de nailon doble, despu\u00e9s de 10.000 pruebas de flexi\u00f3n de 90 grados, sin da\u00f1os, y conector de alta calidad puede soportar m\u00e1s de 10.000 pruebas de enchufe, duradero, larga vida \u00fatil, es la opci\u00f3n ideal para el equipo USB C.<br \/>\n&#8211; \u25b6Sincronizaci\u00f3n R\u00e1pida:Soporta la sincronizaci\u00f3n de datos r\u00e1pida hasta 480Mbps, transfiriendo toneladas de pel\u00edculas, archivos, canciones en un instante.<br \/>\n&#8211; \u25b6Carga R\u00e1pida :Cableado interno de cobre con superconductividad que permite una verdadera y segura carga de 3.1A para cargar tu dispositivo a m\u00e1xima velocidad.<br \/>\n&#8211; \u25b6Compatibilidad universal: Cable usb c compatible con dispositivos tipo c: tel\u00e9fonos m\u00f3viles que admiten interfaz tipo c: Huawei, Xiaomi, Samsung, Google.<\/p>\n","protected":false},"excerpt":{"rendered":"<p>Publicidad Adaptador de Auriculares USB C a Conector de 3,5 mm, Adaptador Auriculares Micr\u00f3fono Tipo C 90 Grados Compatible con Huawei Xiaomi Samsung Google iPad (Gray)<\/p>\n","protected":false},"featured_media":11034,"comment_status":"open","ping_status":"closed","template":"","meta":[],"product_cat":[15],"product_tag":[],"class_list":{"0":"post-11035","1":"product","2":"type-product","3":"status-publish","4":"has-post-thumbnail","6":"product_cat-sin-categorizar","7":"nodate","8":"item-wrap","10":"first","11":"instock","12":"shipping-taxable","13":"product-type-external"},"_links":{"self":[{"href":"https:\/\/lofimusic.com.es\/index.php\/wp-json\/wp\/v2\/product\/11035","targetHints":{"allow":["GET"]}}],"collection":[{"href":"https:\/\/lofimusic.com.es\/index.php\/wp-json\/wp\/v2\/product"}],"about":[{"href":"https:\/\/lofimusic.com.es\/index.php\/wp-json\/wp\/v2\/types\/product"}],"replies":[{"embeddable":true,"href":"https:\/\/lofimusic.com.es\/index.php\/wp-json\/wp\/v2\/comments?post=11035"}],"wp:featuredmedia":[{"embeddable":true,"href":"https:\/\/lofimusic.com.es\/index.php\/wp-json\/wp\/v2\/media\/11034"}],"wp:attachment":[{"href":"https:\/\/lofimusic.com.es\/index.php\/wp-json\/wp\/v2\/media?parent=11035"}],"wp:term":[{"taxonomy":"product_cat","embeddable":true,"href":"https:\/\/lofimusic.com.es\/index.php\/wp-json\/wp\/v2\/product_cat?post=11035"},{"taxonomy":"product_tag","embeddable":true,"href":"https:\/\/lofimusic.com.es\/index.php\/wp-json\/wp\/v2\/product_tag?post=11035"}],"curies":[{"name":"wp","href":"https:\/\/api.w.org\/{rel}","templated":true}]}}