{"id":11033,"date":"2025-02-08T11:47:14","date_gmt":"2025-02-08T11:47:14","guid":{"rendered":"https:\/\/lofimusic.com.es\/index.php\/producto\/b0dfnql66j_es-2\/"},"modified":"2025-02-08T11:47:14","modified_gmt":"2025-02-08T11:47:14","slug":"b0dfnql66j_es-2","status":"publish","type":"product","link":"https:\/\/lofimusic.com.es\/index.php\/producto\/b0dfnql66j_es-2\/","title":{"rendered":"B0DFNQL66J_ES"},"content":{"rendered":"<p>&#8211; [Kit del producto]-Contiene 4 almohadillas para sellos y 8 tarjetas para sellos. Dimensiones del \u00e1rea de tinta: 9,5 x 6 cm. Adecuado para beb\u00e9s, gatos, perros peque\u00f1os, p\u00e1jaros peque\u00f1os. NOTA: La almohadilla de impresi\u00f3n es adecuada para beb\u00e9s de 0 a 6 meses o perros de tama\u00f1o peque\u00f1o a mediano.<br \/>\n&#8211; [Limpio y seguro]-Nuestros kits de impresi\u00f3n est\u00e1n hechos con una artesan\u00eda especial y almohadillas de impresi\u00f3n de tacto limpio, lo que garantiza que las manos y los pies de su beb\u00e9 nunca entren en contacto con la tinta, s\u00faper limpios ya que la tinta no manchar\u00e1 a su hijo.<br \/>\n&#8211; [F\u00e1cil de usar]-simplemente sostenga el lado de la tinta de la tarjeta de impresi\u00f3n y presione la mano o el pie del beb\u00e9 contra la parte posterior. Eso s\u00ed, practica antes de marcar con tinta para que quede bien. Puedes hacerlo moj\u00e1ndote las manos o los pies con agua y practicando c\u00f3mo hacer impresiones en papel normal. La dificultad depende de lo activo que sea tu beb\u00e9, por lo que es mejor hacerlo cuando est\u00e9 tranquilo, o mejor a\u00fan, cuando est\u00e9 dormido.<br \/>\n&#8211; [Buenos recuerdos]-Este es un regalo ideal para cualquiera que est\u00e9 a punto de tener un beb\u00e9. Lo mismo se aplica a las mascotas. Crea recuerdos maravillosos para tu mascota. Si fotograf\u00eda huellas de animales, l\u00edmpielas y recorte el pelaje; de \u200b\u200blo contrario, las huellas aparecer\u00e1n borrosas.<br \/>\n&#8211; [El mejor regalo]-Este es un regalo muy original que deja muy buenos recuerdos. Este es un detalle divertido para conmemorar el nacimiento de un beb\u00e9. regalo de bautizo<\/p>\n","protected":false},"excerpt":{"rendered":"<p>Publicidad YPYMOD 4 Piezas Huellas Bebe Recien Nacido, Almohadillas de Tinta de Manos y Pies Beb\u00e9 Sin Tacto con 8 Tarjetas de Impresi\u00f3n, No T\u00f3xicas, No se Mancha, Kit Huella del Mascota, Regalo De Bautizo<\/p>\n","protected":false},"featured_media":11032,"comment_status":"open","ping_status":"closed","template":"","meta":[],"product_cat":[15],"product_tag":[],"class_list":{"0":"post-11033","1":"product","2":"type-product","3":"status-publish","4":"has-post-thumbnail","6":"product_cat-sin-categorizar","7":"nodate","8":"item-wrap","10":"first","11":"instock","12":"shipping-taxable","13":"product-type-external"},"_links":{"self":[{"href":"https:\/\/lofimusic.com.es\/index.php\/wp-json\/wp\/v2\/product\/11033","targetHints":{"allow":["GET"]}}],"collection":[{"href":"https:\/\/lofimusic.com.es\/index.php\/wp-json\/wp\/v2\/product"}],"about":[{"href":"https:\/\/lofimusic.com.es\/index.php\/wp-json\/wp\/v2\/types\/product"}],"replies":[{"embeddable":true,"href":"https:\/\/lofimusic.com.es\/index.php\/wp-json\/wp\/v2\/comments?post=11033"}],"wp:featuredmedia":[{"embeddable":true,"href":"https:\/\/lofimusic.com.es\/index.php\/wp-json\/wp\/v2\/media\/11032"}],"wp:attachment":[{"href":"https:\/\/lofimusic.com.es\/index.php\/wp-json\/wp\/v2\/media?parent=11033"}],"wp:term":[{"taxonomy":"product_cat","embeddable":true,"href":"https:\/\/lofimusic.com.es\/index.php\/wp-json\/wp\/v2\/product_cat?post=11033"},{"taxonomy":"product_tag","embeddable":true,"href":"https:\/\/lofimusic.com.es\/index.php\/wp-json\/wp\/v2\/product_tag?post=11033"}],"curies":[{"name":"wp","href":"https:\/\/api.w.org\/{rel}","templated":true}]}}