{"id":11031,"date":"2025-02-08T11:46:50","date_gmt":"2025-02-08T11:46:50","guid":{"rendered":"https:\/\/lofimusic.com.es\/index.php\/producto\/b0djsyp3t2_es-3\/"},"modified":"2025-02-08T11:46:50","modified_gmt":"2025-02-08T11:46:50","slug":"b0djsyp3t2_es-3","status":"publish","type":"product","link":"https:\/\/lofimusic.com.es\/index.php\/producto\/b0djsyp3t2_es-3\/","title":{"rendered":"B0DJSYP3T2_ES"},"content":{"rendered":"<p>&#8211; Contenido del paquete: este juego contiene 10 parches de reparaci\u00f3n para chaquetas de plum\u00f3n. Las dimensiones de cada parche de reparaci\u00f3n son aproximadamente: 15 x 20 cm.<br \/>\n&#8211; Material del producto: las piezas de reparaci\u00f3n autoadhesivas est\u00e1n hechas de Poli\u00e9ster, se sienten suaves y lisas, no son f\u00e1ciles de romper, son f\u00e1ciles de pelar y aplicar, y pueden reparar r\u00e1pidamente cualquier grieta o agujero en el tejido.<br \/>\n&#8211; Autoadhesivo fuerte: utilizamos adhesivos de alta calidad que son fuertes, seguros y sin residuos, ideales para reparaciones permanentes.<br \/>\n&#8211; Herramientas de parches de bricolaje: este parche de reparaci\u00f3n de Poli\u00e9ster ayudar\u00e1 a ocultar las deficiencias de agujeros peque\u00f1os y grandes, y tambi\u00e9n puedes crear tu propio dise\u00f1o para fijar tu ropa.<br \/>\n&#8211; F\u00e1cil de usar: Todo lo que tienes que hacer es cortarlo al tama\u00f1o adecuado, despegar el papel de soporte y pegar el frontal a la superficie da\u00f1ada. El adhesivo consigue el mejor resultado al cabo de 24 horas.<\/p>\n","protected":false},"excerpt":{"rendered":"<p>Publicidad Parche Autoadhesivo (10 Piezas), Parche ropa termoadhesivo Parche Autoadhesivo, Impermeables, para Impermeables, Tiendas de Campa\u00f1a, Chaquetas de Plumas, Negro 15 x 20 cm<\/p>\n","protected":false},"featured_media":11030,"comment_status":"open","ping_status":"closed","template":"","meta":[],"product_cat":[15],"product_tag":[],"class_list":{"0":"post-11031","1":"product","2":"type-product","3":"status-publish","4":"has-post-thumbnail","6":"product_cat-sin-categorizar","7":"nodate","8":"item-wrap","10":"first","11":"instock","12":"shipping-taxable","13":"product-type-external"},"_links":{"self":[{"href":"https:\/\/lofimusic.com.es\/index.php\/wp-json\/wp\/v2\/product\/11031","targetHints":{"allow":["GET"]}}],"collection":[{"href":"https:\/\/lofimusic.com.es\/index.php\/wp-json\/wp\/v2\/product"}],"about":[{"href":"https:\/\/lofimusic.com.es\/index.php\/wp-json\/wp\/v2\/types\/product"}],"replies":[{"embeddable":true,"href":"https:\/\/lofimusic.com.es\/index.php\/wp-json\/wp\/v2\/comments?post=11031"}],"wp:featuredmedia":[{"embeddable":true,"href":"https:\/\/lofimusic.com.es\/index.php\/wp-json\/wp\/v2\/media\/11030"}],"wp:attachment":[{"href":"https:\/\/lofimusic.com.es\/index.php\/wp-json\/wp\/v2\/media?parent=11031"}],"wp:term":[{"taxonomy":"product_cat","embeddable":true,"href":"https:\/\/lofimusic.com.es\/index.php\/wp-json\/wp\/v2\/product_cat?post=11031"},{"taxonomy":"product_tag","embeddable":true,"href":"https:\/\/lofimusic.com.es\/index.php\/wp-json\/wp\/v2\/product_tag?post=11031"}],"curies":[{"name":"wp","href":"https:\/\/api.w.org\/{rel}","templated":true}]}}