{"id":11027,"date":"2025-02-08T11:45:35","date_gmt":"2025-02-08T11:45:35","guid":{"rendered":"https:\/\/lofimusic.com.es\/index.php\/producto\/b0drf7hljw_es\/"},"modified":"2025-02-08T11:45:35","modified_gmt":"2025-02-08T11:45:35","slug":"b0drf7hljw_es","status":"publish","type":"product","link":"https:\/\/lofimusic.com.es\/index.php\/producto\/b0drf7hljw_es\/","title":{"rendered":"B0DRF7HLJW_ES"},"content":{"rendered":"<p>&#8211; Protecci\u00f3n codo &amp; dolor aliviados:Banda de codo ofrece soporta y presi\u00f3n perfectamente para antebrazo y codo; y eficaz a aliviar el dolor en sus m\u00fasculos y articulaciones, como la tendinitis del codo, la bursitis, la tensi\u00f3n repetitiva, la distensi\u00f3n muscular y el esguince etc.<br \/>\n&#8211; Dise\u00f1o antideslizante:El banda se dise\u00f1a con una tira antideslizante del silic\u00f3n ondulado que quepa bien la piel para evitar el arrastre durante el movimiento.<br \/>\n&#8211; Amplia uso:El dise\u00f1o de unisex, se puede usar en varios deporte como tenis, golf, squash, tenis de mesa, baloncesto, levantamiento de pesas, cricket, canotaje, arquer\u00eda, etc.<br \/>\n&#8211; Tejido suave y agradable al tacto:Bordes c\u00f3modos y suaves para una mejor adherencia a la piel y un menor deslizamiento. Incluso si lo USA durante mucho tiempo, su codo a\u00fan no tendr\u00e1 ninguna molestia. Banda de codo de buena mano de obra, \u00a1te sorprender\u00e1 su comodidad superior, transpirabilidad y durabilidad!<br \/>\n&#8211; Ajustable y f\u00e1cil de usar:Hay correas de ajuste de velcro en ambos extremos de los codos. Proporciona un sistema f\u00e1cilmente ajustable y un ajuste personalizado para antebrazos de diferentes tama\u00f1os.<\/p>\n","protected":false},"excerpt":{"rendered":"<p>Publicidad iLamvie Cinta De Codo Tenista, Coderas De Golfista Ajustable Y Antideslizante Con Almohadilla Eva Para Tenis, Codera Extra\u00edbles Para Aliviar La Tendinitis Y La Artritis<\/p>\n","protected":false},"featured_media":11026,"comment_status":"open","ping_status":"closed","template":"","meta":[],"product_cat":[15],"product_tag":[],"class_list":{"0":"post-11027","1":"product","2":"type-product","3":"status-publish","4":"has-post-thumbnail","6":"product_cat-sin-categorizar","7":"nodate","8":"item-wrap","10":"first","11":"instock","12":"shipping-taxable","13":"product-type-external"},"_links":{"self":[{"href":"https:\/\/lofimusic.com.es\/index.php\/wp-json\/wp\/v2\/product\/11027","targetHints":{"allow":["GET"]}}],"collection":[{"href":"https:\/\/lofimusic.com.es\/index.php\/wp-json\/wp\/v2\/product"}],"about":[{"href":"https:\/\/lofimusic.com.es\/index.php\/wp-json\/wp\/v2\/types\/product"}],"replies":[{"embeddable":true,"href":"https:\/\/lofimusic.com.es\/index.php\/wp-json\/wp\/v2\/comments?post=11027"}],"wp:featuredmedia":[{"embeddable":true,"href":"https:\/\/lofimusic.com.es\/index.php\/wp-json\/wp\/v2\/media\/11026"}],"wp:attachment":[{"href":"https:\/\/lofimusic.com.es\/index.php\/wp-json\/wp\/v2\/media?parent=11027"}],"wp:term":[{"taxonomy":"product_cat","embeddable":true,"href":"https:\/\/lofimusic.com.es\/index.php\/wp-json\/wp\/v2\/product_cat?post=11027"},{"taxonomy":"product_tag","embeddable":true,"href":"https:\/\/lofimusic.com.es\/index.php\/wp-json\/wp\/v2\/product_tag?post=11027"}],"curies":[{"name":"wp","href":"https:\/\/api.w.org\/{rel}","templated":true}]}}