{"id":11017,"date":"2025-02-08T11:42:14","date_gmt":"2025-02-08T11:42:14","guid":{"rendered":"https:\/\/lofimusic.com.es\/index.php\/producto\/b0dr8pw6sp_es\/"},"modified":"2025-02-08T11:42:14","modified_gmt":"2025-02-08T11:42:14","slug":"b0dr8pw6sp_es","status":"publish","type":"product","link":"https:\/\/lofimusic.com.es\/index.php\/producto\/b0dr8pw6sp_es\/","title":{"rendered":"B0DR8PW6SP_ES"},"content":{"rendered":"<p>&#8211; Marcap\u00e1ginas DIY para ni\u00f1as de 6 a 10 a\u00f1os: El juego de manualidades tiene un patr\u00f3n de plumas \u00fanico con un colgante de cristal. Juego de manualidades para pintar por n\u00fameros, regalo para ni\u00f1os de 7-8-9 a\u00f1os, ni\u00f1as, adolescentes, adultos.<br \/>\n&#8211; Manualidades para ni\u00f1as y ni\u00f1os de 7 a 12 a\u00f1os. Los kits de manualidades de pintura de diamantes son un gran juguete para ni\u00f1os. Los juegos hechos a mano para los ni\u00f1os marcadores no son s\u00f3lo juguetes divertidos, sino tambi\u00e9n para cultivar la paciencia, la concentraci\u00f3n y la creatividad de los ni\u00f1os, mejorar la capacidad pr\u00e1ctica de los ni\u00f1os, la percepci\u00f3n del color.<br \/>\n&#8211; El paquete incluye: 6 marcadores, 1 colgantes de cristal, 1 bol\u00edgrafos, 1 bandejas, 1 ceras, paquete de diamantes, bolsa sellada, suficientes materiales para tu bricolaje.<br \/>\n&#8211; Juguete sencillo para ni\u00f1os a partir de 5 \u2013 12 a\u00f1os para bricolaje: Divertido dise\u00f1o de marcador de libros con pintura de diamantes para hacer uno mismo, adecuado para ni\u00f1os principiantes a partir de 6-8 \u2013 10 a\u00f1os. Cada kit de pintura de diamante est\u00e1 impreso con letras y n\u00fameros. Solo tienes que elegir el diamante correspondiente y luego pegarlo en el lugar correcto.<br \/>\n&#8211; Exquisito arte de diamantes para ni\u00f1os de 5 a 9 a\u00f1os:El juguete marcador de pluma con pintura de diamante est\u00e1 hecho de material acr\u00edlico de alta calidad. Patr\u00f3n exquisito, los diamantes se pegan fuertemente, no se preocupe por la ca\u00edda de diamantes. F\u00e1cil de hacer su libro marcador!<\/p>\n","protected":false},"excerpt":{"rendered":"<p>Publicidad iLamvie Regalo Ni\u00f1a 6 7 8 9 10 11 12 A\u00f1os,Kit Manualidades Para Ni\u00f1as A\u00f1os Diamond Painting Juguetes 5-11 A\u00f1os Regalos Cumplea\u00f1os Ni\u00f1os Pintura Con Diamantes Marcadores<\/p>\n","protected":false},"featured_media":11016,"comment_status":"open","ping_status":"closed","template":"","meta":[],"product_cat":[15],"product_tag":[],"class_list":{"0":"post-11017","1":"product","2":"type-product","3":"status-publish","4":"has-post-thumbnail","6":"product_cat-sin-categorizar","7":"nodate","8":"item-wrap","10":"first","11":"instock","12":"shipping-taxable","13":"product-type-external"},"_links":{"self":[{"href":"https:\/\/lofimusic.com.es\/index.php\/wp-json\/wp\/v2\/product\/11017","targetHints":{"allow":["GET"]}}],"collection":[{"href":"https:\/\/lofimusic.com.es\/index.php\/wp-json\/wp\/v2\/product"}],"about":[{"href":"https:\/\/lofimusic.com.es\/index.php\/wp-json\/wp\/v2\/types\/product"}],"replies":[{"embeddable":true,"href":"https:\/\/lofimusic.com.es\/index.php\/wp-json\/wp\/v2\/comments?post=11017"}],"wp:featuredmedia":[{"embeddable":true,"href":"https:\/\/lofimusic.com.es\/index.php\/wp-json\/wp\/v2\/media\/11016"}],"wp:attachment":[{"href":"https:\/\/lofimusic.com.es\/index.php\/wp-json\/wp\/v2\/media?parent=11017"}],"wp:term":[{"taxonomy":"product_cat","embeddable":true,"href":"https:\/\/lofimusic.com.es\/index.php\/wp-json\/wp\/v2\/product_cat?post=11017"},{"taxonomy":"product_tag","embeddable":true,"href":"https:\/\/lofimusic.com.es\/index.php\/wp-json\/wp\/v2\/product_tag?post=11017"}],"curies":[{"name":"wp","href":"https:\/\/api.w.org\/{rel}","templated":true}]}}