{"id":11015,"date":"2025-02-08T11:41:58","date_gmt":"2025-02-08T11:41:58","guid":{"rendered":"https:\/\/lofimusic.com.es\/index.php\/producto\/b0dqy29pml_es-2\/"},"modified":"2025-02-08T11:41:58","modified_gmt":"2025-02-08T11:41:58","slug":"b0dqy29pml_es-2","status":"publish","type":"product","link":"https:\/\/lofimusic.com.es\/index.php\/producto\/b0dqy29pml_es-2\/","title":{"rendered":"B0DQY29PML_ES"},"content":{"rendered":"<p>&#8211; Tatuajes luminosos para ni\u00f1os: Un juego de tatuajes brillantes para ni\u00f1os contiene 10 tatuajes de f\u00fatbol, en total m\u00e1s de 100 elementos de f\u00fatbol. Los ni\u00f1os del f\u00fatbol del tatuaje brillan en la oscuridad, te traen mucha diversi\u00f3n para los ni\u00f1os<br \/>\n&#8211; M\u00e1s posibilidades: Las pegatinas de f\u00fatbol pueden dar rienda suelta a la imaginaci\u00f3n del ni\u00f1o y tambi\u00e9n decorar las necesidades diarias del ni\u00f1o<br \/>\n&#8211; Seguras y duraderas: Las pegatinas de tatuajes luminosas de f\u00fatbol no tienen olor, no son t\u00f3xicas e inofensivas y se pueden utilizar con confianza. Un tatuaje puede durar de 3 a 5 d\u00edas en circunstancias normales<br \/>\n&#8211; Regalo de cumplea\u00f1os para ni\u00f1os: Tatuaje de f\u00fatbol adecuado para fiestas de cumplea\u00f1os infantiles, decoraci\u00f3n de fiestas de f\u00fatbol, regalos para juegos de f\u00fatbol o relleno de bolsas escolares. Se puede fijar al brazo, pierna, espalda, hombro y cara<br \/>\n&#8211; F\u00e1cil de ajustar y quitar: Con este juego de tatuajes temporales, cada patr\u00f3n se puede pegar individualmente y f\u00e1cilmente con agua sobre la piel durante 35-50 segundos. Humedezca el algod\u00f3n con alcohol y limpie el patr\u00f3n durante 15-20 segundos para quitar el tatuaje<\/p>\n","protected":false},"excerpt":{"rendered":"<p>Publicidad iLamvie 10 Hojas Tatuajes Temporales Ni\u00f1os, Luminoso Tatuajes Temporales F\u00fatbol, Juegos,Fiestas, Detalles Regalos Cumplea\u00f1os Ni\u00f1os Fiesta Juguetes Regalo Ni\u00f1a Ni\u00f1o<\/p>\n","protected":false},"featured_media":11014,"comment_status":"open","ping_status":"closed","template":"","meta":[],"product_cat":[15],"product_tag":[],"class_list":{"0":"post-11015","1":"product","2":"type-product","3":"status-publish","4":"has-post-thumbnail","6":"product_cat-sin-categorizar","7":"nodate","8":"item-wrap","10":"first","11":"instock","12":"shipping-taxable","13":"product-type-external"},"_links":{"self":[{"href":"https:\/\/lofimusic.com.es\/index.php\/wp-json\/wp\/v2\/product\/11015","targetHints":{"allow":["GET"]}}],"collection":[{"href":"https:\/\/lofimusic.com.es\/index.php\/wp-json\/wp\/v2\/product"}],"about":[{"href":"https:\/\/lofimusic.com.es\/index.php\/wp-json\/wp\/v2\/types\/product"}],"replies":[{"embeddable":true,"href":"https:\/\/lofimusic.com.es\/index.php\/wp-json\/wp\/v2\/comments?post=11015"}],"wp:featuredmedia":[{"embeddable":true,"href":"https:\/\/lofimusic.com.es\/index.php\/wp-json\/wp\/v2\/media\/11014"}],"wp:attachment":[{"href":"https:\/\/lofimusic.com.es\/index.php\/wp-json\/wp\/v2\/media?parent=11015"}],"wp:term":[{"taxonomy":"product_cat","embeddable":true,"href":"https:\/\/lofimusic.com.es\/index.php\/wp-json\/wp\/v2\/product_cat?post=11015"},{"taxonomy":"product_tag","embeddable":true,"href":"https:\/\/lofimusic.com.es\/index.php\/wp-json\/wp\/v2\/product_tag?post=11015"}],"curies":[{"name":"wp","href":"https:\/\/api.w.org\/{rel}","templated":true}]}}