{"id":11011,"date":"2025-02-08T11:41:00","date_gmt":"2025-02-08T11:41:00","guid":{"rendered":"https:\/\/lofimusic.com.es\/index.php\/producto\/b0dfmk5qpn_es\/"},"modified":"2025-02-08T11:41:00","modified_gmt":"2025-02-08T11:41:00","slug":"b0dfmk5qpn_es","status":"publish","type":"product","link":"https:\/\/lofimusic.com.es\/index.php\/producto\/b0dfmk5qpn_es\/","title":{"rendered":"B0DFMK5QPN_ES"},"content":{"rendered":"<p>&#8211; El paquete incluye: recibir\u00e1s un cintur\u00f3n fino vintage negro, que mide 105 cm de largo, adecuado para la mayor\u00eda de las personas.<br \/>\n&#8211; Excelente material: hecho de cuero PU de alta calidad y hebilla de aleaci\u00f3n s\u00f3lida, duradero y resistente al desgaste; perforado profesionalmente, plano y liso, no es f\u00e1cil de deformar, c\u00f3modo al tacto, excelente calidad.<br \/>\n&#8211; Color cl\u00e1sico: negro cl\u00e1sico, elegante y moderno, estilo vers\u00e1til, se puede combinar f\u00e1cilmente con diferentes estilos de ropa.<br \/>\n&#8211; Cintura ajustable: ajuste f\u00e1cilmente la longitud para adaptarse a su cintura para un ajuste perfecto y un estilo moderno y coordinado.<br \/>\n&#8211; Accesorio vers\u00e1til: perfecto para el uso diario, para ir al trabajo, a menudo combinado con vestidos, jeans, camisas, etc.<\/p>\n","protected":false},"excerpt":{"rendered":"<p>Publicidad KMKANPO cinturon mujer,cinturones de mujer,cintur\u00f3n mujer,Cinturon Mujer Estrecho Piel,Cintur\u00f3n Fino de Cuero Faux para Mujer,Moda Cintur\u00f3n con Hebilla de Metal Ajustable Cintur\u00f3n(Negro)<\/p>\n","protected":false},"featured_media":11010,"comment_status":"open","ping_status":"closed","template":"","meta":[],"product_cat":[15],"product_tag":[],"class_list":{"0":"post-11011","1":"product","2":"type-product","3":"status-publish","4":"has-post-thumbnail","6":"product_cat-sin-categorizar","7":"nodate","8":"item-wrap","10":"first","11":"instock","12":"shipping-taxable","13":"product-type-external"},"_links":{"self":[{"href":"https:\/\/lofimusic.com.es\/index.php\/wp-json\/wp\/v2\/product\/11011","targetHints":{"allow":["GET"]}}],"collection":[{"href":"https:\/\/lofimusic.com.es\/index.php\/wp-json\/wp\/v2\/product"}],"about":[{"href":"https:\/\/lofimusic.com.es\/index.php\/wp-json\/wp\/v2\/types\/product"}],"replies":[{"embeddable":true,"href":"https:\/\/lofimusic.com.es\/index.php\/wp-json\/wp\/v2\/comments?post=11011"}],"wp:featuredmedia":[{"embeddable":true,"href":"https:\/\/lofimusic.com.es\/index.php\/wp-json\/wp\/v2\/media\/11010"}],"wp:attachment":[{"href":"https:\/\/lofimusic.com.es\/index.php\/wp-json\/wp\/v2\/media?parent=11011"}],"wp:term":[{"taxonomy":"product_cat","embeddable":true,"href":"https:\/\/lofimusic.com.es\/index.php\/wp-json\/wp\/v2\/product_cat?post=11011"},{"taxonomy":"product_tag","embeddable":true,"href":"https:\/\/lofimusic.com.es\/index.php\/wp-json\/wp\/v2\/product_tag?post=11011"}],"curies":[{"name":"wp","href":"https:\/\/api.w.org\/{rel}","templated":true}]}}