{"id":11007,"date":"2025-02-08T11:40:08","date_gmt":"2025-02-08T11:40:08","guid":{"rendered":"https:\/\/lofimusic.com.es\/index.php\/producto\/b0ddkxc36h_es-2\/"},"modified":"2025-02-08T11:40:08","modified_gmt":"2025-02-08T11:40:08","slug":"b0ddkxc36h_es-2","status":"publish","type":"product","link":"https:\/\/lofimusic.com.es\/index.php\/producto\/b0ddkxc36h_es-2\/","title":{"rendered":"B0DDKXC36H_ES"},"content":{"rendered":"<p>&#8211; Innovador juego de tapones anales vibradores con control remoto juguetes sexuales: este juego de tapones anales no solo contiene tapones anales de silicona, sino tambi\u00e9n un tap\u00f3n anal vibrador con control remoto inal\u00e1mbrico. El tama\u00f1o grande tiene 10 modos de vibraci\u00f3n potentes para un masaje espec\u00edfico de pr\u00f3stata y punto G con solo un toque.<br \/>\n&#8211; Estiramiento sin dolor para un orgasmo m\u00e1ximo: con tres tama\u00f1os para elegir, este juego est\u00e1 dise\u00f1ado para un estiramiento gradual e indoloro del ano en preparaci\u00f3n para el juego anal. Los di\u00e1metros var\u00edan de 31 a 34 mm y las longitudes de 66 a 90 mm, lo que lo convierte en un entrenador anal ideal para usuarios de todos los niveles.<br \/>\n&#8211; Juego de tapones anales de silicona de alta calidad: hechos de silicona de alta calidad y agradable para la piel, estos juguetes anales ofrecen una superficie suave y lisa para una m\u00e1xima comodidad durante el juego anal. El vibrador anal es resistente al agua, por lo que es f\u00e1cil de limpiar y mantener.<br \/>\n&#8211; F\u00e1cil inserci\u00f3n para un uso c\u00f3modo y continuo: la forma ultra c\u00f3nica de los juguetes anales permite una inserci\u00f3n particularmente f\u00e1cil e indolora. Cada tap\u00f3n anal est\u00e1 dise\u00f1ado ergon\u00f3micamente para brindar comodidad durante un uso prolongado y se desliza suavemente cuando se usa con lubricante, lo que garantiza una inserci\u00f3n suave y estable.<br \/>\n&#8211; Pr\u00e1ctico compa\u00f1ero de viaje y regalo ideal: estos elegantes tapones anales son perfectos para relajarse y aumentar la estimulaci\u00f3n. Adecuado tanto para hombres como para mujeres o para jugar en solitario, el conjunto ofrece diferentes experiencias con o sin vibraci\u00f3n. Es un regalo ideal para momentos \u00edntimos con tu pareja y el producto se env\u00eda en un paquete discreto. juguetes sexuales.<\/p>\n","protected":false},"excerpt":{"rendered":"<p>Publicidad Plug Anal Juego de 3, Dildo Anal Plug Dilatador Plug Anales,con Vibraci\u00f3n para Mujer Hombre 10 Modos Juguetes Sexuales, Silicona Butt Plug Consolador Anal Juguetes Er\u00f3ticos para Pareja Sexuales<\/p>\n","protected":false},"featured_media":11006,"comment_status":"open","ping_status":"closed","template":"","meta":[],"product_cat":[15],"product_tag":[],"class_list":{"0":"post-11007","1":"product","2":"type-product","3":"status-publish","4":"has-post-thumbnail","6":"product_cat-sin-categorizar","7":"nodate","8":"item-wrap","10":"first","11":"instock","12":"shipping-taxable","13":"product-type-external"},"_links":{"self":[{"href":"https:\/\/lofimusic.com.es\/index.php\/wp-json\/wp\/v2\/product\/11007","targetHints":{"allow":["GET"]}}],"collection":[{"href":"https:\/\/lofimusic.com.es\/index.php\/wp-json\/wp\/v2\/product"}],"about":[{"href":"https:\/\/lofimusic.com.es\/index.php\/wp-json\/wp\/v2\/types\/product"}],"replies":[{"embeddable":true,"href":"https:\/\/lofimusic.com.es\/index.php\/wp-json\/wp\/v2\/comments?post=11007"}],"wp:featuredmedia":[{"embeddable":true,"href":"https:\/\/lofimusic.com.es\/index.php\/wp-json\/wp\/v2\/media\/11006"}],"wp:attachment":[{"href":"https:\/\/lofimusic.com.es\/index.php\/wp-json\/wp\/v2\/media?parent=11007"}],"wp:term":[{"taxonomy":"product_cat","embeddable":true,"href":"https:\/\/lofimusic.com.es\/index.php\/wp-json\/wp\/v2\/product_cat?post=11007"},{"taxonomy":"product_tag","embeddable":true,"href":"https:\/\/lofimusic.com.es\/index.php\/wp-json\/wp\/v2\/product_tag?post=11007"}],"curies":[{"name":"wp","href":"https:\/\/api.w.org\/{rel}","templated":true}]}}