{"id":11003,"date":"2025-02-08T11:37:59","date_gmt":"2025-02-08T11:37:59","guid":{"rendered":"https:\/\/lofimusic.com.es\/index.php\/producto\/b0dr94pfdy_es-2\/"},"modified":"2025-02-08T11:37:59","modified_gmt":"2025-02-08T11:37:59","slug":"b0dr94pfdy_es-2","status":"publish","type":"product","link":"https:\/\/lofimusic.com.es\/index.php\/producto\/b0dr94pfdy_es-2\/","title":{"rendered":"B0DR94PFDY_ES"},"content":{"rendered":"<p>&#8211; \ud83c\udf19[Mejora tu salud]: Dormir con la boca cerrada promueve la respiraci\u00f3n nasal natural, filtrando el aire y reduciendo la entrada de al\u00e9rgenos y pat\u00f3genos que afectan tu bienestar.<br \/>\n&#8211; \ud83d\udee1\ufe0f[Reduce el riesgo de enfermedades inmunol\u00f3gicas]: Estudios indican que el 90% de las enfermedades, incluidas las inmunol\u00f3gicas, est\u00e1n relacionadas con la respiraci\u00f3n por la boca. Estas tiras te ayudan a proteger tu salud.<br \/>\n&#8211; \ud83d\ude34[Combate los ronquidos de forma natural]: Dise\u00f1adas para mantener tus labios sellados c\u00f3modamente, las tiras Blaro&#8217;s Original reducen los ronquidos, mejorando tu calidad de sue\u00f1o y la de tus seres queridos.<br \/>\n&#8211; \ud83c\udd95[Recomendado para principiantes]: Si eres nuevo en el uso de tiras bucales, te sugerimos cortar una peque\u00f1a rajita en el centro de la tira durante los primeros d\u00edas para adaptarte de manera c\u00f3moda y segura.<br \/>\n&#8211; \ud83c\udf2c\ufe0f[Dise\u00f1o c\u00f3modo y material de alta calidad]: Fabricadas con un adhesivo hipoalerg\u00e9nico y transpirable, estas tiras garantizan una experiencia segura y sin molestias durante toda la noche.<br \/>\n&#8211; \ud83e\udd1d[Garant\u00eda de satisfacci\u00f3n con Blaro&#8217;s Original]: Comprometidos con tu bienestar, ofrecemos atenci\u00f3n al cliente personalizada y soluciones r\u00e1pidas para garantizar tu completa satisfacci\u00f3n con el producto.<\/p>\n","protected":false},"excerpt":{"rendered":"<p>Publicidad Cinta Bucal Blaro&#8217;s Original &#8211; Adhesivo Hipoalerg\u00e9nico para todo tipo de Pieles &#8211; Reduce Ronquidos y Mejora la Calidad del Sue\u00f1o &#8211; Reduce hasta en un 90% las Enfermedades Inmunologicas &#8211; 50 Piezas<\/p>\n","protected":false},"featured_media":11002,"comment_status":"open","ping_status":"closed","template":"","meta":[],"product_cat":[15],"product_tag":[],"class_list":{"0":"post-11003","1":"product","2":"type-product","3":"status-publish","4":"has-post-thumbnail","6":"product_cat-sin-categorizar","7":"nodate","8":"item-wrap","10":"first","11":"instock","12":"shipping-taxable","13":"product-type-external"},"_links":{"self":[{"href":"https:\/\/lofimusic.com.es\/index.php\/wp-json\/wp\/v2\/product\/11003","targetHints":{"allow":["GET"]}}],"collection":[{"href":"https:\/\/lofimusic.com.es\/index.php\/wp-json\/wp\/v2\/product"}],"about":[{"href":"https:\/\/lofimusic.com.es\/index.php\/wp-json\/wp\/v2\/types\/product"}],"replies":[{"embeddable":true,"href":"https:\/\/lofimusic.com.es\/index.php\/wp-json\/wp\/v2\/comments?post=11003"}],"wp:featuredmedia":[{"embeddable":true,"href":"https:\/\/lofimusic.com.es\/index.php\/wp-json\/wp\/v2\/media\/11002"}],"wp:attachment":[{"href":"https:\/\/lofimusic.com.es\/index.php\/wp-json\/wp\/v2\/media?parent=11003"}],"wp:term":[{"taxonomy":"product_cat","embeddable":true,"href":"https:\/\/lofimusic.com.es\/index.php\/wp-json\/wp\/v2\/product_cat?post=11003"},{"taxonomy":"product_tag","embeddable":true,"href":"https:\/\/lofimusic.com.es\/index.php\/wp-json\/wp\/v2\/product_tag?post=11003"}],"curies":[{"name":"wp","href":"https:\/\/api.w.org\/{rel}","templated":true}]}}