{"id":10999,"date":"2025-02-08T11:36:49","date_gmt":"2025-02-08T11:36:49","guid":{"rendered":"https:\/\/lofimusic.com.es\/index.php\/producto\/b0dczj1qll_es-2\/"},"modified":"2025-02-08T11:36:49","modified_gmt":"2025-02-08T11:36:49","slug":"b0dczj1qll_es-2","status":"publish","type":"product","link":"https:\/\/lofimusic.com.es\/index.php\/producto\/b0dczj1qll_es-2\/","title":{"rendered":"B0DCZJ1QLL_ES"},"content":{"rendered":"<p>&#8211; Multifuncionale Innovadores Juguetes Sexuales:Nuestro vibrador mujer presenta un dise\u00f1o ergon\u00f3mico con curvatura flexible para una estimulaci\u00f3n precisa del punto G.Silicona de alta calidad,suave y respetuosa con la piel,segura e inocua y f\u00e1cil de limpiar.Como juguetes er\u00f3ticos para mujer sexuales, vibradores mujere APP les permiten divertirse en todos los sentidos.Como juguetes sensuales pareja,el vibradorador cl\u00edtoris hacer tu vida sexual m\u00e1s divertida,un placer m\u00e1s duradero una mejor<br \/>\n&#8211; Smart APP Control Vibradores Mujer:El vibrador control remoto app se puede conectar a la APP a trav\u00e9s de Bluetooth,apto para iOS y Android.En Vibradorador Peque\u00f1o APP offre 7 modos de entretenimiento:modo cl\u00e1sico,modo v\u00eddeo,modo m\u00fasica,modo juego, modo desplazamiento,modo sacudida y modo interactivo. La distancia ya no es un problema con este vibrador APP.\u00c9ste vibrador a distancia permite que usted y su pareja disfruten de una vida sexual diferente y divertida en cualquier momento y lugar<br \/>\n&#8211; 9 Modos de Vibraci\u00f3n &amp; 2 Modos de Control: 9 Modos de Vibraci\u00f3n, que ofrece una sinfon\u00eda de sensaciones para satisfacer sus deseos,elevar su experiencia, desde suaves golpecitos hasta potentes pulsaciones,este huevo vibrador tiene el ritmo perfecto para cada ocasi\u00f3n. 2 Modos de Control, app y bot\u00f3n,si crees que la descarga de la aplicaci\u00f3n es molesta, puedes utilizar el bot\u00f3n solo. Pulsando el bot\u00f3n,usted y su pareja tambi\u00e9n pueden disfrutar del m\u00e1ximo placer en interiores o exteriores<br \/>\n&#8211; Juguete Sexualmujer con Mundo &amp; Comunidad Funzione: Lleve su placer a nuevas cotas con nuestra innovadora aplicaci\u00f3n de control. Ideal para relaciones a larga distancia, la aplicaci\u00f3n permite la interacci\u00f3n a distancia, por lo que es imprescindible para parejas separadas por kil\u00f3metros. Sum\u00e9rgete en el innovador m\u00f3dulo \u00abMundo\u00bb y \u00abComunidad\u00bb para una b\u00fasqueda global de compa\u00f1eros de juego o participa en interacciones comunitarias, compartiendo y descubriendo momentos emocionantes juntos<br \/>\n&#8211; Carga Magn\u00e9tica USB &amp; IPX7 Impermeable:El vibrador anal se carga mediante un USB magn\u00e9tico. En estimulador de cl\u00edtoris femenino carga por succi\u00f3n magn\u00e9tica,c\u00f3modo y r\u00e1pido. Recarga:1.5H, Uso:1H. (Nota: No utilizar durante la carga). Huevo vibraci\u00f3n con mando con IPX7 Impermeable: Puede utilizar esta vibraci\u00f3n en agua, pero no recomendamos dejarla en agua durante mucho tiempo. Adem\u00e1s, este vibrador femenino es ligero y port\u00e1til, para que puedas divertirte en cualquier momento y lugar<br \/>\n&#8211; Juguetes Er\u00f3ticos para Pareja Sexuales con Embalaje Discreto y Servicio Posventa: El paquete incluye:1*Pelota Kegel; 1*Cable de Carga USB; 1*Bolsa Proofdust;1*Manual de Usuario. Respetamos y protegemos la privacidad de cada cliente, por lo que nuestros juguetes sexuales se suministran en embalajes privados. Si tienes preguntas o dudas sobre nuestros juguetes sexuales,nuestro equipo de atenci\u00f3n al cliente estar\u00e1 encantado de atenderle en 24 horas<\/p>\n","protected":false},"excerpt":{"rendered":"<p>Publicidad Vibrador Control Remoto APP Vibradorador Mujer Clitoris Petente Juguetes Er\u00f3ticos 9 Modos Huevo Vibraci\u00f3n con Mando a Distancia Vibradores Peque\u00f1o Punto G Consoladores.. para Mujer con Vibraci\u00f3n(Red)<\/p>\n","protected":false},"featured_media":10998,"comment_status":"open","ping_status":"closed","template":"","meta":[],"product_cat":[15],"product_tag":[],"class_list":{"0":"post-10999","1":"product","2":"type-product","3":"status-publish","4":"has-post-thumbnail","6":"product_cat-sin-categorizar","7":"nodate","8":"item-wrap","10":"first","11":"instock","12":"shipping-taxable","13":"product-type-external"},"_links":{"self":[{"href":"https:\/\/lofimusic.com.es\/index.php\/wp-json\/wp\/v2\/product\/10999","targetHints":{"allow":["GET"]}}],"collection":[{"href":"https:\/\/lofimusic.com.es\/index.php\/wp-json\/wp\/v2\/product"}],"about":[{"href":"https:\/\/lofimusic.com.es\/index.php\/wp-json\/wp\/v2\/types\/product"}],"replies":[{"embeddable":true,"href":"https:\/\/lofimusic.com.es\/index.php\/wp-json\/wp\/v2\/comments?post=10999"}],"wp:featuredmedia":[{"embeddable":true,"href":"https:\/\/lofimusic.com.es\/index.php\/wp-json\/wp\/v2\/media\/10998"}],"wp:attachment":[{"href":"https:\/\/lofimusic.com.es\/index.php\/wp-json\/wp\/v2\/media?parent=10999"}],"wp:term":[{"taxonomy":"product_cat","embeddable":true,"href":"https:\/\/lofimusic.com.es\/index.php\/wp-json\/wp\/v2\/product_cat?post=10999"},{"taxonomy":"product_tag","embeddable":true,"href":"https:\/\/lofimusic.com.es\/index.php\/wp-json\/wp\/v2\/product_tag?post=10999"}],"curies":[{"name":"wp","href":"https:\/\/api.w.org\/{rel}","templated":true}]}}