{"id":10997,"date":"2025-02-08T09:27:19","date_gmt":"2025-02-08T09:27:19","guid":{"rendered":"https:\/\/lofimusic.com.es\/index.php\/producto\/b0dmntn6cf_es\/"},"modified":"2025-02-08T09:27:19","modified_gmt":"2025-02-08T09:27:19","slug":"b0dmntn6cf_es","status":"publish","type":"product","link":"https:\/\/lofimusic.com.es\/index.php\/producto\/b0dmntn6cf_es\/","title":{"rendered":"B0DMNTN6CF_ES"},"content":{"rendered":"<p>&#8211; Limpieza dental profunda\uff1aEl irrigador dental profesional utiliza tecnolog\u00eda de pulso de l\u00ednea de agua de alta frecuencia y ultrafina de 0,6 mm para eliminar eficazmente el 99,99% de los residuos de alimentos y el sarro entre los dientes y en las profundidades de las enc\u00edas.Este irrigador bucal utilizando tecnolog\u00eda avanzada de estabilizaci\u00f3n de presi\u00f3n, la presi\u00f3n del agua var\u00eda de 20 a 115 PSI. La presi\u00f3n del agua es estable y potente, lo que puede limpiar profundamente los dientes, reducir la placa y mejorar la salud de las enc\u00edas<br \/>\n&#8211; 5 boquillas multiusos &amp; 4 modos de limpieza\uff1aEste waterflosser est\u00e1 equipado con 5 boquillas de repuesto, y las boquillas pueden girar 360\u00b0 para lograr la limpieza bucal en cualquier escena y en cualquier \u00e1ngulo. El irrigador bucal portatil dispone de 4 modos de memoria de limpieza: suave, normal, fuerte y pulsado para , cubrir las diferentes necesidades de limpieza suave y delicada y limpieza profunda y potente. Se recomienda utilizar el modo \u00absuave\u00bb si lo utiliza por primera vez o si tiene dientes sensibles<br \/>\n&#8211; Modo de memoria &amp; Uso programado\uff1aEste irrigador port\u00e1til tiene un chip temporizador incorporado de 2 minutos, que apagar\u00e1 la m\u00e1quina regularmente despu\u00e9s de 2 minutos de uso para garantizar que los dientes se limpien eficazmente sin da\u00f1arse. La funci\u00f3n de memoria inteligente de quita sarro dental recuerda autom\u00e1ticamente el \u00faltimo modo utilizado, evitando as\u00ed la necesidad de reajustar la configuraci\u00f3n cada vez. Este dispositivo cubre todas las necesidades diarias de limpieza dental de forma c\u00f3moda, segura y eficaz sin afectar la salud dental<br \/>\n&#8211; Dise\u00f1o ergon\u00f3mico &amp; Esencial para viajar a casa\uff1aEl cuerpo de este irrigador bucal est\u00e1 dise\u00f1ado con una curva \u00fanica que se adapta perfectamente a su mano, proporcion\u00e1ndole una comodidad de agarre sin igual, la superficie del cuerpo est\u00e1 hecha de proceso de chapado avanzado, tacto suave y delicado, con excelente resistencia a la abrasi\u00f3n y resistencia a la corrosi\u00f3n. El hilo dental inal\u00e1mbrico tiene una bater\u00eda de iones de litio de alta capacidad incorporada y un cable USB-C, que se puede utilizar continuamente durante m\u00e1s de 60 veces con una sola carga, y el nivel de ruido es inferior a 58dB, adecuado para uso dom\u00e9stico y de viaje<br \/>\n&#8211; 300 ML tanque de agua desmontable &amp; IPX7 Impermeable\uff1aEste limpiador de dientes de agua est\u00e1 equipado con un tanque de agua de 300 ML, que proporciona 90 segundos de flujo de agua ininterrumpido y no requiere recargas frecuentes. El tanque de agua abierto y el dise\u00f1o extra\u00edble facilitan la limpieza y el llenado. Tanto el interior como el exterior del enjuague dental adoptan un dise\u00f1o impermeable IPX7, que proporciona doble protecci\u00f3n y se puede utilizar con confianza en la ducha<br \/>\n&#8211; Paquete &amp; Servicio\uff1aEl ducha dental juego incluye 1 x irrigador bucal port\u00e1til, 5 x boquillas multifunci\u00f3n, 1 x cable de carga (adaptador no incluido), 1 x manual de usuario. Dedicado a cuidar su salud dental, FlossJet es el regalo perfecto para familiares, amigos y para usted mismo. Si tiene alguna pregunta o problema, no dude en contactarnos a trav\u00e9s del portal \u00abContactar con el vendedor\u00bb dentro de su pedido<\/p>\n","protected":false},"excerpt":{"rendered":"<p>Publicidad FlossJet Irrigador Dental Inal\u00e1mbrico Irrigador Bucal Portatil 300ML Water Flosser Limpiador Dientes Agua Presion con 5 Boquillas 4 Modos IPX7 Impermeable USB Recargable Para Casa y de Viaje(Blanco)<\/p>\n","protected":false},"featured_media":10996,"comment_status":"open","ping_status":"closed","template":"","meta":[],"product_cat":[15],"product_tag":[],"class_list":{"0":"post-10997","1":"product","2":"type-product","3":"status-publish","4":"has-post-thumbnail","6":"product_cat-sin-categorizar","7":"nodate","8":"item-wrap","10":"first","11":"instock","12":"shipping-taxable","13":"product-type-external"},"_links":{"self":[{"href":"https:\/\/lofimusic.com.es\/index.php\/wp-json\/wp\/v2\/product\/10997","targetHints":{"allow":["GET"]}}],"collection":[{"href":"https:\/\/lofimusic.com.es\/index.php\/wp-json\/wp\/v2\/product"}],"about":[{"href":"https:\/\/lofimusic.com.es\/index.php\/wp-json\/wp\/v2\/types\/product"}],"replies":[{"embeddable":true,"href":"https:\/\/lofimusic.com.es\/index.php\/wp-json\/wp\/v2\/comments?post=10997"}],"wp:featuredmedia":[{"embeddable":true,"href":"https:\/\/lofimusic.com.es\/index.php\/wp-json\/wp\/v2\/media\/10996"}],"wp:attachment":[{"href":"https:\/\/lofimusic.com.es\/index.php\/wp-json\/wp\/v2\/media?parent=10997"}],"wp:term":[{"taxonomy":"product_cat","embeddable":true,"href":"https:\/\/lofimusic.com.es\/index.php\/wp-json\/wp\/v2\/product_cat?post=10997"},{"taxonomy":"product_tag","embeddable":true,"href":"https:\/\/lofimusic.com.es\/index.php\/wp-json\/wp\/v2\/product_tag?post=10997"}],"curies":[{"name":"wp","href":"https:\/\/api.w.org\/{rel}","templated":true}]}}