{"id":10989,"date":"2025-02-07T22:58:33","date_gmt":"2025-02-07T22:58:33","guid":{"rendered":"https:\/\/lofimusic.com.es\/index.php\/producto\/b0dknc6zgh_de-3\/"},"modified":"2025-02-07T22:58:33","modified_gmt":"2025-02-07T22:58:33","slug":"b0dknc6zgh_de-3","status":"publish","type":"product","link":"https:\/\/lofimusic.com.es\/index.php\/producto\/b0dknc6zgh_de-3\/","title":{"rendered":"B0DKNC6ZGH_DE"},"content":{"rendered":"<p>&#8211; \u2600 Gr\u00f6\u00dferer Detailbereich \u2013 Der Infrarot-PIR-Bewegungssensor kann einen Winkel von 50 Grad und eine Erfassungsreichweite von 8 Metern erreichen. Breiter Erfassungsbereich bis zu 230 m\u00b2. Entfernt Tierkot, Lebensmittelsch\u00e4den, L\u00e4rm und Fu\u00dfabdr\u00fccke in 1-2 Wochen.<br \/>\n&#8211; \u2600 Ultraschall Cat Driver &#8211; Der leistungsstarke Ultraschallreiniger f\u00fcr F\u00fcchse kombiniert einen leistungsstarken Blitz, um unerw\u00fcnschte Wildtiere (Hunde, Katzen, F\u00fcchse, V\u00f6gel, Eichh\u00f6rnchen, Nagetiere und einige Insekten) auf menschliche Weise zu vertreiben und Ihren Garten vor St\u00f6rungen zu sch\u00fctzen.<br \/>\n&#8211; \u2600 Hotspot Tipp: Wenn Sie den Insektenschutzsensor Ihrer Katze einschalten, wenn Sie sie erhalten, reagiert er nicht. Bitte laden Sie es in der Sonne f\u00fcr ca. 2 Stunden und es wird funktionieren. Wenn es irgendein Problem mit dem Produkt gibt, z\u00f6gern Sie nicht, uns zu kontaktieren, unser Kundendienstteam wird Ihnen innerhalb von 24 Stunden antworten.<br \/>\n&#8211; \u2600 5 Modi &#8211; Der Cat Driver Ultraschall verf\u00fcgt \u00fcber Tasten zum Einstellen der Frequenz und Empfindlichkeit und kann 5 Modi f\u00fcr verschiedene Tiere ausw\u00e4hlen, um die Reichweite genau zu identifizieren und sie nach au\u00dfen zu richten, ohne das Tier zu sch\u00e4digen.<br \/>\n&#8211; \u2600 Hotspot Tipp: Wenn Sie den Insektenschutzsensor Ihrer Katze einschalten, wenn Sie sie erhalten, reagiert er nicht. Bitte laden Sie es in der Sonne f\u00fcr ca. 2 Stunden und es wird funktionieren. Wenn es irgendein Problem mit dem Produkt gibt, z\u00f6gern Sie nicht, uns zu kontaktieren, unser Kundendienstteam wird Ihnen innerhalb von 24 Stunden antworten.<\/p>\n","protected":false},"excerpt":{"rendered":"<p>WerbungNeu Katzenschreck,Solar Ultraschall-Abschreckung,Stoppen von Tieren,Katzen,Ratten,Hunde, V\u00f6gel, F\u00fcchse und andere, Outdoor Repeller f\u00fcr Tiere mit blinkenden LEDs,Katzenabwehr,Vogelabwehr<\/p>\n","protected":false},"featured_media":10988,"comment_status":"open","ping_status":"closed","template":"","meta":[],"product_cat":[15],"product_tag":[],"class_list":{"0":"post-10989","1":"product","2":"type-product","3":"status-publish","4":"has-post-thumbnail","6":"product_cat-sin-categorizar","7":"nodate","8":"item-wrap","10":"first","11":"instock","12":"shipping-taxable","13":"product-type-external"},"_links":{"self":[{"href":"https:\/\/lofimusic.com.es\/index.php\/wp-json\/wp\/v2\/product\/10989","targetHints":{"allow":["GET"]}}],"collection":[{"href":"https:\/\/lofimusic.com.es\/index.php\/wp-json\/wp\/v2\/product"}],"about":[{"href":"https:\/\/lofimusic.com.es\/index.php\/wp-json\/wp\/v2\/types\/product"}],"replies":[{"embeddable":true,"href":"https:\/\/lofimusic.com.es\/index.php\/wp-json\/wp\/v2\/comments?post=10989"}],"wp:featuredmedia":[{"embeddable":true,"href":"https:\/\/lofimusic.com.es\/index.php\/wp-json\/wp\/v2\/media\/10988"}],"wp:attachment":[{"href":"https:\/\/lofimusic.com.es\/index.php\/wp-json\/wp\/v2\/media?parent=10989"}],"wp:term":[{"taxonomy":"product_cat","embeddable":true,"href":"https:\/\/lofimusic.com.es\/index.php\/wp-json\/wp\/v2\/product_cat?post=10989"},{"taxonomy":"product_tag","embeddable":true,"href":"https:\/\/lofimusic.com.es\/index.php\/wp-json\/wp\/v2\/product_tag?post=10989"}],"curies":[{"name":"wp","href":"https:\/\/api.w.org\/{rel}","templated":true}]}}