{"id":10987,"date":"2025-02-07T22:58:22","date_gmt":"2025-02-07T22:58:22","guid":{"rendered":"https:\/\/lofimusic.com.es\/index.php\/producto\/b0c9929vjz_de-2\/"},"modified":"2025-02-07T22:58:22","modified_gmt":"2025-02-07T22:58:22","slug":"b0c9929vjz_de-2","status":"publish","type":"product","link":"https:\/\/lofimusic.com.es\/index.php\/producto\/b0c9929vjz_de-2\/","title":{"rendered":"B0C9929VJZ_DE"},"content":{"rendered":"<p>&#8211; \u3010EMS Trainingsger\u00e4t\u3011 Wird f\u00fcr Bauchmuskel\u00fcbungen verwendet . EMS (Elektrische Muskelstimulation) nutzt elektrische Stimulation, um elektrische Signale direkt an die Muskeln zu \u00fcbertragen, sodass die Muskeln in einen trainierten Zustand versetzt werden.<br \/>\n&#8211; \u3010LED-Anzeige &amp; USB-Aufladung\u3011Der verbesserte neue EMS Bauchmuskeltrainer hat \u00fcber einen LED-Bildschirm. Der Modus und die Intensit\u00e4t werden auf dem LED-Bildschirm angezeigt, sodass die Verwendung einfach ist. Der im EMS Trainingsger\u00e4t eingebaute Li-Ionen-Akku sorgt f\u00fcr ein sicheres und schnelleres Aufladen. Schlie\u00dfen Sie einfach das Android-Datenkabel an, jederzeit aufzuladen. Keine Trockenbatterien mehr. Bequemer zu bedienen.<br \/>\n&#8211; \u3010Leistungsstark und tragbar\u3011Die aufeinanderfolgende Verwendung dieses Produkts f\u00fcr 8-10 Wochen wirkt offensichtlich. 2-4 mal pro Tag, 20 Minuten jedes Mal. Wie 60 Minuten Sit-ups, eine halbe Stunde Schwimmen und zwei Wochen Di\u00e4t. Dieser Muskelstimulator kann helfen, Ihre Muskeln zu erhitzen, zusammenzuziehen und zu st\u00e4rken. So erhalten Sie eine bessere Form nach ca. 2 Monaten.<br \/>\n&#8211; \u3010Gest\u00e4rkter Bauchtrainer\u30118 Modi bieten verschiedene Impulsfrequenzen und Impulsmodi f\u00fcr verschiedene K\u00f6rperteile. Jedes Programm hat 18 Intensit\u00e4tsstufen, um jedem Bedarf an Muskelaufbau gerecht zu werden.Sie k\u00f6nnen ganz einfach einen Modus und eine Intensit\u00e4t ausw\u00e4hlen, indem Sie einfach die Tasten am Hauptger\u00e4t dr\u00fccken.<br \/>\n&#8211; \u3010Ausgezeichneter Service\u3011Queath stets danach, seinen Kunden qualitativ hochwertige Produkte und Dienstleistungen anzubieten. Wenn Sie Fragen haben, k\u00f6nnen Sie sich gerne an uns wenden. wir werden Ihnen eine zufriedenstellende Antwort und eine befriedigende L\u00f6sung geben. Es ist erw\u00e4hnenswert, dass Wir bieten einen 24-Stunden-Service und einen Produkgarantie von 12 Monaten an.<\/p>\n","protected":false},"excerpt":{"rendered":"<p>WerbungQueath Bauchtrainer, EMS Trainingsger\u00e4t, EMS Bauchmuskeltrainer Elektrische Muskelstimulation,EMS Bauchtrainer Ganzk\u00f6rper ABS\/Bauch\/Arm\/Bein\/Po Trainer<\/p>\n","protected":false},"featured_media":10986,"comment_status":"open","ping_status":"closed","template":"","meta":[],"product_cat":[15],"product_tag":[],"class_list":{"0":"post-10987","1":"product","2":"type-product","3":"status-publish","4":"has-post-thumbnail","6":"product_cat-sin-categorizar","7":"nodate","8":"item-wrap","10":"first","11":"instock","12":"shipping-taxable","13":"product-type-external"},"_links":{"self":[{"href":"https:\/\/lofimusic.com.es\/index.php\/wp-json\/wp\/v2\/product\/10987","targetHints":{"allow":["GET"]}}],"collection":[{"href":"https:\/\/lofimusic.com.es\/index.php\/wp-json\/wp\/v2\/product"}],"about":[{"href":"https:\/\/lofimusic.com.es\/index.php\/wp-json\/wp\/v2\/types\/product"}],"replies":[{"embeddable":true,"href":"https:\/\/lofimusic.com.es\/index.php\/wp-json\/wp\/v2\/comments?post=10987"}],"wp:featuredmedia":[{"embeddable":true,"href":"https:\/\/lofimusic.com.es\/index.php\/wp-json\/wp\/v2\/media\/10986"}],"wp:attachment":[{"href":"https:\/\/lofimusic.com.es\/index.php\/wp-json\/wp\/v2\/media?parent=10987"}],"wp:term":[{"taxonomy":"product_cat","embeddable":true,"href":"https:\/\/lofimusic.com.es\/index.php\/wp-json\/wp\/v2\/product_cat?post=10987"},{"taxonomy":"product_tag","embeddable":true,"href":"https:\/\/lofimusic.com.es\/index.php\/wp-json\/wp\/v2\/product_tag?post=10987"}],"curies":[{"name":"wp","href":"https:\/\/api.w.org\/{rel}","templated":true}]}}