{"id":10985,"date":"2025-02-07T22:56:58","date_gmt":"2025-02-07T22:56:58","guid":{"rendered":"https:\/\/lofimusic.com.es\/index.php\/producto\/b0drnwx83d_es\/"},"modified":"2025-02-07T22:56:58","modified_gmt":"2025-02-07T22:56:58","slug":"b0drnwx83d_es","status":"publish","type":"product","link":"https:\/\/lofimusic.com.es\/index.php\/producto\/b0drnwx83d_es\/","title":{"rendered":"B0DRNWX83D_ES"},"content":{"rendered":"<p>&#8211; \u3010 Unidad de ultrasonido\u3011: el ultrasonido es seguro e inofensivo para el cuerpo humano. Al mismo tiempo, es libre de qu\u00edmicos y peligroso. Solo ahuyentar\u00e1 a los animales en lugar de da\u00f1arlos. El dise\u00f1o humanizado no da\u00f1ar\u00e1 a tu gato, perro u otras mascotas.<br \/>\n&#8211; \u3010Dise\u00f1o solar e impermeable y garant\u00eda de calidad\u3011: Repelente Ultras\u00f3nico Para Animales para jardin est\u00e1 equipado con un panel solar, que se puede cargar con energ\u00eda solar o energ\u00eda USB (incluido el cable de carga USB) ) bajo el sol. El dise\u00f1o a prueba de agua le permite continuar operando en todas las condiciones clim\u00e1ticas. Si tiene alguna pregunta sobre la calidad de nuestros productos, no dude en contactarnos.<br \/>\n&#8211; \u3010 Ajuste de niveles m\u00faltiples\u3011: la sensibilidad y la frecuencia ultras\u00f3nica se pueden ajustar de acuerdo con la distancia del animal que desea conducir. La operaci\u00f3n es simple, simplemente gire el bot\u00f3n en el sentido de las agujas del reloj para satisfacer sus diversas necesidades de conducci\u00f3n.<br \/>\n&#8211; \u3010 Inducci\u00f3n inteligente\u3011: repele de manera inteligente a los roedores, p\u00e1jaros u otros animales t\u00edmidos y sensibles a trav\u00e9s de la inducci\u00f3n infrarroja y la exclusiva alarma de voz ultras\u00f3nica puede ayudarlo a ahuyentar de manera efectiva a los animales cercanos hasta 355 IN.<br \/>\n&#8211; \u3010Dise\u00f1o port\u00e1til, cubierta \u00e1rea grande\u3011: Repelente solar para animales es f\u00e1cil de instalar y se puede instalar en cualquier lugar de una casa, jard\u00edn, patio o camping al aire libre. Los repelentes solares tienen niveles de emisi\u00f3n de ruido muy altos, con una cobertura de ruido de hasta 5,000 pies cuadrados. El sensor infrarrojo tiene un \u00e1ngulo izquierdo-derecho de 120 \u00b0 y un \u00e1ngulo de arriba hacia abajo de 120\u00b0.<\/p>\n","protected":false},"excerpt":{"rendered":"<p>Publicidad Repelente Gatos,USB,Repelene de Animales al Aire Libre como Gatos, Ratas, Perros, Aves, Zorros,Solar Ultras\u00f3nico Repelente para Gatos,Outdoor Repeller para Los Animales<\/p>\n","protected":false},"featured_media":10984,"comment_status":"open","ping_status":"closed","template":"","meta":[],"product_cat":[15],"product_tag":[],"class_list":{"0":"post-10985","1":"product","2":"type-product","3":"status-publish","4":"has-post-thumbnail","6":"product_cat-sin-categorizar","7":"nodate","8":"item-wrap","10":"first","11":"instock","12":"shipping-taxable","13":"product-type-external"},"_links":{"self":[{"href":"https:\/\/lofimusic.com.es\/index.php\/wp-json\/wp\/v2\/product\/10985","targetHints":{"allow":["GET"]}}],"collection":[{"href":"https:\/\/lofimusic.com.es\/index.php\/wp-json\/wp\/v2\/product"}],"about":[{"href":"https:\/\/lofimusic.com.es\/index.php\/wp-json\/wp\/v2\/types\/product"}],"replies":[{"embeddable":true,"href":"https:\/\/lofimusic.com.es\/index.php\/wp-json\/wp\/v2\/comments?post=10985"}],"wp:featuredmedia":[{"embeddable":true,"href":"https:\/\/lofimusic.com.es\/index.php\/wp-json\/wp\/v2\/media\/10984"}],"wp:attachment":[{"href":"https:\/\/lofimusic.com.es\/index.php\/wp-json\/wp\/v2\/media?parent=10985"}],"wp:term":[{"taxonomy":"product_cat","embeddable":true,"href":"https:\/\/lofimusic.com.es\/index.php\/wp-json\/wp\/v2\/product_cat?post=10985"},{"taxonomy":"product_tag","embeddable":true,"href":"https:\/\/lofimusic.com.es\/index.php\/wp-json\/wp\/v2\/product_tag?post=10985"}],"curies":[{"name":"wp","href":"https:\/\/api.w.org\/{rel}","templated":true}]}}