{"id":10979,"date":"2025-02-07T22:54:24","date_gmt":"2025-02-07T22:54:24","guid":{"rendered":"https:\/\/lofimusic.com.es\/index.php\/producto\/b0c9929vjz_fr-2\/"},"modified":"2025-02-07T22:54:24","modified_gmt":"2025-02-07T22:54:24","slug":"b0c9929vjz_fr-2","status":"publish","type":"product","link":"https:\/\/lofimusic.com.es\/index.php\/producto\/b0c9929vjz_fr-2\/","title":{"rendered":"B0C9929VJZ_FR"},"content":{"rendered":"<p>&#8211; \u3010Electrostimulateur Musculaire\u3011 Stimulateur musculaire \u200bavec \u00e9cran LCD, utilisez la technologie EMS pour stimuler et pulser vos muscles pour promouvoir la forme musculaire, br\u00fbler votre plat et rel\u00e2cher votre tension musculaire apr\u00e8s les exercices. Une utilisation avec une alimentation saine et une s\u00e9ance d&#8217;entra\u00eenement aura un meilleur effet. 20 minutes par jour, 2 mois plus tard, vous obtiendrez une meilleure forme.<br \/>\n&#8211; \u3010\u00c9cran LCD et 8 modes de simulation, 18 niveaux diff\u00e9rents et chargement USB\u3011Cette ceinture abdominale avec \u00e9cran LCD peut clairement montrer les 8 modes et 18 niveaux. Vous pouvez contr\u00f4ler le mode et le niveau par 3 boutons \u00e0 la machine. C\u00e2ble USB et batterie Li-ion int\u00e9gr\u00e9e inclus, et vous pouvez charger ce stimulateur musculaire avec votre ordinateur portable ou t\u00e9l\u00e9phone \u00e0 tout moment et n&#8217;importe o\u00f9.<br \/>\n&#8211; \u30103 en 1 USB Charging &amp; LCD Display\u3011El entrenador abdominal EMS tiene una pantalla LCD que muestra el modo y la intensidad de un vistazo. Para su salud, nuestro entrenador abdominal EMS se apagar\u00e1 autom\u00e1ticamente despu\u00e9s de 20 minutos a intervalos regulares de acuerdo con las necesidades del cuerpo. Cuando no hay contacto con la piel, se apagar\u00e1 autom\u00e1ticamente en 30 segundos. ems es desmontable y 3 en 1 USB se puede cargar al mismo tiempo.<br \/>\n&#8211; \u3010Large application\u3011 notre stimulateur EMS est adapt\u00e9 \u00e0 diverses parties du corps, y compris les abdominaux, les bras, les jambes, et plus encore, r\u00e9pondant \u00e0 diff\u00e9rentes exigences d&#8217;entra\u00eenement. Que vous soyez un d\u00e9butant ou un athl\u00e8te exp\u00e9riment\u00e9, c&#8217;est votre partenaire de fitness id\u00e9al.<br \/>\n&#8211; \u3010Excellent service apr\u00e8s-vente\u3011Si vous avez des questions, veuillez nous contacter imm\u00e9diatement, nous avons une \u00e9quipe ind\u00e9pendante de service apr\u00e8s-vente et nous vous r\u00e9pondrons dans les 24 heures. Si vous n&#8217;\u00eates pas satisfait du produit ou si le produit a des d\u00e9fauts, nous soutiendrons l&#8217;\u00e9change et le remboursement. Vous pouvez l&#8217;utiliser en toute confiance !<\/p>\n","protected":false},"excerpt":{"rendered":"<p>publicit\u00e9Queath Electrostimulateur Musculaire, Ceinture Abdominale Electrostimulation, 8 Modes et 18 Intensit\u00e9s,Rechargeable par USB, Ceinture Musculation Electrostimulation pour Abdos\/Bras\/Jambes\/Fesses<\/p>\n","protected":false},"featured_media":10978,"comment_status":"open","ping_status":"closed","template":"","meta":[],"product_cat":[15],"product_tag":[],"class_list":{"0":"post-10979","1":"product","2":"type-product","3":"status-publish","4":"has-post-thumbnail","6":"product_cat-sin-categorizar","7":"nodate","8":"item-wrap","10":"first","11":"instock","12":"shipping-taxable","13":"product-type-external"},"_links":{"self":[{"href":"https:\/\/lofimusic.com.es\/index.php\/wp-json\/wp\/v2\/product\/10979","targetHints":{"allow":["GET"]}}],"collection":[{"href":"https:\/\/lofimusic.com.es\/index.php\/wp-json\/wp\/v2\/product"}],"about":[{"href":"https:\/\/lofimusic.com.es\/index.php\/wp-json\/wp\/v2\/types\/product"}],"replies":[{"embeddable":true,"href":"https:\/\/lofimusic.com.es\/index.php\/wp-json\/wp\/v2\/comments?post=10979"}],"wp:featuredmedia":[{"embeddable":true,"href":"https:\/\/lofimusic.com.es\/index.php\/wp-json\/wp\/v2\/media\/10978"}],"wp:attachment":[{"href":"https:\/\/lofimusic.com.es\/index.php\/wp-json\/wp\/v2\/media?parent=10979"}],"wp:term":[{"taxonomy":"product_cat","embeddable":true,"href":"https:\/\/lofimusic.com.es\/index.php\/wp-json\/wp\/v2\/product_cat?post=10979"},{"taxonomy":"product_tag","embeddable":true,"href":"https:\/\/lofimusic.com.es\/index.php\/wp-json\/wp\/v2\/product_tag?post=10979"}],"curies":[{"name":"wp","href":"https:\/\/api.w.org\/{rel}","templated":true}]}}