{"id":10977,"date":"2025-02-07T22:49:43","date_gmt":"2025-02-07T22:49:43","guid":{"rendered":"https:\/\/lofimusic.com.es\/index.php\/producto\/b0dfh4mv3h_es-3\/"},"modified":"2025-02-07T22:49:43","modified_gmt":"2025-02-07T22:49:43","slug":"b0dfh4mv3h_es-3","status":"publish","type":"product","link":"https:\/\/lofimusic.com.es\/index.php\/producto\/b0dfh4mv3h_es-3\/","title":{"rendered":"B0DFH4MV3H_ES"},"content":{"rendered":"<p>&#8211; [Pr\u00e1cticos y port\u00e1tiles]-Cada juego contiene un total de 6 pares de almohadillas de silicona azul y 1 caja de pl\u00e1stico independiente, perfecta para guardar en bolsos, mochilas o incluso bolsillos. Est\u00e9s donde est\u00e9s, mant\u00e9n tu audici\u00f3n en silencio.<br \/>\n&#8211; [Perfecta adaptabilidad]-Est\u00e1 fabricado en silicona de alta calidad que se amolda perfectamente a tus necesidades y adem\u00e1s tiene una larga durabilidad en el tiempo.<br \/>\n&#8211; [Comodidad inigualable]-Dise\u00f1ados para un ajuste perfecto, estos aud\u00edfonos para dormir son suaves y moldeables para sus o\u00eddos, brindando una sensaci\u00f3n de segunda piel.<br \/>\n&#8211; [Rendimiento silencioso]-Rompe la barrera del ruido con nuestros tapones para los o\u00eddos con cancelaci\u00f3n de ruido. Perfecto para concentrarse en las tareas diarias, estudiar o simplemente disfrutar de un momento de tranquilidad en cualquier lugar.<br \/>\n&#8211; [Versatilidad]-no s\u00f3lo es ideal para dormir, sino tambi\u00e9n para nadar. Estos tapones para los o\u00eddos de silicona son c\u00f3modos de usar y evitan que entre agua en los o\u00eddos.<\/p>\n","protected":false},"excerpt":{"rendered":"<p>Publicidad YPYMOD 6 Pares Tapones Oidos Ruido Dormir de Silicona, Para Dormir, Nadar, Estudiar, Antironquidos(Azul)<\/p>\n","protected":false},"featured_media":10976,"comment_status":"open","ping_status":"closed","template":"","meta":[],"product_cat":[15],"product_tag":[],"class_list":{"0":"post-10977","1":"product","2":"type-product","3":"status-publish","4":"has-post-thumbnail","6":"product_cat-sin-categorizar","7":"nodate","8":"item-wrap","10":"first","11":"instock","12":"shipping-taxable","13":"product-type-external"},"_links":{"self":[{"href":"https:\/\/lofimusic.com.es\/index.php\/wp-json\/wp\/v2\/product\/10977","targetHints":{"allow":["GET"]}}],"collection":[{"href":"https:\/\/lofimusic.com.es\/index.php\/wp-json\/wp\/v2\/product"}],"about":[{"href":"https:\/\/lofimusic.com.es\/index.php\/wp-json\/wp\/v2\/types\/product"}],"replies":[{"embeddable":true,"href":"https:\/\/lofimusic.com.es\/index.php\/wp-json\/wp\/v2\/comments?post=10977"}],"wp:featuredmedia":[{"embeddable":true,"href":"https:\/\/lofimusic.com.es\/index.php\/wp-json\/wp\/v2\/media\/10976"}],"wp:attachment":[{"href":"https:\/\/lofimusic.com.es\/index.php\/wp-json\/wp\/v2\/media?parent=10977"}],"wp:term":[{"taxonomy":"product_cat","embeddable":true,"href":"https:\/\/lofimusic.com.es\/index.php\/wp-json\/wp\/v2\/product_cat?post=10977"},{"taxonomy":"product_tag","embeddable":true,"href":"https:\/\/lofimusic.com.es\/index.php\/wp-json\/wp\/v2\/product_tag?post=10977"}],"curies":[{"name":"wp","href":"https:\/\/api.w.org\/{rel}","templated":true}]}}