{"id":10975,"date":"2025-02-07T22:49:32","date_gmt":"2025-02-07T22:49:32","guid":{"rendered":"https:\/\/lofimusic.com.es\/index.php\/producto\/b0dcvn3bn8_es-3\/"},"modified":"2025-02-07T22:49:32","modified_gmt":"2025-02-07T22:49:32","slug":"b0dcvn3bn8_es-3","status":"publish","type":"product","link":"https:\/\/lofimusic.com.es\/index.php\/producto\/b0dcvn3bn8_es-3\/","title":{"rendered":"B0DCVN3BN8_ES"},"content":{"rendered":"<p>&#8211; [Kit de eliminaci\u00f3n de puntos negros]-este juego contiene 10 pinzas para eliminar puntos negros diferentes que pueden ayudarlo a eliminar f\u00e1cilmente puntos negros, puntos blancos, espinillas, diversas imperfecciones y brotes en la barbilla, las mejillas, la frente y la nariz. Puede ayudarle a mantener su rostro limpio y evitar problemas de la piel.<br \/>\n&#8211; [Material de alta calidad]-el removedor de puntos negros est\u00e1 hecho de acero inoxidable de alta calidad, que no se oxida, es anticorrosi\u00f3n, es seguro de limpiar, no causa problemas de sensibilidad, se puede usar durante mucho tiempo y minimiza el riesgo de infecci\u00f3n. Nuestro conjunto de herramientas para el acn\u00e9 es adecuado para todo tipo de piel.<br \/>\n&#8211; [Ligero y conveniente]-el kit de eliminaci\u00f3n de puntos negros es de tama\u00f1o peque\u00f1o, liviano y viene con una caja de almacenamiento independiente para garantizar la seguridad de las herramientas de eliminaci\u00f3n de puntos negros, evitar la contaminaci\u00f3n, f\u00e1cil acceso y de tama\u00f1o peque\u00f1o, no ocupa espacio. Adecuado para el hogar, la tienda diaria o el transporte al aire libre.<br \/>\n&#8211; [Mango antideslizante]-nuestra herramienta eliminadora de puntos negros est\u00e1 dise\u00f1ada con un mango antideslizante, que le ayuda a controlar mejor la presi\u00f3n durante el uso y garantiza que cada paso se complete con excelente control y precisi\u00f3n, cuidando mejor su piel.<br \/>\n&#8211; [Seguro y confiable]-si aprietas los puntos negros o el acn\u00e9 con los dedos, puedes causar contaminaci\u00f3n, inflamaci\u00f3n e incluso cicatrices en casos graves. Con este kit podr\u00e1s tratar los puntos negros o el acn\u00e9 de forma higi\u00e9nica, fiable, indolora y sin riesgo de infecci\u00f3n. Limpia r\u00e1pidamente sin da\u00f1ar la piel.<\/p>\n","protected":false},"excerpt":{"rendered":"<p>Publicidad YPYMOD 10 Piezas Puntos Negros Extractor, Herramientas Para Eliminar Puntos Negros Para Piel Facial y Nariz, Con Caja de Almacenamiento Negra<\/p>\n","protected":false},"featured_media":10974,"comment_status":"open","ping_status":"closed","template":"","meta":[],"product_cat":[15],"product_tag":[],"class_list":{"0":"post-10975","1":"product","2":"type-product","3":"status-publish","4":"has-post-thumbnail","6":"product_cat-sin-categorizar","7":"nodate","8":"item-wrap","10":"first","11":"instock","12":"shipping-taxable","13":"product-type-external"},"_links":{"self":[{"href":"https:\/\/lofimusic.com.es\/index.php\/wp-json\/wp\/v2\/product\/10975","targetHints":{"allow":["GET"]}}],"collection":[{"href":"https:\/\/lofimusic.com.es\/index.php\/wp-json\/wp\/v2\/product"}],"about":[{"href":"https:\/\/lofimusic.com.es\/index.php\/wp-json\/wp\/v2\/types\/product"}],"replies":[{"embeddable":true,"href":"https:\/\/lofimusic.com.es\/index.php\/wp-json\/wp\/v2\/comments?post=10975"}],"wp:featuredmedia":[{"embeddable":true,"href":"https:\/\/lofimusic.com.es\/index.php\/wp-json\/wp\/v2\/media\/10974"}],"wp:attachment":[{"href":"https:\/\/lofimusic.com.es\/index.php\/wp-json\/wp\/v2\/media?parent=10975"}],"wp:term":[{"taxonomy":"product_cat","embeddable":true,"href":"https:\/\/lofimusic.com.es\/index.php\/wp-json\/wp\/v2\/product_cat?post=10975"},{"taxonomy":"product_tag","embeddable":true,"href":"https:\/\/lofimusic.com.es\/index.php\/wp-json\/wp\/v2\/product_tag?post=10975"}],"curies":[{"name":"wp","href":"https:\/\/api.w.org\/{rel}","templated":true}]}}