{"id":10973,"date":"2025-02-07T22:49:19","date_gmt":"2025-02-07T22:49:19","guid":{"rendered":"https:\/\/lofimusic.com.es\/index.php\/producto\/b0dfh39lx2_es-2\/"},"modified":"2025-02-07T22:49:19","modified_gmt":"2025-02-07T22:49:19","slug":"b0dfh39lx2_es-2","status":"publish","type":"product","link":"https:\/\/lofimusic.com.es\/index.php\/producto\/b0dfh39lx2_es-2\/","title":{"rendered":"B0DFH39LX2_ES"},"content":{"rendered":"<p>&#8211; [Cantidad suficiente]-recibir\u00e1s 8 pares de ganchos para las orejas para gafas de silicona, 4 pares en negro y 4 pares en blanco, la cantidad es suficiente para satisfacer tus necesidades de reemplazo diarias, tambi\u00e9n puedes compartirla con tu familia y amigos.<br \/>\n&#8211; [Material de alta calidad]-el gancho para gafas est\u00e1 hecho de silicona de alta calidad y alta elasticidad, que es suave y c\u00f3moda, no se deforma f\u00e1cilmente, es resistente al fr\u00edo, a las altas temperaturas, no se amarillea, envejece ni se rompe f\u00e1cilmente, y tiene una larga vida \u00fatil.<br \/>\n&#8211; [Dise\u00f1o especial]-el soporte antideslizante de silicona para gafas tiene un dise\u00f1o ergon\u00f3mico y el \u00e1ngulo de flexi\u00f3n cient\u00edfico puede adaptarse a la curvatura de sus orejas. Estos ganchos para las orejas le brindar\u00e1n la m\u00e1xima comodidad al usar gafas.<br \/>\n&#8211; [Antideslizante eficaz]-nuestros ganchos de silicona para las orejas pueden sujetar sus gafas de forma segura, lo que le permite ser libre de hacer cualquier cosa y nunca volver a preocuparse por perder sus gafas o gafas de sol.<br \/>\n&#8211; [Amplia aplicaci\u00f3n]-nuestro gancho de silicona antideslizante universal se puede usar para el trabajo, el estudio, los deportes, la vida diaria, es f\u00e1cil de instalar, f\u00e1cil de quitar, f\u00e1cil de limpiar, la elecci\u00f3n perfecta para personas que usan anteojos.<\/p>\n","protected":false},"excerpt":{"rendered":"<p>Publicidad YPYMOD 8 Pares de Gafas Ganchos de Orejas, Patillas Gafas Silicona, Soporte Antideslizante para Gafas, Ganchos Universales de Silicona, Ideal para Gafas, Gafas de Sol, Gafas de Lectura, Goggles<\/p>\n","protected":false},"featured_media":10972,"comment_status":"open","ping_status":"closed","template":"","meta":[],"product_cat":[15],"product_tag":[],"class_list":{"0":"post-10973","1":"product","2":"type-product","3":"status-publish","4":"has-post-thumbnail","6":"product_cat-sin-categorizar","7":"nodate","8":"item-wrap","10":"first","11":"instock","12":"shipping-taxable","13":"product-type-external"},"_links":{"self":[{"href":"https:\/\/lofimusic.com.es\/index.php\/wp-json\/wp\/v2\/product\/10973","targetHints":{"allow":["GET"]}}],"collection":[{"href":"https:\/\/lofimusic.com.es\/index.php\/wp-json\/wp\/v2\/product"}],"about":[{"href":"https:\/\/lofimusic.com.es\/index.php\/wp-json\/wp\/v2\/types\/product"}],"replies":[{"embeddable":true,"href":"https:\/\/lofimusic.com.es\/index.php\/wp-json\/wp\/v2\/comments?post=10973"}],"wp:featuredmedia":[{"embeddable":true,"href":"https:\/\/lofimusic.com.es\/index.php\/wp-json\/wp\/v2\/media\/10972"}],"wp:attachment":[{"href":"https:\/\/lofimusic.com.es\/index.php\/wp-json\/wp\/v2\/media?parent=10973"}],"wp:term":[{"taxonomy":"product_cat","embeddable":true,"href":"https:\/\/lofimusic.com.es\/index.php\/wp-json\/wp\/v2\/product_cat?post=10973"},{"taxonomy":"product_tag","embeddable":true,"href":"https:\/\/lofimusic.com.es\/index.php\/wp-json\/wp\/v2\/product_tag?post=10973"}],"curies":[{"name":"wp","href":"https:\/\/api.w.org\/{rel}","templated":true}]}}