{"id":10971,"date":"2025-02-07T22:49:09","date_gmt":"2025-02-07T22:49:09","guid":{"rendered":"https:\/\/lofimusic.com.es\/index.php\/producto\/b0dd6zmfmb_es\/"},"modified":"2025-02-07T22:49:09","modified_gmt":"2025-02-07T22:49:09","slug":"b0dd6zmfmb_es","status":"publish","type":"product","link":"https:\/\/lofimusic.com.es\/index.php\/producto\/b0dd6zmfmb_es\/","title":{"rendered":"B0DD6ZMFMB_ES"},"content":{"rendered":"<p>&#8211; [Contenido del producto]-recibir\u00e1s 10 pares\/caja de pesta\u00f1as postizas de ojo de gato, la longitud de las cejas es de aproximadamente 12 mm-18 mm, pegatina transparente, f\u00e1cil de usar. (Longitud del paquete exterior 18,5 cm * ancho 9,8 cm * alto 2 cm)<br \/>\n&#8211; [Mejora el volumen del borde exterior]-las medias pesta\u00f1as est\u00e1n dise\u00f1adas para agregar volumen y longitud adicionales al borde exterior del ojo, creando un efecto de rizo 3D y enfatizando la forma del ojo.<br \/>\n&#8211; [Banda transparente y f\u00e1cil aplicaci\u00f3n]-Con la flexibilidad de la banda transparente, estas medias pesta\u00f1as son m\u00e1s f\u00e1ciles de aplicar y siguen la curva del ojo perfectamente, lo que las convierte en una excelente opci\u00f3n para principiantes.<br \/>\n&#8211; [Ligero y c\u00f3modo]-Olv\u00eddate de que llevas pesta\u00f1as postizas. Nuestras medias pesta\u00f1as est\u00e1n hechas de fibras sint\u00e9ticas de la m\u00e1s alta calidad, lo que garantiza una sensaci\u00f3n de ligereza para comodidad durante todo el d\u00eda.<br \/>\n&#8211; [Apariencia natural]-Las medias pesta\u00f1as combinan perfectamente con tus pesta\u00f1as naturales; son m\u00e1s peque\u00f1as y livianas que las pesta\u00f1as tradicionales, lo que las hace perfectas para el uso diario o para quienes buscan una belleza discreta.<\/p>\n","protected":false},"excerpt":{"rendered":"<p>Publicidad YPYMOD 10 Pares Pesta\u00f1as Postizas, Pesta\u00f1as de Ojo de Gato Banda Tranparentes Suave y Reutilizable Half Lashes, Pesta\u00f1as Postizas Naturales Medias Pesta\u00f1as Wispy<\/p>\n","protected":false},"featured_media":10970,"comment_status":"open","ping_status":"closed","template":"","meta":[],"product_cat":[15],"product_tag":[],"class_list":{"0":"post-10971","1":"product","2":"type-product","3":"status-publish","4":"has-post-thumbnail","6":"product_cat-sin-categorizar","7":"nodate","8":"item-wrap","10":"first","11":"instock","12":"shipping-taxable","13":"product-type-external"},"_links":{"self":[{"href":"https:\/\/lofimusic.com.es\/index.php\/wp-json\/wp\/v2\/product\/10971","targetHints":{"allow":["GET"]}}],"collection":[{"href":"https:\/\/lofimusic.com.es\/index.php\/wp-json\/wp\/v2\/product"}],"about":[{"href":"https:\/\/lofimusic.com.es\/index.php\/wp-json\/wp\/v2\/types\/product"}],"replies":[{"embeddable":true,"href":"https:\/\/lofimusic.com.es\/index.php\/wp-json\/wp\/v2\/comments?post=10971"}],"wp:featuredmedia":[{"embeddable":true,"href":"https:\/\/lofimusic.com.es\/index.php\/wp-json\/wp\/v2\/media\/10970"}],"wp:attachment":[{"href":"https:\/\/lofimusic.com.es\/index.php\/wp-json\/wp\/v2\/media?parent=10971"}],"wp:term":[{"taxonomy":"product_cat","embeddable":true,"href":"https:\/\/lofimusic.com.es\/index.php\/wp-json\/wp\/v2\/product_cat?post=10971"},{"taxonomy":"product_tag","embeddable":true,"href":"https:\/\/lofimusic.com.es\/index.php\/wp-json\/wp\/v2\/product_tag?post=10971"}],"curies":[{"name":"wp","href":"https:\/\/api.w.org\/{rel}","templated":true}]}}