{"id":10967,"date":"2025-02-07T22:48:50","date_gmt":"2025-02-07T22:48:50","guid":{"rendered":"https:\/\/lofimusic.com.es\/index.php\/producto\/b0dmsnwryr_es-2\/"},"modified":"2025-02-07T22:48:50","modified_gmt":"2025-02-07T22:48:50","slug":"b0dmsnwryr_es-2","status":"publish","type":"product","link":"https:\/\/lofimusic.com.es\/index.php\/producto\/b0dmsnwryr_es-2\/","title":{"rendered":"B0DMSNWRYR_ES"},"content":{"rendered":"<p>&#8211; [Material de alta calidad]-El machacador de patatas est\u00e1 hecho de acero inoxidable de alta calidad, que tiene fuertes propiedades antioxidantes y anticorrosi\u00f3n, es muy resistente y duradero, seguro y saludable.<br \/>\n&#8211; [Mango antideslizante]-El machacador de verduras adopta un mango antideslizante de dise\u00f1o ergon\u00f3mico, que es c\u00f3modo al tacto y alivia eficazmente el dolor de manos al exprimir patatas, y puede triturar patatas r\u00e1pida y f\u00e1cilmente.<br \/>\n&#8211; [Ahorra espacio]-El machacador de patatas tiene un agujero en la parte superior del mango y se puede colgar para un almacenamiento c\u00f3modo. La amplia zona de presi\u00f3n inferior tambi\u00e9n se pliega, lo que reduce el desorden en los cajones de la cocina.<br \/>\n&#8211; [F\u00e1cil de limpiar]-El machacador de patatas de acero inoxidable tiene una superficie lisa y plana. Despu\u00e9s de su uso, se puede lavar con agua del grifo o agua tibia. Tambi\u00e9n puedes meterlo en el lavavajillas para ahorrar tiempo de limpieza.<br \/>\n&#8211; [Amplia aplicaci\u00f3n]-el triturador de utensilios de cocina es perfecto para triturar patatas, batatas, queso, zanahorias y m\u00e1s. Tambi\u00e9n es ideal para preparar papillas y zumos naturales como la limonada.<\/p>\n","protected":false},"excerpt":{"rendered":"<p>Publicidad iCovalescent Machacador de Patatas de Acero Inoxidable, M\u00e1quina Trituradora de Patatas Manual, con Mango Antideslizante, Pasapur\u00e9s Triturador de Patatas para Hacer Pur\u00e9 de Verduras, Frutas<\/p>\n","protected":false},"featured_media":10966,"comment_status":"open","ping_status":"closed","template":"","meta":[],"product_cat":[15],"product_tag":[],"class_list":{"0":"post-10967","1":"product","2":"type-product","3":"status-publish","4":"has-post-thumbnail","6":"product_cat-sin-categorizar","7":"nodate","8":"item-wrap","10":"first","11":"instock","12":"shipping-taxable","13":"product-type-external"},"_links":{"self":[{"href":"https:\/\/lofimusic.com.es\/index.php\/wp-json\/wp\/v2\/product\/10967","targetHints":{"allow":["GET"]}}],"collection":[{"href":"https:\/\/lofimusic.com.es\/index.php\/wp-json\/wp\/v2\/product"}],"about":[{"href":"https:\/\/lofimusic.com.es\/index.php\/wp-json\/wp\/v2\/types\/product"}],"replies":[{"embeddable":true,"href":"https:\/\/lofimusic.com.es\/index.php\/wp-json\/wp\/v2\/comments?post=10967"}],"wp:featuredmedia":[{"embeddable":true,"href":"https:\/\/lofimusic.com.es\/index.php\/wp-json\/wp\/v2\/media\/10966"}],"wp:attachment":[{"href":"https:\/\/lofimusic.com.es\/index.php\/wp-json\/wp\/v2\/media?parent=10967"}],"wp:term":[{"taxonomy":"product_cat","embeddable":true,"href":"https:\/\/lofimusic.com.es\/index.php\/wp-json\/wp\/v2\/product_cat?post=10967"},{"taxonomy":"product_tag","embeddable":true,"href":"https:\/\/lofimusic.com.es\/index.php\/wp-json\/wp\/v2\/product_tag?post=10967"}],"curies":[{"name":"wp","href":"https:\/\/api.w.org\/{rel}","templated":true}]}}