{"id":10965,"date":"2025-02-07T22:48:30","date_gmt":"2025-02-07T22:48:30","guid":{"rendered":"https:\/\/lofimusic.com.es\/index.php\/producto\/b0djqyf595_es-3\/"},"modified":"2025-02-07T22:48:30","modified_gmt":"2025-02-07T22:48:30","slug":"b0djqyf595_es-3","status":"publish","type":"product","link":"https:\/\/lofimusic.com.es\/index.php\/producto\/b0djqyf595_es-3\/","title":{"rendered":"B0DJQYF595_ES"},"content":{"rendered":"<p>&#8211; [Juego de pesta\u00f1as magn\u00e9ticas]-este juego de pesta\u00f1as magn\u00e9ticas incluye 2 pares de pesta\u00f1as magn\u00e9ticas, 2 por par, y un aplicador de pesta\u00f1as magn\u00e9tico. Con ellos, puedes lucir hermosas pesta\u00f1as en cualquier momento y en cualquier lugar, haci\u00e9ndote brillante en cualquier momento y en cualquier lugar.<br \/>\n&#8211; [Pesta\u00f1as magn\u00e9ticas naturales y esponjosas]-las pesta\u00f1as magn\u00e9ticas naturalmente finas y esponjosas hacen que tus pesta\u00f1as postizas parezcan pesta\u00f1as extendidas, d\u00e1ndote m\u00e1s opciones que las pesta\u00f1as normales y m\u00e1s c\u00f3modas de usar. Las pesta\u00f1as magn\u00e9ticas resistentes al agua y al sudor se fijan de forma segura a tus pesta\u00f1as naturales.<br \/>\n&#8211; [Pesta\u00f1as magn\u00e9ticas reutilizables]-Nuestras pesta\u00f1as magn\u00e9ticas adoptan alta tecnolog\u00eda magn\u00e9tica, son reutilizables y respetuosas con el medio ambiente. Su fuerte conexi\u00f3n magn\u00e9tica le permite utilizarlos una y otra vez, lo que los hace seguros y sostenibles. Las pesta\u00f1as son f\u00e1ciles de usar en casa o cuando se viaja y se pueden guardar en el pr\u00e1ctico estuche magn\u00e9tico impermeable cuando no se usan.<br \/>\n&#8211; [No se requiere pegamento ni delineador de ojos]-\u00a1No necesitas pegamento ni delineador de ojos para aplicar pesta\u00f1as postizas! Las pesta\u00f1as magn\u00e9ticas son seguras y no irritan los ojos. Adem\u00e1s, las pesta\u00f1as magn\u00e9ticas son f\u00e1ciles de quitar, simplemente pellizque el peque\u00f1o im\u00e1n al final del ojo y l\u00edmpielo suavemente. \u00a1No se requiere r\u00edmel! \u00a1No se requiere pegamento!<br \/>\n&#8211; [F\u00e1cil y c\u00f3modo de usar]-estas pesta\u00f1as magn\u00e9ticas dividen las pesta\u00f1as en dos partes, cada parte tiene 2 clips de tira magn\u00e9tica en ambos lados, lo que le permite fijar las pesta\u00f1as postizas en las pesta\u00f1as muy f\u00e1cilmente. Despu\u00e9s de un uso experto, puedes ponerte r\u00e1pidamente pesta\u00f1as postizas en unos segundos, ahorrando efectivamente tiempo de maquillaje.<\/p>\n","protected":false},"excerpt":{"rendered":"<p>Publicidad iCovalescent 2 Pares Pesta\u00f1as Postizas Magneticas, Pesta\u00f1as Magn\u00e9ticas Reutilizables 3D Effect Magnetic Eyelashes con Applicator, No Requiere Delineador de Ojos ni Pegamento<\/p>\n","protected":false},"featured_media":10964,"comment_status":"open","ping_status":"closed","template":"","meta":[],"product_cat":[15],"product_tag":[],"class_list":{"0":"post-10965","1":"product","2":"type-product","3":"status-publish","4":"has-post-thumbnail","6":"product_cat-sin-categorizar","7":"nodate","8":"item-wrap","10":"first","11":"instock","12":"shipping-taxable","13":"product-type-external"},"_links":{"self":[{"href":"https:\/\/lofimusic.com.es\/index.php\/wp-json\/wp\/v2\/product\/10965","targetHints":{"allow":["GET"]}}],"collection":[{"href":"https:\/\/lofimusic.com.es\/index.php\/wp-json\/wp\/v2\/product"}],"about":[{"href":"https:\/\/lofimusic.com.es\/index.php\/wp-json\/wp\/v2\/types\/product"}],"replies":[{"embeddable":true,"href":"https:\/\/lofimusic.com.es\/index.php\/wp-json\/wp\/v2\/comments?post=10965"}],"wp:featuredmedia":[{"embeddable":true,"href":"https:\/\/lofimusic.com.es\/index.php\/wp-json\/wp\/v2\/media\/10964"}],"wp:attachment":[{"href":"https:\/\/lofimusic.com.es\/index.php\/wp-json\/wp\/v2\/media?parent=10965"}],"wp:term":[{"taxonomy":"product_cat","embeddable":true,"href":"https:\/\/lofimusic.com.es\/index.php\/wp-json\/wp\/v2\/product_cat?post=10965"},{"taxonomy":"product_tag","embeddable":true,"href":"https:\/\/lofimusic.com.es\/index.php\/wp-json\/wp\/v2\/product_tag?post=10965"}],"curies":[{"name":"wp","href":"https:\/\/api.w.org\/{rel}","templated":true}]}}