{"id":10963,"date":"2025-02-07T22:48:20","date_gmt":"2025-02-07T22:48:20","guid":{"rendered":"https:\/\/lofimusic.com.es\/index.php\/producto\/b0dnfj1wx4_es\/"},"modified":"2025-02-07T22:48:20","modified_gmt":"2025-02-07T22:48:20","slug":"b0dnfj1wx4_es","status":"publish","type":"product","link":"https:\/\/lofimusic.com.es\/index.php\/producto\/b0dnfj1wx4_es\/","title":{"rendered":"B0DNFJ1WX4_ES"},"content":{"rendered":"<p>&#8211; [Cepillo de dientes para perros de 360\u00b0]-nuestro cepillo de dientes puede ayudar a su perro a cepillarse los dientes de manera m\u00e1s flexible, y el dise\u00f1o de 360\u00b0 es m\u00e1s f\u00e1cil de usar y le brinda un control m\u00e1s c\u00f3modo. Ser\u00e1 m\u00e1s suave y f\u00e1cil limpiar los dientes posteriores. Esto se aplica al cuidado dental de los gatos.<br \/>\n&#8211; [Material seguro]-el material es silicona, que es segura para los dientes, suave, flexible, no t\u00f3xica, sin BPA y puede limpiar la boca en todos los aspectos. Proteja la salud de su mascota cuando utilice un cepillo de dientes para perros y aseg\u00farese de que su mascota tenga una mejor experiencia de cepillado.<br \/>\n&#8211; [F\u00e1cil de usar]-Las cerdas de silicona suave, que no se desprenden y completamente levantadas ayudan a su perro a evitar la placa y las dentaduras postizas. Simplemente coloque el cepillo de dientes en su dedo y aplique pasta de dientes para limpiar f\u00e1cilmente los dientes de su perro.<br \/>\n&#8211; [Tama\u00f1o]-unos 5 cm de largo y 2,3 cm de ancho. A\u00f1ade unas gotas de agua en su interior para que se adhiera m\u00e1s firmemente a tus deditos y evite que se caiga.<br \/>\n&#8211; [El paquete incluye]-recibir\u00e1 10 cepillos de dientes para perros, 5 colores, 2 piezas de cada color, blanco, azul, rosa, naranja y azul oscuro. M\u00e1s cantidades y colores pueden satisfacer en mayor medida las necesidades y la distinci\u00f3n de m\u00faltiples mascotas en su hogar.<\/p>\n","protected":false},"excerpt":{"rendered":"<p>Publicidad iCovalescent 10Pcs Cepillo Dientes Perro, para Limpieza de Dientes de Mascotas de 360\u00ba, Kit de Cepillo de Dientes de Limpieza de Dientes de Silicona para Perros, Gatos<\/p>\n","protected":false},"featured_media":10962,"comment_status":"open","ping_status":"closed","template":"","meta":[],"product_cat":[15],"product_tag":[],"class_list":{"0":"post-10963","1":"product","2":"type-product","3":"status-publish","4":"has-post-thumbnail","6":"product_cat-sin-categorizar","7":"nodate","8":"item-wrap","10":"first","11":"instock","12":"shipping-taxable","13":"product-type-external"},"_links":{"self":[{"href":"https:\/\/lofimusic.com.es\/index.php\/wp-json\/wp\/v2\/product\/10963","targetHints":{"allow":["GET"]}}],"collection":[{"href":"https:\/\/lofimusic.com.es\/index.php\/wp-json\/wp\/v2\/product"}],"about":[{"href":"https:\/\/lofimusic.com.es\/index.php\/wp-json\/wp\/v2\/types\/product"}],"replies":[{"embeddable":true,"href":"https:\/\/lofimusic.com.es\/index.php\/wp-json\/wp\/v2\/comments?post=10963"}],"wp:featuredmedia":[{"embeddable":true,"href":"https:\/\/lofimusic.com.es\/index.php\/wp-json\/wp\/v2\/media\/10962"}],"wp:attachment":[{"href":"https:\/\/lofimusic.com.es\/index.php\/wp-json\/wp\/v2\/media?parent=10963"}],"wp:term":[{"taxonomy":"product_cat","embeddable":true,"href":"https:\/\/lofimusic.com.es\/index.php\/wp-json\/wp\/v2\/product_cat?post=10963"},{"taxonomy":"product_tag","embeddable":true,"href":"https:\/\/lofimusic.com.es\/index.php\/wp-json\/wp\/v2\/product_tag?post=10963"}],"curies":[{"name":"wp","href":"https:\/\/api.w.org\/{rel}","templated":true}]}}