{"id":10961,"date":"2025-02-07T22:48:09","date_gmt":"2025-02-07T22:48:09","guid":{"rendered":"https:\/\/lofimusic.com.es\/index.php\/producto\/b0dnfkxwl7_es-2\/"},"modified":"2025-02-07T22:48:09","modified_gmt":"2025-02-07T22:48:09","slug":"b0dnfkxwl7_es-2","status":"publish","type":"product","link":"https:\/\/lofimusic.com.es\/index.php\/producto\/b0dnfkxwl7_es-2\/","title":{"rendered":"B0DNFKXWL7_ES"},"content":{"rendered":"<p>&#8211; [Lista de productos] &#8211; Este juego contiene 200 mini esponjas suaves para u\u00f1as blancas y un clip de metal de alta calidad para mantener las esponjas seguras. Cada esponja para u\u00f1as mide 1 x 1 x 1 cm, lo que la hace ideal para dise\u00f1os de u\u00f1as detallados y precisos. El mango de metal mide 12 cm de largo y proporciona un agarre seguro para la esponja. Cuando presionas el mango, las garras se despliegan y agarran la esponja firmemente para mantener tus manos limpias y tus u\u00f1as sin manchas.<br \/>\n&#8211; [Material duradero]-la esponja est\u00e1 hecha de un material muy el\u00e1stico y suave, que es agradable para la piel y no se deforma f\u00e1cilmente. Son perfectos para dise\u00f1ar patrones degradados y degradados en las u\u00f1as. Los alicates met\u00e1licos est\u00e1n hechos de acero inoxidable y cuentan con mangos de aluminio antideslizantes para garantizar un f\u00e1cil manejo.<br \/>\n&#8211; [F\u00e1cil de almacenar]-los accesorios de dise\u00f1o de u\u00f1as son peque\u00f1os y compactos, f\u00e1ciles de transportar y almacenar. Puedes llevarlo f\u00e1cilmente contigo cuando viajas y cuidar tus u\u00f1as en cualquier momento y lugar. La herramienta presenta un dise\u00f1o elegante y minimalista que es f\u00e1cil de almacenar, para que sus herramientas de manicura est\u00e9n siempre a su alcance.<br \/>\n&#8211; [F\u00e1cil de usar]-el l\u00e1piz de u\u00f1as con esponja es f\u00e1cil de usar, lo que le permite crear f\u00e1cilmente el dise\u00f1o de u\u00f1as perfecto. Simplemente suelte el \u00e9mbolo y las garras de los alicates se extender\u00e1n para agarrar la esponja. Esto hace que esta herramienta sea adecuada tanto para profesionales como para principiantes.<br \/>\n&#8211; [Efecto profesional] &#8211; Nuestro juego de esponja para u\u00f1as y pinzas de metal le permite crear impresionantes dise\u00f1os de u\u00f1as que impresionar\u00e1n tanto en el sal\u00f3n profesional como en casa. Le permite crear una variedad de dise\u00f1os de u\u00f1as, desde degradados simples hasta patrones de degradado complejos.<\/p>\n","protected":false},"excerpt":{"rendered":"<p>Publicidad iCovalescent 200 Esponjas para Decoraci\u00f3n de U\u00f1as, Herramientas de Renderizado con Pinza, Cepillo de Esponja, para Dise\u00f1o Degradado de Arte de U\u00f1as(Blanco)<\/p>\n","protected":false},"featured_media":10960,"comment_status":"open","ping_status":"closed","template":"","meta":[],"product_cat":[15],"product_tag":[],"class_list":{"0":"post-10961","1":"product","2":"type-product","3":"status-publish","4":"has-post-thumbnail","6":"product_cat-sin-categorizar","7":"nodate","8":"item-wrap","10":"first","11":"instock","12":"shipping-taxable","13":"product-type-external"},"_links":{"self":[{"href":"https:\/\/lofimusic.com.es\/index.php\/wp-json\/wp\/v2\/product\/10961","targetHints":{"allow":["GET"]}}],"collection":[{"href":"https:\/\/lofimusic.com.es\/index.php\/wp-json\/wp\/v2\/product"}],"about":[{"href":"https:\/\/lofimusic.com.es\/index.php\/wp-json\/wp\/v2\/types\/product"}],"replies":[{"embeddable":true,"href":"https:\/\/lofimusic.com.es\/index.php\/wp-json\/wp\/v2\/comments?post=10961"}],"wp:featuredmedia":[{"embeddable":true,"href":"https:\/\/lofimusic.com.es\/index.php\/wp-json\/wp\/v2\/media\/10960"}],"wp:attachment":[{"href":"https:\/\/lofimusic.com.es\/index.php\/wp-json\/wp\/v2\/media?parent=10961"}],"wp:term":[{"taxonomy":"product_cat","embeddable":true,"href":"https:\/\/lofimusic.com.es\/index.php\/wp-json\/wp\/v2\/product_cat?post=10961"},{"taxonomy":"product_tag","embeddable":true,"href":"https:\/\/lofimusic.com.es\/index.php\/wp-json\/wp\/v2\/product_tag?post=10961"}],"curies":[{"name":"wp","href":"https:\/\/api.w.org\/{rel}","templated":true}]}}