{"id":10959,"date":"2025-02-07T22:41:46","date_gmt":"2025-02-07T22:41:46","guid":{"rendered":"https:\/\/lofimusic.com.es\/index.php\/producto\/b0dl5xvw5k_es-2\/"},"modified":"2025-02-07T22:41:46","modified_gmt":"2025-02-07T22:41:46","slug":"b0dl5xvw5k_es-2","status":"publish","type":"product","link":"https:\/\/lofimusic.com.es\/index.php\/producto\/b0dl5xvw5k_es-2\/","title":{"rendered":"B0DL5XVW5K_ES"},"content":{"rendered":"<p>&#8211; [Compacta y pr\u00e1ctica]-Esta pitillera independiente (2 piezas negras) mide 10 x 9,5 x 1,9 cm, es compacta y liviana. Se puede guardar f\u00e1cilmente en los bolsillos de camisas y pantalones. La superficie lisa tambi\u00e9n protege tu ropa de ara\u00f1azos.<br \/>\n&#8211; [Material de alta calidad]-esta caja de cigarrillos utiliza una carcasa de cuero PU de alta calidad con marco de metal, que es duradera, resistente al agua y a la presi\u00f3n, y no se oxida f\u00e1cilmente, lo que puede mantener sus cigarrillos intactos contra la humedad y las roturas.<br \/>\n&#8211; [Dise\u00f1o de apertura y cierre]-dise\u00f1o de hebilla magn\u00e9tica, muy conveniente para abrir y cerrar la caja de cigarrillos de metal y evitar que los cigarrillos se caigan. Simplemente presione un bot\u00f3n para encenderlo y usarlo. Sencilla y pr\u00e1ctica pitillera de cuero negro, adecuada tanto para hombres como para mujeres.<br \/>\n&#8211; [Protecci\u00f3n de seguridad]-Los cigarrillos no se caer\u00e1n gracias a las bandas el\u00e1sticas integradas en ambos lados del paquete. Simple y conveniente, con una estanqueidad adecuada y una expansi\u00f3n de 180 grados, tiene capacidad para 20 cigarrillos (10 en cada lado) para evitar la sobrecarga y satisfacer sus necesidades diarias.<br \/>\n&#8211; [Regalo perfecto]-Esta funda de cuero negro presenta un dise\u00f1o cl\u00e1sico vintage, lo que la convierte en un regalo elegante para un fumador o un amigo. Estilo de dise\u00f1o de superficie retro cl\u00e1sico, dise\u00f1o elegante, moderno y \u00fanico, regalo perfecto para fumadores o amigos.<\/p>\n","protected":false},"excerpt":{"rendered":"<p>Publicidad iCovalescent 2 Piezas Pitillera, Cigarette Case para 20 Cigarrillos, Pitillera de Piel de Metal para Mujer y Hombre, Adecuada para Pantalones, Camisa, Bolso(Negro)<\/p>\n","protected":false},"featured_media":10958,"comment_status":"open","ping_status":"closed","template":"","meta":[],"product_cat":[15],"product_tag":[],"class_list":{"0":"post-10959","1":"product","2":"type-product","3":"status-publish","4":"has-post-thumbnail","6":"product_cat-sin-categorizar","7":"nodate","8":"item-wrap","10":"first","11":"instock","12":"shipping-taxable","13":"product-type-external"},"_links":{"self":[{"href":"https:\/\/lofimusic.com.es\/index.php\/wp-json\/wp\/v2\/product\/10959","targetHints":{"allow":["GET"]}}],"collection":[{"href":"https:\/\/lofimusic.com.es\/index.php\/wp-json\/wp\/v2\/product"}],"about":[{"href":"https:\/\/lofimusic.com.es\/index.php\/wp-json\/wp\/v2\/types\/product"}],"replies":[{"embeddable":true,"href":"https:\/\/lofimusic.com.es\/index.php\/wp-json\/wp\/v2\/comments?post=10959"}],"wp:featuredmedia":[{"embeddable":true,"href":"https:\/\/lofimusic.com.es\/index.php\/wp-json\/wp\/v2\/media\/10958"}],"wp:attachment":[{"href":"https:\/\/lofimusic.com.es\/index.php\/wp-json\/wp\/v2\/media?parent=10959"}],"wp:term":[{"taxonomy":"product_cat","embeddable":true,"href":"https:\/\/lofimusic.com.es\/index.php\/wp-json\/wp\/v2\/product_cat?post=10959"},{"taxonomy":"product_tag","embeddable":true,"href":"https:\/\/lofimusic.com.es\/index.php\/wp-json\/wp\/v2\/product_tag?post=10959"}],"curies":[{"name":"wp","href":"https:\/\/api.w.org\/{rel}","templated":true}]}}