{"id":10957,"date":"2025-02-07T22:41:25","date_gmt":"2025-02-07T22:41:25","guid":{"rendered":"https:\/\/lofimusic.com.es\/index.php\/producto\/b0dl5zjb1r_es-2\/"},"modified":"2025-02-07T22:41:25","modified_gmt":"2025-02-07T22:41:25","slug":"b0dl5zjb1r_es-2","status":"publish","type":"product","link":"https:\/\/lofimusic.com.es\/index.php\/producto\/b0dl5zjb1r_es-2\/","title":{"rendered":"B0DL5ZJB1R_ES"},"content":{"rendered":"<p>&#8211; [El paquete contiene]-20 filtros de urinario, en forma de coraz\u00f3n, orificio redondo grande, tama\u00f1o 19 cm * 17,6 cm, 5 verdes, 5 azules, 5 blancos, 5 rojos, cantidad suficiente, colores brillantes, le debe gustar uno de los art\u00edculos del hogar.<br \/>\n&#8211; [A prueba de salpicaduras]-El filtro del urinario adopta un dise\u00f1o de orificio redondo grande, que puede prevenir eficazmente las salpicaduras y la contaminaci\u00f3n de la orina, y mantener limpia el \u00e1rea alrededor del urinario, lo que significa que no habr\u00e1 salpicaduras alrededor del urinario ni manchas.<br \/>\n&#8211; [Filtrado y antiobstrucci\u00f3n]-El filtro de urinario puede filtrar varios elementos para evitar que residuos como chicle, colillas de cigarrillos o vidrios rotos obstruyan la tuber\u00eda de drenaje, lo que le ahorra costosos costos de trabajo de plomer\u00eda.<br \/>\n&#8211; [Descontaminaci\u00f3n y desodorizaci\u00f3n]-El filtro del urinario limpia y descontamina, descompone la suciedad del tracto urinario, previene eficazmente la contaminaci\u00f3n, absorbe olores desagradables y emite un olor fresco.<br \/>\n&#8211; [Amplia aplicaci\u00f3n]-el filtro de urinario a prueba de salpicaduras es perfecto para ba\u00f1os en muchos centros comerciales, aeropuertos, estadios, estaciones de tren, restaurantes, hoteles, cafeter\u00edas, empresas y hoteles, hospitales o hogares. El ambiente del sistema de salud es elegante y confortable.<\/p>\n","protected":false},"excerpt":{"rendered":"<p>Publicidad iCovalescent 20 Piezas Pantalla Para Orinal, Alfombrillas De Urinario Perfumada, Filtros De Urinario Desodorante, Para Cualquier Urinario(5 Colores)<\/p>\n","protected":false},"featured_media":10956,"comment_status":"open","ping_status":"closed","template":"","meta":[],"product_cat":[15],"product_tag":[],"class_list":{"0":"post-10957","1":"product","2":"type-product","3":"status-publish","4":"has-post-thumbnail","6":"product_cat-sin-categorizar","7":"nodate","8":"item-wrap","10":"first","11":"instock","12":"shipping-taxable","13":"product-type-external"},"_links":{"self":[{"href":"https:\/\/lofimusic.com.es\/index.php\/wp-json\/wp\/v2\/product\/10957","targetHints":{"allow":["GET"]}}],"collection":[{"href":"https:\/\/lofimusic.com.es\/index.php\/wp-json\/wp\/v2\/product"}],"about":[{"href":"https:\/\/lofimusic.com.es\/index.php\/wp-json\/wp\/v2\/types\/product"}],"replies":[{"embeddable":true,"href":"https:\/\/lofimusic.com.es\/index.php\/wp-json\/wp\/v2\/comments?post=10957"}],"wp:featuredmedia":[{"embeddable":true,"href":"https:\/\/lofimusic.com.es\/index.php\/wp-json\/wp\/v2\/media\/10956"}],"wp:attachment":[{"href":"https:\/\/lofimusic.com.es\/index.php\/wp-json\/wp\/v2\/media?parent=10957"}],"wp:term":[{"taxonomy":"product_cat","embeddable":true,"href":"https:\/\/lofimusic.com.es\/index.php\/wp-json\/wp\/v2\/product_cat?post=10957"},{"taxonomy":"product_tag","embeddable":true,"href":"https:\/\/lofimusic.com.es\/index.php\/wp-json\/wp\/v2\/product_tag?post=10957"}],"curies":[{"name":"wp","href":"https:\/\/api.w.org\/{rel}","templated":true}]}}