{"id":10955,"date":"2025-02-07T22:41:15","date_gmt":"2025-02-07T22:41:15","guid":{"rendered":"https:\/\/lofimusic.com.es\/index.php\/producto\/b0dmsnqzs1_es-2\/"},"modified":"2025-02-07T22:41:15","modified_gmt":"2025-02-07T22:41:15","slug":"b0dmsnqzs1_es-2","status":"publish","type":"product","link":"https:\/\/lofimusic.com.es\/index.php\/producto\/b0dmsnqzs1_es-2\/","title":{"rendered":"B0DMSNQZS1_ES"},"content":{"rendered":"<p>&#8211; [Kit de decoraci\u00f3n de u\u00f1as de gran valor]-obtienes 2 bol\u00edgrafos de esponja para decoraci\u00f3n de u\u00f1as, rosa, blanco, cada bol\u00edgrafo viene con 4 cabezales de repuesto, 2 esponjas redondas y 2 esponjas puntiagudas, adecuadas para la mayor\u00eda de las u\u00f1as.<br \/>\n&#8211; [Material de alta calidad]-el cabezal de esponja est\u00e1 hecho de esponja de alta calidad, que es f\u00e1cil de limpiar despu\u00e9s de su uso, se ve limpio y ordenado, no se deforma, no se corroe, es duradero y se puede reutilizar.<br \/>\n&#8211; [Dise\u00f1o de doble cabeza]-La esponja para u\u00f1as viene con extremos redondos y puntiagudos, perfecta para crear degradados de color y aplicar brillo. Puedes dibujar cualquier pintura hermosa que quieras.<br \/>\n&#8211; [F\u00e1cil de limpiar]-2 bol\u00edgrafos de esponja para u\u00f1as, especialmente indicados para quienes gustan de la manicura. La duradera esponja de doble punta se puede lavar y reutilizar una y otra vez.<br \/>\n&#8211; [Amplia gama de usos]-este pincel de esponja de doble punta es especialmente adecuado para personas a las que les gusta el arte de u\u00f1as. Los pinceles de esponja para u\u00f1as se utilizan principalmente para pintar, difuminar, hacer degradados de color y pintar flores. Puedes dibujar el patr\u00f3n de decoraci\u00f3n de u\u00f1as que te guste para hacer tus u\u00f1as m\u00e1s hermosas y encantadoras. Es perfecto para uso dom\u00e9stico y profesional y es su herramienta ideal.<\/p>\n","protected":false},"excerpt":{"rendered":"<p>Publicidad iCovalescent 2 Pcs Cepillo de U\u00f1as Esponja Pinceles, con 4 Cabeza de Esponja Reemplazables, Esponja U\u00f1as Degradado Cepillo, Accesorio para Gel UV y Herramientas de Decoraci\u00f3n<\/p>\n","protected":false},"featured_media":10954,"comment_status":"open","ping_status":"closed","template":"","meta":[],"product_cat":[15],"product_tag":[],"class_list":{"0":"post-10955","1":"product","2":"type-product","3":"status-publish","4":"has-post-thumbnail","6":"product_cat-sin-categorizar","7":"nodate","8":"item-wrap","10":"first","11":"instock","12":"shipping-taxable","13":"product-type-external"},"_links":{"self":[{"href":"https:\/\/lofimusic.com.es\/index.php\/wp-json\/wp\/v2\/product\/10955","targetHints":{"allow":["GET"]}}],"collection":[{"href":"https:\/\/lofimusic.com.es\/index.php\/wp-json\/wp\/v2\/product"}],"about":[{"href":"https:\/\/lofimusic.com.es\/index.php\/wp-json\/wp\/v2\/types\/product"}],"replies":[{"embeddable":true,"href":"https:\/\/lofimusic.com.es\/index.php\/wp-json\/wp\/v2\/comments?post=10955"}],"wp:featuredmedia":[{"embeddable":true,"href":"https:\/\/lofimusic.com.es\/index.php\/wp-json\/wp\/v2\/media\/10954"}],"wp:attachment":[{"href":"https:\/\/lofimusic.com.es\/index.php\/wp-json\/wp\/v2\/media?parent=10955"}],"wp:term":[{"taxonomy":"product_cat","embeddable":true,"href":"https:\/\/lofimusic.com.es\/index.php\/wp-json\/wp\/v2\/product_cat?post=10955"},{"taxonomy":"product_tag","embeddable":true,"href":"https:\/\/lofimusic.com.es\/index.php\/wp-json\/wp\/v2\/product_tag?post=10955"}],"curies":[{"name":"wp","href":"https:\/\/api.w.org\/{rel}","templated":true}]}}