{"id":10953,"date":"2025-02-07T22:40:51","date_gmt":"2025-02-07T22:40:51","guid":{"rendered":"https:\/\/lofimusic.com.es\/index.php\/producto\/b0djqzcqgy_es-2\/"},"modified":"2025-02-07T22:40:51","modified_gmt":"2025-02-07T22:40:51","slug":"b0djqzcqgy_es-2","status":"publish","type":"product","link":"https:\/\/lofimusic.com.es\/index.php\/producto\/b0djqzcqgy_es-2\/","title":{"rendered":"B0DJQZCQGY_ES"},"content":{"rendered":"<p>&#8211; [Lista de productos]-1 reflector frontal (plateado), 1 reflector trasero (rojo) y 2 soportes delanteros y traseros, que brindan suficiente seguridad durante el d\u00eda y la noche. El tama\u00f1o del reflector es de 5,3 cm * 3,5 cm y el di\u00e1metro m\u00e1ximo del marco fijo frontal es de 2,7 cm. El di\u00e1metro m\u00e1ximo del marco fijo trasero es de 3,3 cm.<br \/>\n&#8211; [Materiales de alta calidad]-Nuestro kit de reflector para bicicleta de monta\u00f1a est\u00e1 hecho de pl\u00e1stico de alta calidad, que es muy duradero, resistente al polvo y f\u00e1cil de limpiar. El material es impermeable y duradero, no se decolora f\u00e1cilmente y es adecuado para uso a largo plazo.<br \/>\n&#8211; [F\u00e1cil de instalar]-Los reflectores de bicicleta delanteros y traseros son f\u00e1ciles de instalar. Simplemente monta el reflector en el manillar o en las coordenadas. La instalaci\u00f3n tarda s\u00f3lo unos minutos en completarse.<br \/>\n&#8211; [Paseo seguro]-Trae este kit reflectante para bicicleta para que te acompa\u00f1e en tu viaje. Al conducir de noche, los reflectores de bicicleta pueden reflejar la luz incidente hacia la parte delantera y trasera, lo que aumenta la visibilidad en la oscuridad y hace que la conducci\u00f3n nocturna sea m\u00e1s segura.<br \/>\n&#8211; [Amplia gama de usos]-La parte posterior del reflector de bicicleta se puede utilizar como luz de freno, luz trasera y luz de matr\u00edcula. Adecuado para la mayor\u00eda de bicicletas con soporte para espejo, bicicletas de monta\u00f1a, bicicletas para ni\u00f1os o adultos, etc.<\/p>\n","protected":false},"excerpt":{"rendered":"<p>Publicidad iCovalescent 2 Piezas Reflector de Bicicleta Delantero Trasero,Soporte de Reflector de Rueda de Bicicleta para Moto, Bicicleta de Monta\u00f1a, Ni\u00f1os<\/p>\n","protected":false},"featured_media":10952,"comment_status":"open","ping_status":"closed","template":"","meta":[],"product_cat":[15],"product_tag":[],"class_list":{"0":"post-10953","1":"product","2":"type-product","3":"status-publish","4":"has-post-thumbnail","6":"product_cat-sin-categorizar","7":"nodate","8":"item-wrap","10":"first","11":"instock","12":"shipping-taxable","13":"product-type-external"},"_links":{"self":[{"href":"https:\/\/lofimusic.com.es\/index.php\/wp-json\/wp\/v2\/product\/10953","targetHints":{"allow":["GET"]}}],"collection":[{"href":"https:\/\/lofimusic.com.es\/index.php\/wp-json\/wp\/v2\/product"}],"about":[{"href":"https:\/\/lofimusic.com.es\/index.php\/wp-json\/wp\/v2\/types\/product"}],"replies":[{"embeddable":true,"href":"https:\/\/lofimusic.com.es\/index.php\/wp-json\/wp\/v2\/comments?post=10953"}],"wp:featuredmedia":[{"embeddable":true,"href":"https:\/\/lofimusic.com.es\/index.php\/wp-json\/wp\/v2\/media\/10952"}],"wp:attachment":[{"href":"https:\/\/lofimusic.com.es\/index.php\/wp-json\/wp\/v2\/media?parent=10953"}],"wp:term":[{"taxonomy":"product_cat","embeddable":true,"href":"https:\/\/lofimusic.com.es\/index.php\/wp-json\/wp\/v2\/product_cat?post=10953"},{"taxonomy":"product_tag","embeddable":true,"href":"https:\/\/lofimusic.com.es\/index.php\/wp-json\/wp\/v2\/product_tag?post=10953"}],"curies":[{"name":"wp","href":"https:\/\/api.w.org\/{rel}","templated":true}]}}