{"id":10951,"date":"2025-02-07T22:40:35","date_gmt":"2025-02-07T22:40:35","guid":{"rendered":"https:\/\/lofimusic.com.es\/index.php\/producto\/b0dk3jpggz_es-3\/"},"modified":"2025-02-07T22:40:35","modified_gmt":"2025-02-07T22:40:35","slug":"b0dk3jpggz_es-3","status":"publish","type":"product","link":"https:\/\/lofimusic.com.es\/index.php\/producto\/b0dk3jpggz_es-3\/","title":{"rendered":"B0DK3JPGGZ_ES"},"content":{"rendered":"<p>&#8211; [Lista de productos]-Hay 10 pares de almohadillas nasales negras + 10 pares de almohadillas nasales transparentes, con un tama\u00f1o de 19*8*1 mm, lo que ayuda a reducir eficazmente la carga en la nariz y mantener las gafas firmemente en su lugar.<br \/>\n&#8211; [Dise\u00f1o \u00fanico]-estas almohadillas nasales de silicona para gafas cuentan con un dise\u00f1o en forma de D, que reduce la presi\u00f3n de las gafas en el puente de la nariz. El uso de estas almohadillas nasales de silicona para gafas tambi\u00e9n puede evitar que las gafas se resbalen de la nariz, especialmente en ambientes h\u00famedos y aceitosos.<br \/>\n&#8211; [F\u00e1cil de usar]-la nariz de silicona para gafas es autoadhesiva y f\u00e1cil de usar. Simplemente qu\u00edtalas y p\u00e9galas en tus gafas. Para garantizar la m\u00e1xima adherencia, elimine la suciedad o la grasa de sus gafas antes de usarlas.<br \/>\n&#8211; [Material de alta calidad]-las almohadillas nasales de las gafas est\u00e1n hechas de material de silicona suave, peque\u00f1as y livianas. Al usar estas almohadillas para la nariz para gafas, no sentir\u00e1 una sensaci\u00f3n evidente de cuerpo extra\u00f1o, solo una sensaci\u00f3n suave y c\u00f3moda que reduce la presi\u00f3n de las gafas pesadas en la nariz.<br \/>\n&#8211; [\u00c1mbito de uso]-estas almohadillas nasales para gafas son adecuadas para todo tipo de gafas, perfectas para todo tipo de gafas, gafas de sol y antiparras, evitando que las gafas se resbalen f\u00e1cilmente mientras trabaja o practica deportes.<\/p>\n","protected":false},"excerpt":{"rendered":"<p>Publicidad iCovalescent 20 Pares Almohadillas de Nariz, Almohadillas de Nariz Adhesivas Antideslizante Retenedores De Gafas, Almohadillas de Nariz para Gafas Silicona(10 Negro+10 Blanco)<\/p>\n","protected":false},"featured_media":10950,"comment_status":"open","ping_status":"closed","template":"","meta":[],"product_cat":[15],"product_tag":[],"class_list":{"0":"post-10951","1":"product","2":"type-product","3":"status-publish","4":"has-post-thumbnail","6":"product_cat-sin-categorizar","7":"nodate","8":"item-wrap","10":"first","11":"instock","12":"shipping-taxable","13":"product-type-external"},"_links":{"self":[{"href":"https:\/\/lofimusic.com.es\/index.php\/wp-json\/wp\/v2\/product\/10951","targetHints":{"allow":["GET"]}}],"collection":[{"href":"https:\/\/lofimusic.com.es\/index.php\/wp-json\/wp\/v2\/product"}],"about":[{"href":"https:\/\/lofimusic.com.es\/index.php\/wp-json\/wp\/v2\/types\/product"}],"replies":[{"embeddable":true,"href":"https:\/\/lofimusic.com.es\/index.php\/wp-json\/wp\/v2\/comments?post=10951"}],"wp:featuredmedia":[{"embeddable":true,"href":"https:\/\/lofimusic.com.es\/index.php\/wp-json\/wp\/v2\/media\/10950"}],"wp:attachment":[{"href":"https:\/\/lofimusic.com.es\/index.php\/wp-json\/wp\/v2\/media?parent=10951"}],"wp:term":[{"taxonomy":"product_cat","embeddable":true,"href":"https:\/\/lofimusic.com.es\/index.php\/wp-json\/wp\/v2\/product_cat?post=10951"},{"taxonomy":"product_tag","embeddable":true,"href":"https:\/\/lofimusic.com.es\/index.php\/wp-json\/wp\/v2\/product_tag?post=10951"}],"curies":[{"name":"wp","href":"https:\/\/api.w.org\/{rel}","templated":true}]}}