{"id":10949,"date":"2025-02-07T22:40:23","date_gmt":"2025-02-07T22:40:23","guid":{"rendered":"https:\/\/lofimusic.com.es\/index.php\/producto\/b0dnm48246_es\/"},"modified":"2025-02-07T22:40:23","modified_gmt":"2025-02-07T22:40:23","slug":"b0dnm48246_es","status":"publish","type":"product","link":"https:\/\/lofimusic.com.es\/index.php\/producto\/b0dnm48246_es\/","title":{"rendered":"B0DNM48246_ES"},"content":{"rendered":"<p>&#8211; [Dise\u00f1o bien pensado]-el protector de juanetes tiene un espaciador de gel entre el dedo gordo y el segundo dedo, puede prevenir callosidades, callosidades y abrasiones en el \u00e1rea del juanete y proteger el dedo gordo.<br \/>\n&#8211; [\u00c1mbito de aplicaci\u00f3n]-el corrector de juanetes ayuda a prevenir la fricci\u00f3n y el dolor, adecuado para personas que a menudo est\u00e1n de pie, estudiantes, trabajadores, se puede usar por la noche, mirar televisi\u00f3n, bailar o practicar yoga.<br \/>\n&#8211; [Material c\u00f3modo y seguro]-Hecho de tela muy el\u00e1stica y silicona. Material de alta calidad, transpirable y absorbente de humedad. El material es suave, el\u00e1stico y no t\u00f3xico.<br \/>\n&#8211; [Tama\u00f1o universal]-El material permite que se adapte a todos los tama\u00f1os. Se adapta tanto al pie izquierdo como al derecho y lo pueden disfrutar tanto hombres como mujeres. Es apto para todo tipo de calzado.<br \/>\n&#8211; [Reutilizable]-los correctores de juanetes se adaptan a la mayor\u00eda de las personas y son reutilizables. Una f\u00e9rula para juanetes enderezar\u00e1 y corregir\u00e1 sus pies, devolvi\u00e9ndolos lentamente a su posici\u00f3n natural.<\/p>\n","protected":false},"excerpt":{"rendered":"<p>Publicidad Neoreser Corrector Hallux Valgus, Separador de Juanetes del Pie, Corrector de Juanetes, Separador De Silicona Gel Suave para Aliviar el Dolor<\/p>\n","protected":false},"featured_media":10948,"comment_status":"open","ping_status":"closed","template":"","meta":[],"product_cat":[15],"product_tag":[],"class_list":{"0":"post-10949","1":"product","2":"type-product","3":"status-publish","4":"has-post-thumbnail","6":"product_cat-sin-categorizar","7":"nodate","8":"item-wrap","10":"first","11":"instock","12":"shipping-taxable","13":"product-type-external"},"_links":{"self":[{"href":"https:\/\/lofimusic.com.es\/index.php\/wp-json\/wp\/v2\/product\/10949","targetHints":{"allow":["GET"]}}],"collection":[{"href":"https:\/\/lofimusic.com.es\/index.php\/wp-json\/wp\/v2\/product"}],"about":[{"href":"https:\/\/lofimusic.com.es\/index.php\/wp-json\/wp\/v2\/types\/product"}],"replies":[{"embeddable":true,"href":"https:\/\/lofimusic.com.es\/index.php\/wp-json\/wp\/v2\/comments?post=10949"}],"wp:featuredmedia":[{"embeddable":true,"href":"https:\/\/lofimusic.com.es\/index.php\/wp-json\/wp\/v2\/media\/10948"}],"wp:attachment":[{"href":"https:\/\/lofimusic.com.es\/index.php\/wp-json\/wp\/v2\/media?parent=10949"}],"wp:term":[{"taxonomy":"product_cat","embeddable":true,"href":"https:\/\/lofimusic.com.es\/index.php\/wp-json\/wp\/v2\/product_cat?post=10949"},{"taxonomy":"product_tag","embeddable":true,"href":"https:\/\/lofimusic.com.es\/index.php\/wp-json\/wp\/v2\/product_tag?post=10949"}],"curies":[{"name":"wp","href":"https:\/\/api.w.org\/{rel}","templated":true}]}}