{"id":10945,"date":"2025-02-07T22:39:16","date_gmt":"2025-02-07T22:39:16","guid":{"rendered":"https:\/\/lofimusic.com.es\/index.php\/producto\/b0dnm3r1th_es\/"},"modified":"2025-02-07T22:39:16","modified_gmt":"2025-02-07T22:39:16","slug":"b0dnm3r1th_es","status":"publish","type":"product","link":"https:\/\/lofimusic.com.es\/index.php\/producto\/b0dnm3r1th_es\/","title":{"rendered":"B0DNM3R1TH_ES"},"content":{"rendered":"<p>&#8211; [L\u00e1pices finos de diferentes grosores] &#8211; Juego de 12 bol\u00edgrafos finos negros, cada uno de 13,5 cm de largo, 12 anchos de l\u00ednea diferentes, incluidos 8 l\u00e1pices \u00f3pticos de alta calidad (0,23 mm\/0,25 mm\/0,28 mm\/0,38 mm\/0,4 mm\/0,52 mm \/1,0 mm\/1,0 mm) Para dibujar detalles, contornos, etc., 3 rotuladores de punta fina (1mm\/2mm\/3mm) para pintar fondos, 1 pincel para sombrear y caligraf\u00eda.<br \/>\n&#8211; [Materiales de alta calidad]-Este rotulador de pincel utiliza tinta a base de agua, que es inodora, no t\u00f3xica y de secado r\u00e1pido. Puedes usarlo de forma segura sin preocuparte por ensuciarte las manos o los libros.<br \/>\n&#8211; [Dise\u00f1o perfecto]-El clip de metal para bol\u00edgrafo, compacto y port\u00e1til, se puede fijar en un libro o bolso para facilitar su transporte. Las marcas de calibre en la parte superior de la tapa son f\u00e1ciles de distinguir, lo que evita confusiones y facilita su b\u00fasqueda y uso.<br \/>\n&#8211; [Ampliamente utilizado]-Los bol\u00edgrafos de l\u00edneas finas Micron son adecuados para todos y se pueden utilizar en estudios, escuelas y oficinas para escribir, dibujar y pintar, dise\u00f1o arquitect\u00f3nico o de construcci\u00f3n, firmas, c\u00f3mics y escritura.<br \/>\n&#8211; [Nota]-Despu\u00e9s de usar el marcador negro, tape el bol\u00edgrafo a tiempo para evitar que la superficie de la punta se seque. Y cuando utilice una punta fina, no ejerza demasiada fuerza para evitar rasgar el papel.<\/p>\n","protected":false},"excerpt":{"rendered":"<p>Publicidad Neoreser 12 Pcs Juego de Rotuladores, Rotulador de Punta Fina para Dibujo Art\u00edstico, Bocetos(Color Negro)<\/p>\n","protected":false},"featured_media":10944,"comment_status":"open","ping_status":"closed","template":"","meta":[],"product_cat":[15],"product_tag":[],"class_list":{"0":"post-10945","1":"product","2":"type-product","3":"status-publish","4":"has-post-thumbnail","6":"product_cat-sin-categorizar","7":"nodate","8":"item-wrap","10":"first","11":"instock","12":"shipping-taxable","13":"product-type-external"},"_links":{"self":[{"href":"https:\/\/lofimusic.com.es\/index.php\/wp-json\/wp\/v2\/product\/10945","targetHints":{"allow":["GET"]}}],"collection":[{"href":"https:\/\/lofimusic.com.es\/index.php\/wp-json\/wp\/v2\/product"}],"about":[{"href":"https:\/\/lofimusic.com.es\/index.php\/wp-json\/wp\/v2\/types\/product"}],"replies":[{"embeddable":true,"href":"https:\/\/lofimusic.com.es\/index.php\/wp-json\/wp\/v2\/comments?post=10945"}],"wp:featuredmedia":[{"embeddable":true,"href":"https:\/\/lofimusic.com.es\/index.php\/wp-json\/wp\/v2\/media\/10944"}],"wp:attachment":[{"href":"https:\/\/lofimusic.com.es\/index.php\/wp-json\/wp\/v2\/media?parent=10945"}],"wp:term":[{"taxonomy":"product_cat","embeddable":true,"href":"https:\/\/lofimusic.com.es\/index.php\/wp-json\/wp\/v2\/product_cat?post=10945"},{"taxonomy":"product_tag","embeddable":true,"href":"https:\/\/lofimusic.com.es\/index.php\/wp-json\/wp\/v2\/product_tag?post=10945"}],"curies":[{"name":"wp","href":"https:\/\/api.w.org\/{rel}","templated":true}]}}