{"id":10943,"date":"2025-02-07T22:28:55","date_gmt":"2025-02-07T22:28:55","guid":{"rendered":"https:\/\/lofimusic.com.es\/index.php\/producto\/b0dpmvk1p2_es\/"},"modified":"2025-02-07T22:28:55","modified_gmt":"2025-02-07T22:28:55","slug":"b0dpmvk1p2_es","status":"publish","type":"product","link":"https:\/\/lofimusic.com.es\/index.php\/producto\/b0dpmvk1p2_es\/","title":{"rendered":"B0DPMVK1P2_ES"},"content":{"rendered":"<p>&#8211; Escritura Suave\uff1a: los bol\u00edgrafos de marcado de sastrer\u00eda tienen color borrable y puntas delicadas, pueden dibujar l\u00edneas suaves en la tela, tienen color brillante, suave y estable con el bol\u00edgrafo, suficiente tinta y no es f\u00e1cil de secar.<br \/>\n&#8211; Variedad de Colores: Marcadores solubles en agua incluye rotuladores en Rosa, Violeta, Azul, perfectos para marcar con precisi\u00f3n en diversos tejidos y proyectos de manualidades.<br \/>\n&#8211; F\u00e1cil de distinguir: el color de la tapa de cada marcador de prendas es del mismo color que el color de la punta para evitar la confusi\u00f3n de colores y facilitar su uso.<br \/>\n&#8211; Nota: despu\u00e9s del uso, cubra la tapa del bol\u00edgrafo a tiempo, gu\u00e1rdelo en un lugar fresco, evite la luz solar directa y aseg\u00farese de que el efecto siga siendo suave la pr\u00f3xima vez.<br \/>\n&#8211; Amplia aplicaci\u00f3n: Estos bol\u00edgrafos de pintura para tela impermeables son adecuados para ropa, jeans, bolsos, manteles individuales, lienzos, zapatos, pancartas, cojines, artesan\u00edas, patchwork y m\u00e1s.<\/p>\n","protected":false},"excerpt":{"rendered":"<p>Publicidad Marcadores Solubles en Agua (3 Piezas), Rotuladores de Tela Borrables con Agua, Para Tejidos Acolchado, Bordado, Sastrer\u00eda, 3 Colores, Longitud 15.2cm<\/p>\n","protected":false},"featured_media":10942,"comment_status":"open","ping_status":"closed","template":"","meta":[],"product_cat":[15],"product_tag":[],"class_list":{"0":"post-10943","1":"product","2":"type-product","3":"status-publish","4":"has-post-thumbnail","6":"product_cat-sin-categorizar","7":"nodate","8":"item-wrap","10":"first","11":"instock","12":"shipping-taxable","13":"product-type-external"},"_links":{"self":[{"href":"https:\/\/lofimusic.com.es\/index.php\/wp-json\/wp\/v2\/product\/10943","targetHints":{"allow":["GET"]}}],"collection":[{"href":"https:\/\/lofimusic.com.es\/index.php\/wp-json\/wp\/v2\/product"}],"about":[{"href":"https:\/\/lofimusic.com.es\/index.php\/wp-json\/wp\/v2\/types\/product"}],"replies":[{"embeddable":true,"href":"https:\/\/lofimusic.com.es\/index.php\/wp-json\/wp\/v2\/comments?post=10943"}],"wp:featuredmedia":[{"embeddable":true,"href":"https:\/\/lofimusic.com.es\/index.php\/wp-json\/wp\/v2\/media\/10942"}],"wp:attachment":[{"href":"https:\/\/lofimusic.com.es\/index.php\/wp-json\/wp\/v2\/media?parent=10943"}],"wp:term":[{"taxonomy":"product_cat","embeddable":true,"href":"https:\/\/lofimusic.com.es\/index.php\/wp-json\/wp\/v2\/product_cat?post=10943"},{"taxonomy":"product_tag","embeddable":true,"href":"https:\/\/lofimusic.com.es\/index.php\/wp-json\/wp\/v2\/product_tag?post=10943"}],"curies":[{"name":"wp","href":"https:\/\/api.w.org\/{rel}","templated":true}]}}