{"id":10941,"date":"2025-02-07T16:31:42","date_gmt":"2025-02-07T16:31:42","guid":{"rendered":"https:\/\/lofimusic.com.es\/index.php\/producto\/b0dj5c7bdz_es\/"},"modified":"2025-02-07T16:31:42","modified_gmt":"2025-02-07T16:31:42","slug":"b0dj5c7bdz_es","status":"publish","type":"product","link":"https:\/\/lofimusic.com.es\/index.php\/producto\/b0dj5c7bdz_es\/","title":{"rendered":"B0DJ5C7BDZ_ES"},"content":{"rendered":"<p>&#8211; [Listo para La Aventura]&#8212;MAILANGSHI Altavoz bluetooth est\u00e1 hecho de material impermeable de alta calidad que alcanza el nivel m\u00e1s alto de IPX7, sin miedo a las tormentas, \u00a1ve a donde quieras!<br \/>\n&#8211; [Bailando con Tus Sentimientos]&#8211;Altavoces bluetooth se adapta con luces RGB sincronizadas con el ritmo, tiene 4 modos de luz. Agrega emoci\u00f3n a tu actuaci\u00f3n con luces LED din\u00e1micas que captan m\u00fasica, mejorando tu presencia en el escenario y creando una atm\u00f3sfera vibrante<br \/>\n&#8211; [Cuerpo Peque\u00f1o con Gran Potencia]&#8211;Experimenta un sonido impresionante de 5w en un dise\u00f1o compacto. El altavoz bluetooth potente se reproduce con agudos fuertes, medios claros y graves profundos y potentes, lo que garantiza un rendimiento de audio claro y din\u00e1mico.<br \/>\n&#8211; [Ll\u00e9vatelo y Ll\u00e9valo Contigo]&#8211;Altavoz est\u00e1 hecho de material ABS de calidad liviana y tiene un altavoz de metal en el interior que hace que su entrega de sonido sea m\u00e1s clara y suave, solo pesa alrededor de 200 g. Altavoz portatil tiene un dise\u00f1o de correa conveniente, f\u00e1cil de llevar, perfecto para caminatas, nataci\u00f3n, ciclismo, viajes y cualquier lugar al que vayas<br \/>\n&#8211; [Modo de Fiesta con Un Solo Toque]&#8211;Altavoces bluetoothse puede emparejar f\u00e1cilmente con otros mini altavoz bluetooth para habilitar un est\u00e9reo inal\u00e1mbrico real, convertir la m\u00fasica en canales izquierdo y derecho y disfrutar de una calidad de sonido est\u00e9reo. Comienza la fiesta de inmediato<br \/>\n&#8211; [Actitud MAILANGSHI]&#8211;Lee atentamente el manual antes de usar el producto. Si tienes alguna pregunta, no dudes en comunicarte con nuestro servicio de atenci\u00f3n al cliente en l\u00ednea disponible las 24 horas del d\u00eda, los 7 d\u00edas de la semana. Nuestros micr\u00f3fonos tienen una garant\u00eda de reemplazo de 1 a\u00f1o.<\/p>\n","protected":false},"excerpt":{"rendered":"<p>Publicidad Altavoz Bluetooth, Mini Altavoz Bluetooth con Luz Sincronizada con El Ritmo, Resistente Al Agua IPX7,5 Horas de Reproducci\u00f3n, Altavoz Portatil Bluetooth con Graves Profundos para Fiestas y Exteriores<\/p>\n","protected":false},"featured_media":10940,"comment_status":"open","ping_status":"closed","template":"","meta":[],"product_cat":[15],"product_tag":[],"class_list":{"0":"post-10941","1":"product","2":"type-product","3":"status-publish","4":"has-post-thumbnail","6":"product_cat-sin-categorizar","7":"nodate","8":"item-wrap","10":"first","11":"instock","12":"shipping-taxable","13":"product-type-external"},"_links":{"self":[{"href":"https:\/\/lofimusic.com.es\/index.php\/wp-json\/wp\/v2\/product\/10941","targetHints":{"allow":["GET"]}}],"collection":[{"href":"https:\/\/lofimusic.com.es\/index.php\/wp-json\/wp\/v2\/product"}],"about":[{"href":"https:\/\/lofimusic.com.es\/index.php\/wp-json\/wp\/v2\/types\/product"}],"replies":[{"embeddable":true,"href":"https:\/\/lofimusic.com.es\/index.php\/wp-json\/wp\/v2\/comments?post=10941"}],"wp:featuredmedia":[{"embeddable":true,"href":"https:\/\/lofimusic.com.es\/index.php\/wp-json\/wp\/v2\/media\/10940"}],"wp:attachment":[{"href":"https:\/\/lofimusic.com.es\/index.php\/wp-json\/wp\/v2\/media?parent=10941"}],"wp:term":[{"taxonomy":"product_cat","embeddable":true,"href":"https:\/\/lofimusic.com.es\/index.php\/wp-json\/wp\/v2\/product_cat?post=10941"},{"taxonomy":"product_tag","embeddable":true,"href":"https:\/\/lofimusic.com.es\/index.php\/wp-json\/wp\/v2\/product_tag?post=10941"}],"curies":[{"name":"wp","href":"https:\/\/api.w.org\/{rel}","templated":true}]}}