{"id":10937,"date":"2025-02-07T15:58:14","date_gmt":"2025-02-07T15:58:14","guid":{"rendered":"https:\/\/lofimusic.com.es\/index.php\/producto\/b0dnz9r2jf_fr\/"},"modified":"2025-02-07T15:58:14","modified_gmt":"2025-02-07T15:58:14","slug":"b0dnz9r2jf_fr","status":"publish","type":"product","link":"https:\/\/lofimusic.com.es\/index.php\/producto\/b0dnz9r2jf_fr\/","title":{"rendered":"B0DNZ9R2JF_FR"},"content":{"rendered":"<p>&#8211; Smart Touch et \u00c9tanch\u00e9it\u00e9 IPX7: Ecouteurs sans fil est \u00e9quip\u00e9e d&#8217;une commande tactile intelligente qui vous permet de contr\u00f4ler facilement la lecture audio. En touchant l&#8217;oreillette Bluetooth, vous pouvez r\u00e9gler le volume, passer d&#8217;une chanson \u00e0 l&#8217;autre, r\u00e9pondre aux appels t\u00e9l\u00e9phoniques et appeler l&#8217;assistant vocal. \u00c9couteur bluetooth est \u00e9galement \u00e9tanche selon la norme IPX7, de sorte que vous n&#8217;avez pas \u00e0 vous soucier de la pluie ou de la sueur lors de vos activit\u00e9s de plein air.<\/p>\n","protected":false},"excerpt":{"rendered":"<p>publicit\u00e9OWMSIC Ecouteurs Bluetooth sans Fil, Nouveau \u00c9couteurs Bluetooth 5.4 avec HiFi St\u00e9r\u00e9o Basses Casque, 4 ENC R\u00e9duction de Bruit Mic, 38 Heures Dur\u00e9e de Lecture,\u00c9cran LED<\/p>\n","protected":false},"featured_media":10936,"comment_status":"open","ping_status":"closed","template":"","meta":[],"product_cat":[15],"product_tag":[],"class_list":{"0":"post-10937","1":"product","2":"type-product","3":"status-publish","4":"has-post-thumbnail","6":"product_cat-sin-categorizar","7":"nodate","8":"item-wrap","10":"first","11":"instock","12":"shipping-taxable","13":"product-type-external"},"_links":{"self":[{"href":"https:\/\/lofimusic.com.es\/index.php\/wp-json\/wp\/v2\/product\/10937","targetHints":{"allow":["GET"]}}],"collection":[{"href":"https:\/\/lofimusic.com.es\/index.php\/wp-json\/wp\/v2\/product"}],"about":[{"href":"https:\/\/lofimusic.com.es\/index.php\/wp-json\/wp\/v2\/types\/product"}],"replies":[{"embeddable":true,"href":"https:\/\/lofimusic.com.es\/index.php\/wp-json\/wp\/v2\/comments?post=10937"}],"wp:featuredmedia":[{"embeddable":true,"href":"https:\/\/lofimusic.com.es\/index.php\/wp-json\/wp\/v2\/media\/10936"}],"wp:attachment":[{"href":"https:\/\/lofimusic.com.es\/index.php\/wp-json\/wp\/v2\/media?parent=10937"}],"wp:term":[{"taxonomy":"product_cat","embeddable":true,"href":"https:\/\/lofimusic.com.es\/index.php\/wp-json\/wp\/v2\/product_cat?post=10937"},{"taxonomy":"product_tag","embeddable":true,"href":"https:\/\/lofimusic.com.es\/index.php\/wp-json\/wp\/v2\/product_tag?post=10937"}],"curies":[{"name":"wp","href":"https:\/\/api.w.org\/{rel}","templated":true}]}}