{"id":10931,"date":"2025-02-07T14:43:07","date_gmt":"2025-02-07T14:43:07","guid":{"rendered":"https:\/\/lofimusic.com.es\/index.php\/producto\/b0dm1tvgv6_fr\/"},"modified":"2025-02-07T14:43:07","modified_gmt":"2025-02-07T14:43:07","slug":"b0dm1tvgv6_fr","status":"publish","type":"product","link":"https:\/\/lofimusic.com.es\/index.php\/producto\/b0dm1tvgv6_fr\/","title":{"rendered":"B0DM1TVGV6_FR"},"content":{"rendered":"<p>&#8211; \u3010New Ultrasonic Technology\u3011 : L&#8217;appareil peut \u00e9mettre des ondes ultrasoniques \u00e0 360\u00b0 pour stimuler le cerveau et le syst\u00e8me nerveux auditif des nuisibles, repoussant efficacement toutes sortes de nuisibles, y compris les puces, les cafards, les rats, les insectes, les moustiques, les fourmis, les araign\u00e9es, les punaises de lit et ainsi de suite.<br \/>\n&#8211; \u3010Grande zone de couverture\u3011ce syst\u00e8me \u00e0 micro &#8211; puce de lutte antiparasitaire \u00e0 ultrasons convient aux zones de 20 \u00e0 200 m\u00e8tres carr\u00e9s. Id\u00e9al pour salon, chambre \u00e0 coucher, cuisine, magasin, sous &#8211; sol, entrep\u00f4t, garage, appartement, hangar, grenier, etc. Ce produit ne contient pas de batterie et doit \u00eatre connect\u00e9 \u00e0 une prise USB pour fonctionner.<br \/>\n&#8211; \u3010Puissant et efficace\u3011Utilisez les derni\u00e8res puces \u00e0 ultrasons pour interf\u00e9rer avec le syst\u00e8me auditif et nerveux des souris, des chauves-souris, des cafards, des araign\u00e9es, des puces, des insectes et des rongeurs. Ils auront du mal \u00e0 r\u00e9sister \u00e0 cette attaque, ils quitteront donc votre maison rapidement.<br \/>\n&#8211; \u3010humanisation\u3011Les pi\u00e8ges \u00e0 souris ou les dispositifs de colle sont trop cruels et dangereux pour nos enfants et nos animaux de compagnie. Ce r\u00e9pulsif \u00e9lectronique pour souris est convivial pour les humains et nos adorables animaux de compagnie (tels que les chiens et les chats). Utilisez les ultrasons pour repousser les souris, les parasites et les rongeurs au lieu de les tuer.<br \/>\n&#8211; \u3010Service excellent\u3011Nous travaillons sans rel\u00e2che pour am\u00e9liorer notre r\u00e9pulsif anti-insectes \u00e0 ultrasons pour nous assurer de vous offrir des produits de meilleure qualit\u00e9, durables et confortables. Nous offrons un service en ligne 24 heures sur 24 et une dur\u00e9e de vie de 12 mois. Si vous avez des questions, veuillez nous contacter.<\/p>\n","protected":false},"excerpt":{"rendered":"<p>publicit\u00e9Ultrasons pour Rats, r\u00e9pulsif \u00e0 ultrasons pour Souris, 2025 Souris et Rats \u00e0 ultrasons 360 \u00b0 avec lumi\u00e8re LED r\u00e9pulsif \u00e0 ultrasons pour Souris rongeurs parasit Rats araign\u00e9es Papillons Fourmis<\/p>\n","protected":false},"featured_media":10930,"comment_status":"open","ping_status":"closed","template":"","meta":[],"product_cat":[15],"product_tag":[],"class_list":{"0":"post-10931","1":"product","2":"type-product","3":"status-publish","4":"has-post-thumbnail","6":"product_cat-sin-categorizar","7":"nodate","8":"item-wrap","10":"first","11":"instock","12":"shipping-taxable","13":"product-type-external"},"_links":{"self":[{"href":"https:\/\/lofimusic.com.es\/index.php\/wp-json\/wp\/v2\/product\/10931","targetHints":{"allow":["GET"]}}],"collection":[{"href":"https:\/\/lofimusic.com.es\/index.php\/wp-json\/wp\/v2\/product"}],"about":[{"href":"https:\/\/lofimusic.com.es\/index.php\/wp-json\/wp\/v2\/types\/product"}],"replies":[{"embeddable":true,"href":"https:\/\/lofimusic.com.es\/index.php\/wp-json\/wp\/v2\/comments?post=10931"}],"wp:featuredmedia":[{"embeddable":true,"href":"https:\/\/lofimusic.com.es\/index.php\/wp-json\/wp\/v2\/media\/10930"}],"wp:attachment":[{"href":"https:\/\/lofimusic.com.es\/index.php\/wp-json\/wp\/v2\/media?parent=10931"}],"wp:term":[{"taxonomy":"product_cat","embeddable":true,"href":"https:\/\/lofimusic.com.es\/index.php\/wp-json\/wp\/v2\/product_cat?post=10931"},{"taxonomy":"product_tag","embeddable":true,"href":"https:\/\/lofimusic.com.es\/index.php\/wp-json\/wp\/v2\/product_tag?post=10931"}],"curies":[{"name":"wp","href":"https:\/\/api.w.org\/{rel}","templated":true}]}}