{"id":10925,"date":"2025-02-07T14:36:58","date_gmt":"2025-02-07T14:36:58","guid":{"rendered":"https:\/\/lofimusic.com.es\/index.php\/producto\/b0dw46rt3y_es\/"},"modified":"2025-02-07T14:36:58","modified_gmt":"2025-02-07T14:36:58","slug":"b0dw46rt3y_es","status":"publish","type":"product","link":"https:\/\/lofimusic.com.es\/index.php\/producto\/b0dw46rt3y_es\/","title":{"rendered":"B0DW46RT3Y_ES"},"content":{"rendered":"<p>&#8211; Grifo WC con Instalaci\u00f3n Universal: Esta Ducha para WC es compatible con m\u00faltiples sistemas gracias a sus 2 salidas de agua con conexi\u00f3n de 1\/2&#8243;. Su dise\u00f1o moderno garantiza una integraci\u00f3n perfecta en cualquier instalacion ba\u00f1o, proporcionando una soluci\u00f3n de ducha para inodoro est\u00e9tica y funcional. Este grifo videt para water sirve como grifo sustituto de bidet tradicional.<br \/>\n&#8211; V\u00e1lvula de Control Dual Avanzada: Equipada con una v\u00e1lvula de control dual, esta unidad ofrece un control preciso sobre el flujo de agua. Las 2 llaves de paso de agua ba\u00f1o aseguran una operaci\u00f3n f\u00e1cil y segura, mejorando la eficiencia del uso del agua y a\u00f1adiendo mas seguridad a la instalaci\u00f3n al poder cerrarlas de forma individual, manteniendo el flujo de agua de la cisterna del WC aunque cierres la del grifo pulverizador.<br \/>\n&#8211; Grifo Bidet para WC Multifuncional: Perfecto para la higiene personal y la limpieza del inodoro japon\u00e9s. Este grifo bidet para WC incluye un flexo ducha duradero, ideal para una variedad de usos, desde la botella lavado perineal postparto hasta el mantenimiento general del vater ba\u00f1o. Este grifo higienico wc nos presta est\u00e1 doble funci\u00f3n, es un grifo para bidet multifunci\u00f3n y un inodoro con bide al mismo tiempo.<br \/>\n&#8211; Material de Calidad y Dise\u00f1o Compacto: Griferia ba\u00f1o fabricada con materiales de alta calidad que evitan fugas y problemas de presi\u00f3n. La llave de angulo con 2 valvulas de salida de agua independientes esta fabricada en Acero Inoxidable AISI\/SUS 304 por lo que evita la corrosi\u00f3n y es apto para soportar la presi\u00f3n de la acometida de agua. Su dise\u00f1o compacto facilita su instalaci\u00f3n en cualquier WC, ofreciendo una alternativa econ\u00f3mica y contempor\u00e1nea al bidet tradicional.<br \/>\n&#8211; Grifo Water Doble Salida : Gracias a su llave de paso cisterna WC de Acero Inox con 2 Salidas de agua independientes, nuestro grifo bide te permitir\u00e1 su uso multiproposito. Podr\u00e1s conectar el grifo wc doble salida a la vez que la cisterna del WC, el grifo pulverizador o una lavadora o dejarla libre como chorro agua wc.<br \/>\n&#8211; Kit Completo de F\u00e1cil Instalaci\u00f3n: Nuestro Grifo WC Higienico con grifo dos salidas y ducha WC se instala en 10 minutos y sin necesidad de herramientas. Todo lo necesario se incluye en la caja. Pistola ducha lavabo alta presi\u00f3n, llave paso agua con doble salida, manguera bidet para wc extensible, embellecedor de pared, Colgador de Pistola y Cinta de Teflon-<\/p>\n","protected":false},"excerpt":{"rendered":"<p>Publicidad CHILL HOUSE Ducha Higienica para WC en Acero Inox con Grifo bidet para WC, Manguera Bidet y Ducha bidet para WC para Inodoro Completo &#8211; Grifo para WC con Ducha inodoro para Duchas Higienicas para WC<\/p>\n","protected":false},"featured_media":10924,"comment_status":"open","ping_status":"closed","template":"","meta":[],"product_cat":[15],"product_tag":[],"class_list":{"0":"post-10925","1":"product","2":"type-product","3":"status-publish","4":"has-post-thumbnail","6":"product_cat-sin-categorizar","7":"nodate","8":"item-wrap","10":"first","11":"instock","12":"shipping-taxable","13":"product-type-external"},"_links":{"self":[{"href":"https:\/\/lofimusic.com.es\/index.php\/wp-json\/wp\/v2\/product\/10925","targetHints":{"allow":["GET"]}}],"collection":[{"href":"https:\/\/lofimusic.com.es\/index.php\/wp-json\/wp\/v2\/product"}],"about":[{"href":"https:\/\/lofimusic.com.es\/index.php\/wp-json\/wp\/v2\/types\/product"}],"replies":[{"embeddable":true,"href":"https:\/\/lofimusic.com.es\/index.php\/wp-json\/wp\/v2\/comments?post=10925"}],"wp:featuredmedia":[{"embeddable":true,"href":"https:\/\/lofimusic.com.es\/index.php\/wp-json\/wp\/v2\/media\/10924"}],"wp:attachment":[{"href":"https:\/\/lofimusic.com.es\/index.php\/wp-json\/wp\/v2\/media?parent=10925"}],"wp:term":[{"taxonomy":"product_cat","embeddable":true,"href":"https:\/\/lofimusic.com.es\/index.php\/wp-json\/wp\/v2\/product_cat?post=10925"},{"taxonomy":"product_tag","embeddable":true,"href":"https:\/\/lofimusic.com.es\/index.php\/wp-json\/wp\/v2\/product_tag?post=10925"}],"curies":[{"name":"wp","href":"https:\/\/api.w.org\/{rel}","templated":true}]}}