{"id":10921,"date":"2025-02-07T12:16:12","date_gmt":"2025-02-07T12:16:12","guid":{"rendered":"https:\/\/lofimusic.com.es\/index.php\/producto\/b0dssszmgv_it\/"},"modified":"2025-02-07T12:16:12","modified_gmt":"2025-02-07T12:16:12","slug":"b0dssszmgv_it","status":"publish","type":"product","link":"https:\/\/lofimusic.com.es\/index.php\/producto\/b0dssszmgv_it\/","title":{"rendered":"B0DSSSZMGV_IT"},"content":{"rendered":"<p>&#8211; [2025 Bluetooth 5.4 e Accoppiamento Automatico] &#8211; Queste cuffie wireless utilizzano una versione aggiornata del chipset Bluetooth 5.4, il consumo di energia \u00e8 ridotto del 45% e possono trasmettere fino a 10 metri. Rispetto alle cuffie bluetooth 5.3, hanno una connessione pi\u00f9 stabile, maggiore compatibilit\u00e0, riproduzione e il doppio della velocit\u00e0 di trasmissione. Basta rimuovere le cuffie dalla custodia di ricarica e si connetteranno automaticamente al telefono dopo la prima coppia.<br \/>\n&#8211; [Doppio Display a LED e 90 Ore di Standby] &#8211; I nostri auricolari bluetooth forniscono 6 -7 ore di tempo di riproduzione ininterrotta, la custodia di ricarica pu\u00f2 essere in standby fino a 90 ore e li estende a 36 ore di ricarica per auricolari. Quando hai fretta e hai bisogno di una ricarica rapida, ci vogliono solo 5 minuti di ricarica di tipo C per supportare 1 ora di ascolto. Gli auricolari wireless utilizzano l&#8217;esclusiva tecnologia di visualizzazione LED per visualizzare con precisione la potenza residua.<br \/>\n&#8211; [Stereo HIFI Suono e Dual Cancellazione del Rumore] &#8211; Queste cuffie wireless utilizzano un altoparlante dinamico da 13mm e codec audio avanzati, aggiungendo un design di diaframma composito, per evitare la distorsione del suono per alti, mezzi e bassi dinamici nitidi per divertimento musicale immersivo. La tecnologia di riduzione del rumore doppia attiva (ANC ON + CVC 8.0 ) riduce efficacemente le interferenze del rumore per garantire un&#8217;esperienza di chiamata chiara anche in una strada rumorosa.<br \/>\n&#8211; [Modalit\u00e0 di Usura e Trasparenza Confortevole] &#8211; Design confortevole ed ergonomico, con modalit\u00e0 di trasparenza integrata per la sicurezza, premere a lungo il pulsante tattile e passare facilmente tra modalit\u00e0 di cancellazione del rumore a modalit\u00e0 di trasparenza (per ascoltare l&#8217;ambiente circostante quando si cammina per strade affollate.) garantisce la vostra sicurezza e pu\u00f2 rispondere educatamente agli altri.<br \/>\n&#8211; [Ampia Compatibilit\u00e0 e Controlli Tattili] &#8211; Queste Headphones wireless Bluetooth sono compatibili con una variet\u00e0 di sistemi e dispositivi, tra cui smartphone iOS e Android, tablet, laptop e computer desktop. Controlla la tua musica, regola il volume, effettua chiamate e utilizza gli assistenti vocali con semplici gesti tattili, fornendo un&#8217;esperienza utente confortevole e intuitiva.<\/p>\n","protected":false},"excerpt":{"rendered":"<p>pubblicit\u00e0Cuffie Bluetooth, Auricolari Bluetooth 5.4 Stereo HiFi Senza Fili Cuffitte con 4 HD Mics, 36 Ore di Riproduzione e LED Display, ANC Cancellazione Del Rumore Auricolari, IP7 Impermeabili, Viola (2025)<\/p>\n","protected":false},"featured_media":10920,"comment_status":"open","ping_status":"closed","template":"","meta":[],"product_cat":[15],"product_tag":[],"class_list":{"0":"post-10921","1":"product","2":"type-product","3":"status-publish","4":"has-post-thumbnail","6":"product_cat-sin-categorizar","7":"nodate","8":"item-wrap","10":"first","11":"instock","12":"shipping-taxable","13":"product-type-external"},"_links":{"self":[{"href":"https:\/\/lofimusic.com.es\/index.php\/wp-json\/wp\/v2\/product\/10921","targetHints":{"allow":["GET"]}}],"collection":[{"href":"https:\/\/lofimusic.com.es\/index.php\/wp-json\/wp\/v2\/product"}],"about":[{"href":"https:\/\/lofimusic.com.es\/index.php\/wp-json\/wp\/v2\/types\/product"}],"replies":[{"embeddable":true,"href":"https:\/\/lofimusic.com.es\/index.php\/wp-json\/wp\/v2\/comments?post=10921"}],"wp:featuredmedia":[{"embeddable":true,"href":"https:\/\/lofimusic.com.es\/index.php\/wp-json\/wp\/v2\/media\/10920"}],"wp:attachment":[{"href":"https:\/\/lofimusic.com.es\/index.php\/wp-json\/wp\/v2\/media?parent=10921"}],"wp:term":[{"taxonomy":"product_cat","embeddable":true,"href":"https:\/\/lofimusic.com.es\/index.php\/wp-json\/wp\/v2\/product_cat?post=10921"},{"taxonomy":"product_tag","embeddable":true,"href":"https:\/\/lofimusic.com.es\/index.php\/wp-json\/wp\/v2\/product_tag?post=10921"}],"curies":[{"name":"wp","href":"https:\/\/api.w.org\/{rel}","templated":true}]}}