{"id":10919,"date":"2025-02-07T11:36:43","date_gmt":"2025-02-07T11:36:43","guid":{"rendered":"https:\/\/lofimusic.com.es\/index.php\/producto\/b0dpf6fc7d_es\/"},"modified":"2025-02-07T11:36:43","modified_gmt":"2025-02-07T11:36:43","slug":"b0dpf6fc7d_es","status":"publish","type":"product","link":"https:\/\/lofimusic.com.es\/index.php\/producto\/b0dpf6fc7d_es\/","title":{"rendered":"B0DPF6FC7D_ES"},"content":{"rendered":"<p>&#8211; valido para todo tipo de billetes internacionales:este rotulador est\u00e1 dise\u00f1ado para funcionar eficazmente con billetes de diversas monedas y pa\u00edses. puedes confiar en su capacidad para detectar autenticidad sin importar la denominaci\u00f3n o el origen del billete.<br \/>\n&#8211; tinta duradera:la tinta de nuestros rotuladores est\u00e1 formulada para ser duradera, resistente al desgaste y a las condiciones ambientales. puedes confiar en que seguir\u00e1 proporcionando resultados confiables incluso despu\u00e9s de un uso continuo.<br \/>\n&#8211; r\u00e1pida utilizaci\u00f3n:con un dise\u00f1o intuitivo, la aplicaci\u00f3n del rotulador sobre el billete es r\u00e1pida y f\u00e1cil. obt\u00e9n resultados instant\u00e1neos para una verificaci\u00f3n eficiente y sin complicaciones. este rotulador es ideal para entornos donde la velocidad es esencial.<br \/>\n&#8211; f\u00e1cil de usar:al escribir en billetes reales, el color presentado por la escritura a mano es amarillo claro o incoloro y transparente; al escribir en billetes falsificados, el color presentado por la escritura a mano es marr\u00f3n o negro.<br \/>\n&#8211; medidas del bol\u00edgrafo:cada marcador falsificado mide aproximadamente 14.2 cm de largo, 1.5 cm de di\u00e1metro, tama\u00f1o adecuado para su uso, port\u00e1til y f\u00e1cil de llevar. simplemente col\u00f3calo en tu bolso, bolsillo, bolso, escritorio, en cualquier lugar donde puedas guardar un bol\u00edgrafo.<\/p>\n","protected":false},"excerpt":{"rendered":"<p>Publicidad iLamvie Pack 5 Unidades Detector Billetes Falsos,Detector Billetes Falsos &#8211; Rotulador Billetes Falsos &#8211; Detector De Billetes Falsos Euros, D\u00f3lares, Libras,Tinta Duradera,Negro<\/p>\n","protected":false},"featured_media":10918,"comment_status":"open","ping_status":"closed","template":"","meta":[],"product_cat":[15],"product_tag":[],"class_list":{"0":"post-10919","1":"product","2":"type-product","3":"status-publish","4":"has-post-thumbnail","6":"product_cat-sin-categorizar","7":"nodate","8":"item-wrap","10":"first","11":"instock","12":"shipping-taxable","13":"product-type-external"},"_links":{"self":[{"href":"https:\/\/lofimusic.com.es\/index.php\/wp-json\/wp\/v2\/product\/10919","targetHints":{"allow":["GET"]}}],"collection":[{"href":"https:\/\/lofimusic.com.es\/index.php\/wp-json\/wp\/v2\/product"}],"about":[{"href":"https:\/\/lofimusic.com.es\/index.php\/wp-json\/wp\/v2\/types\/product"}],"replies":[{"embeddable":true,"href":"https:\/\/lofimusic.com.es\/index.php\/wp-json\/wp\/v2\/comments?post=10919"}],"wp:featuredmedia":[{"embeddable":true,"href":"https:\/\/lofimusic.com.es\/index.php\/wp-json\/wp\/v2\/media\/10918"}],"wp:attachment":[{"href":"https:\/\/lofimusic.com.es\/index.php\/wp-json\/wp\/v2\/media?parent=10919"}],"wp:term":[{"taxonomy":"product_cat","embeddable":true,"href":"https:\/\/lofimusic.com.es\/index.php\/wp-json\/wp\/v2\/product_cat?post=10919"},{"taxonomy":"product_tag","embeddable":true,"href":"https:\/\/lofimusic.com.es\/index.php\/wp-json\/wp\/v2\/product_tag?post=10919"}],"curies":[{"name":"wp","href":"https:\/\/api.w.org\/{rel}","templated":true}]}}