{"id":10915,"date":"2025-02-07T11:34:04","date_gmt":"2025-02-07T11:34:04","guid":{"rendered":"https:\/\/lofimusic.com.es\/index.php\/producto\/b0drfx12l8_es\/"},"modified":"2025-02-07T11:34:04","modified_gmt":"2025-02-07T11:34:04","slug":"b0drfx12l8_es","status":"publish","type":"product","link":"https:\/\/lofimusic.com.es\/index.php\/producto\/b0drfx12l8_es\/","title":{"rendered":"B0DRFX12L8_ES"},"content":{"rendered":"<p>&#8211; Multiusos: La lupa es ideal para coleccionistas de minerales, monedas, para joyeros, aficionados, y tambi\u00e9n es un gran regalo para que los ni\u00f1os exploren el mundo fabuloso de las miniaturas. Lupa de lente \u00f3ptica y carcasa met\u00e1lica, lo que puede hacer que esta lente de aumento sea m\u00e1s resistente, compacta y \u00fatil.<br \/>\n&#8211; Gran aumento:Esta lupa de joyer\u00eda de 30 x 60 x con luz tiene una fuerte funci\u00f3n de aumento que le permite examinar incluso los detalles m\u00e1s peque\u00f1os de sus joyas, monedas, diamantes, piedras preciosas y plantas. Con su dise\u00f1o plegable, es f\u00e1cil de transportar y usar en cualquier lugar.<br \/>\n&#8211; Visi\u00f3n iluminada:Equipado con luces LED, esta lupa ofrece una iluminaci\u00f3n brillante y uniforme que permite una visi\u00f3n clara y precisa. Las luces LED son especialmente \u00fatiles para examinar objetos en condiciones de poca luz o para una mejor visibilidad de detalles intrincados.<br \/>\n&#8211; Pr\u00e1ctico y port\u00e1til: El dise\u00f1o plegable de esta lupa permite un f\u00e1cil almacenamiento y portabilidad. Se pliega f\u00e1cilmente y se puede guardar en tu bolsillo para que siempre la tengas a mano cuando la necesites. Gracias a su tama\u00f1o compacto, es adecuado tanto para uso interior como exterior.<br \/>\n&#8211; Calidad superior:La lupa de joyer\u00eda fabricada con materiales de alta calidad est\u00e1 dise\u00f1ada para durar mucho tiempo. La construcci\u00f3n robusta asegura durabilidad y durabilidad, por lo que es una herramienta fiable para los pr\u00f3ximos a\u00f1os. Invierta en esta lupa de alta calidad para mejorar su precisi\u00f3n y precisi\u00f3n en el estudio de joyas y piedras preciosas.<\/p>\n","protected":false},"excerpt":{"rendered":"<p>Publicidad iLamvie Lupa de joyer\u00eda Plegable de Metal 30 X 60X,con luz LED,Lupa para Diamantes joyeros Monedas Sellos, reconocimiento de Moneda, identificaci\u00f3n de Joyas<\/p>\n","protected":false},"featured_media":10914,"comment_status":"open","ping_status":"closed","template":"","meta":[],"product_cat":[15],"product_tag":[],"class_list":{"0":"post-10915","1":"product","2":"type-product","3":"status-publish","4":"has-post-thumbnail","6":"product_cat-sin-categorizar","7":"nodate","8":"item-wrap","10":"first","11":"instock","12":"shipping-taxable","13":"product-type-external"},"_links":{"self":[{"href":"https:\/\/lofimusic.com.es\/index.php\/wp-json\/wp\/v2\/product\/10915","targetHints":{"allow":["GET"]}}],"collection":[{"href":"https:\/\/lofimusic.com.es\/index.php\/wp-json\/wp\/v2\/product"}],"about":[{"href":"https:\/\/lofimusic.com.es\/index.php\/wp-json\/wp\/v2\/types\/product"}],"replies":[{"embeddable":true,"href":"https:\/\/lofimusic.com.es\/index.php\/wp-json\/wp\/v2\/comments?post=10915"}],"wp:featuredmedia":[{"embeddable":true,"href":"https:\/\/lofimusic.com.es\/index.php\/wp-json\/wp\/v2\/media\/10914"}],"wp:attachment":[{"href":"https:\/\/lofimusic.com.es\/index.php\/wp-json\/wp\/v2\/media?parent=10915"}],"wp:term":[{"taxonomy":"product_cat","embeddable":true,"href":"https:\/\/lofimusic.com.es\/index.php\/wp-json\/wp\/v2\/product_cat?post=10915"},{"taxonomy":"product_tag","embeddable":true,"href":"https:\/\/lofimusic.com.es\/index.php\/wp-json\/wp\/v2\/product_tag?post=10915"}],"curies":[{"name":"wp","href":"https:\/\/api.w.org\/{rel}","templated":true}]}}