{"id":10911,"date":"2025-02-07T11:30:07","date_gmt":"2025-02-07T11:30:07","guid":{"rendered":"https:\/\/lofimusic.com.es\/index.php\/producto\/b0dgqhctlz_es\/"},"modified":"2025-02-07T11:30:07","modified_gmt":"2025-02-07T11:30:07","slug":"b0dgqhctlz_es","status":"publish","type":"product","link":"https:\/\/lofimusic.com.es\/index.php\/producto\/b0dgqhctlz_es\/","title":{"rendered":"B0DGQHCTLZ_ES"},"content":{"rendered":"<p>&#8211; Detalles del producto: Recibir\u00e1s 2 campanas de alarma de pesca, verde y azul. El producto es peque\u00f1o y f\u00e1cil de transportar.<br \/>\n&#8211; Resistente y duradero: las cadenas y eslabones de la alarma anti-mordidas est\u00e1n hechos de materiales de alta calidad, que no se rompen f\u00e1cilmente, son livianos y pr\u00e1cticos para garantizar un uso a largo plazo.<br \/>\n&#8211; CLARAMENTE VISIBLE: La campana de alarma de pesca tiene alta visibilidad, sin importar si llueve o hace sol, cualquier estilo de color puede mostrar el indicador de picadura de forma correcta y clara, asegurando que no se pierda ninguna picadura.<br \/>\n&#8211; F\u00e1cil de usar: la alarma de pesca es f\u00e1cil de configurar y usar, monte la brillante luz nocturna de pesca en la punta de su ca\u00f1a de pescar. Permite a los pescadores principiantes y profesionales comenzar r\u00e1pidamente.<br \/>\n&#8211; Amplia aplicaci\u00f3n: la campana de alarma de pesca es adecuada para todo tipo de pesca, incluidas aguas profundas, aguas poco profundas, agua salada, agua dulce, etc. Puede ayudarle a detectar mejor las mareas de peces y mejorar su tasa de \u00e9xito en la pesca.<\/p>\n","protected":false},"excerpt":{"rendered":"<p>Publicidad HBERCAI Tackle Juego de 2 B\u00e1sculas de Pesca de Carpa para indicador de Mordida,Carpa con Indicador de Mordida,Alarma-Azul,Verde<\/p>\n","protected":false},"featured_media":10910,"comment_status":"open","ping_status":"closed","template":"","meta":[],"product_cat":[15],"product_tag":[],"class_list":{"0":"post-10911","1":"product","2":"type-product","3":"status-publish","4":"has-post-thumbnail","6":"product_cat-sin-categorizar","7":"nodate","8":"item-wrap","10":"first","11":"instock","12":"shipping-taxable","13":"product-type-external"},"_links":{"self":[{"href":"https:\/\/lofimusic.com.es\/index.php\/wp-json\/wp\/v2\/product\/10911","targetHints":{"allow":["GET"]}}],"collection":[{"href":"https:\/\/lofimusic.com.es\/index.php\/wp-json\/wp\/v2\/product"}],"about":[{"href":"https:\/\/lofimusic.com.es\/index.php\/wp-json\/wp\/v2\/types\/product"}],"replies":[{"embeddable":true,"href":"https:\/\/lofimusic.com.es\/index.php\/wp-json\/wp\/v2\/comments?post=10911"}],"wp:featuredmedia":[{"embeddable":true,"href":"https:\/\/lofimusic.com.es\/index.php\/wp-json\/wp\/v2\/media\/10910"}],"wp:attachment":[{"href":"https:\/\/lofimusic.com.es\/index.php\/wp-json\/wp\/v2\/media?parent=10911"}],"wp:term":[{"taxonomy":"product_cat","embeddable":true,"href":"https:\/\/lofimusic.com.es\/index.php\/wp-json\/wp\/v2\/product_cat?post=10911"},{"taxonomy":"product_tag","embeddable":true,"href":"https:\/\/lofimusic.com.es\/index.php\/wp-json\/wp\/v2\/product_tag?post=10911"}],"curies":[{"name":"wp","href":"https:\/\/api.w.org\/{rel}","templated":true}]}}