{"id":1091,"date":"2024-09-14T05:19:03","date_gmt":"2024-09-14T05:19:03","guid":{"rendered":"https:\/\/lofimusic.com.es\/index.php\/producto\/b0dcfpv5lc_de\/"},"modified":"2024-09-14T05:19:03","modified_gmt":"2024-09-14T05:19:03","slug":"b0dcfpv5lc_de","status":"publish","type":"product","link":"https:\/\/lofimusic.com.es\/index.php\/producto\/b0dcfpv5lc_de\/","title":{"rendered":"B0DCFPV5LC_DE"},"content":{"rendered":"<p>&#8211; 1,91\u00bb HD Volltouchscreen und DIY Zifferblatt: Smart watch herren hat einen gro\u00dfen 1,91 zoll full-touch. Fitnessuhr damen mit hd farbbildschirm bieten ihnen eine hervorragendes visuelles erlebnis. Einstellbare 4-stufige Bildschirm-Helligkeit, klareres Display bei Sonnenlicht, komfortablere Bedienung. Sie k\u00f6nnen in der GloryFit App \u00fcber 100+ wundersch\u00f6ne Zifferbl\u00e4tter ausw\u00e4hlen oder Ihr Lieblingsbild hochladen, Sie k\u00f6nnen auch DIY-Fotos erstellen, um Ihr personalisiertes Zifferblatt anzupassen.<br \/>\n&#8211; Bluetooth-Anrufe und Informationserinnerung: T70 Smartwatch damen einen integrierten Lautsprecher und ein hochaufl\u00f6sendes Mikrofon. Nach der Verbindung mit dem Telefon \u00fcber Bluetooth, Sie werden keine wichtigen Anrufe verpassen, wenn Sie trainieren, Rad fahren, laufen. Zus\u00e4tzlich k\u00f6nnen die smartwatch herren andere benachrichtigungen (z. B. von Twitter, Facebook, Instagram, etc) erhalten. Alle Benachrichtigungen werden auf Ihrem fitnessuhr herren angezeigt und durch Vibration erinnert.<br \/>\n&#8211; 112+ Sportmodi und IP68 Wasserdicht: Sportuhren herren hat 112+ sportmodi, die Ihre Outdoor- und Indoor-Anforderungen erf\u00fcllen, darunter laufen, radfahren, Yoga, Bergsteigen usw (in der App bearbeiten und hinzuf\u00fcgen). Durch die aufzeichnung der herzfrequenz, der distanz und der schritte, des kalorienverbrauchs, um Ihnen dabei zu helfen, Ihre Trainingsziele besser zu erreichen. Mit IP68 wasserdichtkeit kann die fitness uhr Ihre t\u00e4glichen wasserdichten Anforderungen erf\u00fcllen.<br \/>\n&#8211; 24\/7 Echtzeit Gesundheitsmonitor: Schrittz\u00e4hler uhr Ihre Herzfrequenz 24 Stunden lang zu \u00fcberwachen, so dass Sie immer \u00fcber Ihren Gesundheitszustand informiert sind. Dar\u00fcber hinaus kann diese sportuhren herren Ihre Schlafaufzeichnungen messen in der Nach, um Ihnen zu helfen, die Qualit\u00e4t Ihres Schlafs besser zu verstehen. Au\u00dferdem verf\u00fcgt die fitness tracker \u00fcber eine Funktion zur Aufzeichnung des weiblichen Menstruationszyklus. Es ist ein ideales Geschenk f\u00fcr Ihre Frau oder Freundin.<br \/>\n&#8211; Weitere praktische Funktionen und lange Akkulaufzeit: Herren uhr verf\u00fcgt \u00fcber viele n\u00fctzliche Funktionen wie Frauengesundheit, Atemtraining, Stoppuhr, Timer, Musiksteuerung, Kamerasteuerung, Wettervorhersage, sitzende Erinnerung, Taschenrechner usw, die f\u00fcr Ihren t\u00e4glichen Gebrauch praktisch sind. Mit nur 2 Stunden Ladezeit bietet die uhr damen eine Nutzungsdauer von bis zu 7 Tagen und einen Standby-Modus von 30 Tagen. Sie m\u00fcssen sich auf reisen keine sorgen mehr um den akku machen.<\/p>\n","protected":false},"excerpt":{"rendered":"<p>Werbung<br \/>\nCsasan Smartwatch Damen Herren, 1,91&#8243; HD Touchscreen Smart Watch mit Telefonfunktion, 112+ Sportmodi Fitnessuhr mit Puls-Schlaf-Monitor Schrittz\u00e4hler, IP68 Wasserdicht Sportuhr Android iOS, Grasgr\u00fcn<\/p>\n","protected":false},"featured_media":1090,"comment_status":"open","ping_status":"closed","template":"","meta":[],"product_cat":[15],"product_tag":[],"class_list":{"0":"post-1091","1":"product","2":"type-product","3":"status-publish","4":"has-post-thumbnail","6":"product_cat-sin-categorizar","7":"nodate","8":"item-wrap","10":"first","11":"instock","12":"shipping-taxable","13":"product-type-external"},"_links":{"self":[{"href":"https:\/\/lofimusic.com.es\/index.php\/wp-json\/wp\/v2\/product\/1091","targetHints":{"allow":["GET"]}}],"collection":[{"href":"https:\/\/lofimusic.com.es\/index.php\/wp-json\/wp\/v2\/product"}],"about":[{"href":"https:\/\/lofimusic.com.es\/index.php\/wp-json\/wp\/v2\/types\/product"}],"replies":[{"embeddable":true,"href":"https:\/\/lofimusic.com.es\/index.php\/wp-json\/wp\/v2\/comments?post=1091"}],"wp:featuredmedia":[{"embeddable":true,"href":"https:\/\/lofimusic.com.es\/index.php\/wp-json\/wp\/v2\/media\/1090"}],"wp:attachment":[{"href":"https:\/\/lofimusic.com.es\/index.php\/wp-json\/wp\/v2\/media?parent=1091"}],"wp:term":[{"taxonomy":"product_cat","embeddable":true,"href":"https:\/\/lofimusic.com.es\/index.php\/wp-json\/wp\/v2\/product_cat?post=1091"},{"taxonomy":"product_tag","embeddable":true,"href":"https:\/\/lofimusic.com.es\/index.php\/wp-json\/wp\/v2\/product_tag?post=1091"}],"curies":[{"name":"wp","href":"https:\/\/api.w.org\/{rel}","templated":true}]}}