{"id":10909,"date":"2025-02-07T11:18:40","date_gmt":"2025-02-07T11:18:40","guid":{"rendered":"https:\/\/lofimusic.com.es\/index.php\/producto\/b0dqpx3962_es-3\/"},"modified":"2025-02-07T11:18:40","modified_gmt":"2025-02-07T11:18:40","slug":"b0dqpx3962_es-3","status":"publish","type":"product","link":"https:\/\/lofimusic.com.es\/index.php\/producto\/b0dqpx3962_es-3\/","title":{"rendered":"B0DQPX3962_ES"},"content":{"rendered":"<p>&#8211; Versatilidad: Cortapelos 2 en 1 port\u00e1til y recargable, ideal para recortar vello nasal, cejas y otras \u00e1reas corporales.<br \/>\n&#8211; Dise\u00f1o ergon\u00f3mico: Cuerpo delgado y compacto para un manejo c\u00f3modo y f\u00e1cil acceso a todas las \u00e1reas.<br \/>\n&#8211; Resistente al agua: Puedes usarlo incluso en la ducha sin preocupaciones.<br \/>\n&#8211; F\u00e1cil limpieza: Cabezal desmontable que permite una limpieza r\u00e1pida y eficiente.<br \/>\n&#8211; Contenido: Incluye cortapelos, cabezal nasal, cabezal de cejas, cepillo de limpieza y cable USB para carga.<\/p>\n","protected":false},"excerpt":{"rendered":"<p>Publicidad Cortapelos de nariz y cejas 2 en 1 recargable, port\u00e1til y resistente al agua con cepillo de limpieza<\/p>\n","protected":false},"featured_media":10908,"comment_status":"open","ping_status":"closed","template":"","meta":[],"product_cat":[15],"product_tag":[],"class_list":{"0":"post-10909","1":"product","2":"type-product","3":"status-publish","4":"has-post-thumbnail","6":"product_cat-sin-categorizar","7":"nodate","8":"item-wrap","10":"first","11":"instock","12":"shipping-taxable","13":"product-type-external"},"_links":{"self":[{"href":"https:\/\/lofimusic.com.es\/index.php\/wp-json\/wp\/v2\/product\/10909","targetHints":{"allow":["GET"]}}],"collection":[{"href":"https:\/\/lofimusic.com.es\/index.php\/wp-json\/wp\/v2\/product"}],"about":[{"href":"https:\/\/lofimusic.com.es\/index.php\/wp-json\/wp\/v2\/types\/product"}],"replies":[{"embeddable":true,"href":"https:\/\/lofimusic.com.es\/index.php\/wp-json\/wp\/v2\/comments?post=10909"}],"wp:featuredmedia":[{"embeddable":true,"href":"https:\/\/lofimusic.com.es\/index.php\/wp-json\/wp\/v2\/media\/10908"}],"wp:attachment":[{"href":"https:\/\/lofimusic.com.es\/index.php\/wp-json\/wp\/v2\/media?parent=10909"}],"wp:term":[{"taxonomy":"product_cat","embeddable":true,"href":"https:\/\/lofimusic.com.es\/index.php\/wp-json\/wp\/v2\/product_cat?post=10909"},{"taxonomy":"product_tag","embeddable":true,"href":"https:\/\/lofimusic.com.es\/index.php\/wp-json\/wp\/v2\/product_tag?post=10909"}],"curies":[{"name":"wp","href":"https:\/\/api.w.org\/{rel}","templated":true}]}}