{"id":10907,"date":"2025-02-07T10:42:04","date_gmt":"2025-02-07T10:42:04","guid":{"rendered":"https:\/\/lofimusic.com.es\/index.php\/producto\/b0dlp4nyhw_de\/"},"modified":"2025-02-07T10:42:04","modified_gmt":"2025-02-07T10:42:04","slug":"b0dlp4nyhw_de","status":"publish","type":"product","link":"https:\/\/lofimusic.com.es\/index.php\/producto\/b0dlp4nyhw_de\/","title":{"rendered":"B0DLP4NYHW_DE"},"content":{"rendered":"<p>&#8211; Sehr Wertige Wildkamera Solar mit Innovativem Energiekonzept,Die HAZA PR900S wildkamera sie bietet im Vergleich zur Konkurrenz einen entscheidenden Vorteil. Der Solarpanel-Akku mit 5200 mAh ist ein echter Vorteil! der sich auch mit Solarenergie aufl\u00e4dt,des Weiteren k\u00f6nnen Batterien eingelegt werden. Dadurch kommt man auf eine sehr lange Akkulaufzeit,sie m\u00fcssen sich keine Sorgen um die Akkulaufzeit machen,selbst wenn Sie die wildtierkamera l\u00e4ngere Zeit an einem abgelegenen Ort lassen.Kein l\u00e4stiges Batteriewechseln mehr und die wildkamera mit handy\u00fcbertragung app l\u00e4uft zuverl\u00e4ssig,egal wie oft Sie sie verwenden. Eine wirklich tolle Sache f\u00fcr alle, die gerne drau\u00dfen sind oder Tiere beobachten!<br \/>\n&#8211; Die Handy\u00fcbertragung per WLAN oder Bluetooth Macht Alles Super Unkompliziert,Musste man bei \u00e4lteren Kameramodellen bisher immer die wildkamera abnehmen und die SD-Karte entfernen, um die Fotos anzusehen, k\u00f6nnen Sie sich diese l\u00e4stige Arbeit jetzt mit der HAZA PR900S-wildkamera mit app ersparen.. Die WLAN-Verbindung mit dem Handy \u00fcber die App, Sie k\u00f6nnen aufgezeichnete Videos auf Ihrem Telefon ansehen oder die Live-\u00dcbertragung, Au\u00dferdem besteht die M\u00f6glichkeit, Bilder\/Videoclips direkt von der App herunterzuladen. Und Sie k\u00f6nnen die anschaulichen und interessanten Videos mit Ihrer Familie und Freunden auf dem Handy weiterleiten oder sie in sozialen Medien wie Facebook, YouTube, Tiktok usw.<br \/>\n&#8211; Sehr Einfach zu Bedienen, Die APP stellt eine Verbindung zum WLAN-Hotspot (Die WLAN-Abdeckung betr\u00e4gt 70FT) der Wildkamera her, und die wildkamera mit handy\u00fcbertragung app unterst\u00fctzt keine Verbindung zum heimischen 2,4G\/5G-WLAN. Hervorragend ist die Reichweite von WLAN und Bluetooth,die App stellt sehr schnell eine Verbindung zum Telefon her. Die App ist ebenfalls einfach zu bedienen, Auch die verschiedenen Modis und wildkamera einstellungen lassen sich bequem \u00fcber die App bedienen. alles wildkamera solar aufnimmt direkt per WLAN oder Bluetooth auf Ihr Handy zu \u00fcbertragen, ist super praktisch<br \/>\n&#8211; Die 4K HD-Videoqualit\u00e4t ist Beeindruckend, Die HAZA PR900S wildkamera solar mit 64GB SD karte ist eine fantastische Erg\u00e4nzung f\u00fcr jeden Naturliebhaber. die 4K HD Videoqualit\u00e4t ist beeindruckend. Die Infrarotfunktion funktioniert einwandfrei, 4K HD-Videoaufnahme ist wirklich klar und detailliert. du kann die Bewegungen der Wildtiere auch bei schlechten Lichtverh\u00e4ltnissen sehr gut erkennen. Der wildtierkamera 120\u00b0-Weitwinkel erfasst ein gro\u00dfes Sichtfeld 120\u00b0, bieten Sie klare, detaillierte und spannende Aufnahmen. Sehr gut geeignet f\u00fcr den Einsatz in G\u00e4rten, Ackerland und W\u00e4ldern. Ein absolutes Muss f\u00fcr Naturfreunde, J\u00e4ger oder jeden, der seine Umgebung im Blick behalten m\u00f6chte<br \/>\n&#8211; Super Praktisch, Die HAZA Wildkamera Fortschrittliche Technologie, zuverl\u00e4ssige und sehr robuste Konstruktion. Es hat einen Bewegungsmelder der schnell reagiert, es l\u00f6st bei jeder Bewegung zuverl\u00e4ssig aufgezeichnete Videos aus. Die Bilder sind auch \u00fcberraschend gut und klar zu erkennen, selbst bei Nacht. Die HAZA PR900S solar f\u00fcr wildkamera ist robust genug mit IP66 waterproof international certification, sie war wetterfest, um jedem Wetter standzuhalten. Eine 64-GB-Speicherkarte war ebenfalls im Lieferumfang enthalten,Das bietet viel Speicherplatz f\u00fcr Videos und Fotos. Wildkamera mit bewegungsmelder nachtsicht perfekt f\u00fcr Naturbegeisterte und Familien<br \/>\n&#8211; Hinweis: Die APP stellt eine Verbindung zum WLAN-Hotspot der Wildkamera her, und die wildkamera mit handy\u00fcbertragung app unterst\u00fctzt keine Verbindung zum heimischen 2,4G\/5G-WLAN.<\/p>\n","protected":false},"excerpt":{"rendered":"<p>Werbung<br \/>\nHAZA Wildkamera Solar WLAN mit Handy\u00fcbertragung App,4K HD Video WiFi Bluetooth wildtierkamera mit nachtsicht bewegungsmelder,5200mAh Solarpanel Akku 64GB SD-Karte Wildcamera Outdoor IP66 Wasserdicht<\/p>\n","protected":false},"featured_media":10906,"comment_status":"open","ping_status":"closed","template":"","meta":[],"product_cat":[15],"product_tag":[],"class_list":{"0":"post-10907","1":"product","2":"type-product","3":"status-publish","4":"has-post-thumbnail","6":"product_cat-sin-categorizar","7":"nodate","8":"item-wrap","10":"first","11":"instock","12":"shipping-taxable","13":"product-type-external"},"_links":{"self":[{"href":"https:\/\/lofimusic.com.es\/index.php\/wp-json\/wp\/v2\/product\/10907","targetHints":{"allow":["GET"]}}],"collection":[{"href":"https:\/\/lofimusic.com.es\/index.php\/wp-json\/wp\/v2\/product"}],"about":[{"href":"https:\/\/lofimusic.com.es\/index.php\/wp-json\/wp\/v2\/types\/product"}],"replies":[{"embeddable":true,"href":"https:\/\/lofimusic.com.es\/index.php\/wp-json\/wp\/v2\/comments?post=10907"}],"wp:featuredmedia":[{"embeddable":true,"href":"https:\/\/lofimusic.com.es\/index.php\/wp-json\/wp\/v2\/media\/10906"}],"wp:attachment":[{"href":"https:\/\/lofimusic.com.es\/index.php\/wp-json\/wp\/v2\/media?parent=10907"}],"wp:term":[{"taxonomy":"product_cat","embeddable":true,"href":"https:\/\/lofimusic.com.es\/index.php\/wp-json\/wp\/v2\/product_cat?post=10907"},{"taxonomy":"product_tag","embeddable":true,"href":"https:\/\/lofimusic.com.es\/index.php\/wp-json\/wp\/v2\/product_tag?post=10907"}],"curies":[{"name":"wp","href":"https:\/\/api.w.org\/{rel}","templated":true}]}}