{"id":10903,"date":"2025-02-07T10:25:51","date_gmt":"2025-02-07T10:25:51","guid":{"rendered":"https:\/\/lofimusic.com.es\/index.php\/producto\/b0ckt423f7_es-2\/"},"modified":"2025-02-07T10:25:51","modified_gmt":"2025-02-07T10:25:51","slug":"b0ckt423f7_es-2","status":"publish","type":"product","link":"https:\/\/lofimusic.com.es\/index.php\/producto\/b0ckt423f7_es-2\/","title":{"rendered":"B0CKT423F7_ES"},"content":{"rendered":"<p>&#8211; Material del bol\u00edgrafo acr\u00edlico: punta de fibra, flujo de tinta constante y escritura suave. El cuerpo del bol\u00edgrafo es de pl\u00e1stico y es adaptable a la mano.<br \/>\n&#8211; Caracter\u00edsticas del rotor blanco: El rotor blanco es resistente al agua, no colorea, es r\u00e1pido, el color es largo, est\u00e1 tintado, no arena y cumple con las normas ASTM D-4236.<br \/>\n&#8211; \u3010Adecuado para diversas creaciones de materiales\u3011: los marcadores blancos impermeables son adecuados para bricolaje\/manual\/pintura\/tarjetas de felicitaci\u00f3n\/graffiti\/vidrio\/cer\u00e1mica\/madera\/tela\/papel\/piedra y otras creaciones de pintura.<br \/>\n&#8211; \u3010IDEA DE REGALO\u3011: Los marcadores permanentes blancos son adecuados para regalos personalizados para crear costumbres impresionantes para sus seres queridos. Los bol\u00edgrafos para colorear blancos son regalos ideales para aficionados y artistas.<br \/>\n&#8211; [Instrucciones de uso]: 1. Agite el bol\u00edgrafo hacia arriba y hacia abajo varias veces antes de usarlo. 2. Apriete la tapa del bol\u00edgrafo despu\u00e9s de su uso y d\u00e9jela plana. 3. Los marcadores permanentes blancos no son adecuados para ni\u00f1os de 0 a 3 a\u00f1os.<\/p>\n","protected":false},"excerpt":{"rendered":"<p>Publicidad RiyaNed Rotulador permanente blanco,8 unidades rotulador neumaticos blanco,Impermeable y de secado r\u00e1pido, ancho de trazo 2,0 mm, adecuado para piedra, madera, vidrio, cer\u00e1mica, lona, \u200b\u200bneum\u00e1ticos.<\/p>\n","protected":false},"featured_media":10902,"comment_status":"open","ping_status":"closed","template":"","meta":[],"product_cat":[15],"product_tag":[],"class_list":{"0":"post-10903","1":"product","2":"type-product","3":"status-publish","4":"has-post-thumbnail","6":"product_cat-sin-categorizar","7":"nodate","8":"item-wrap","10":"first","11":"instock","12":"shipping-taxable","13":"product-type-external"},"_links":{"self":[{"href":"https:\/\/lofimusic.com.es\/index.php\/wp-json\/wp\/v2\/product\/10903","targetHints":{"allow":["GET"]}}],"collection":[{"href":"https:\/\/lofimusic.com.es\/index.php\/wp-json\/wp\/v2\/product"}],"about":[{"href":"https:\/\/lofimusic.com.es\/index.php\/wp-json\/wp\/v2\/types\/product"}],"replies":[{"embeddable":true,"href":"https:\/\/lofimusic.com.es\/index.php\/wp-json\/wp\/v2\/comments?post=10903"}],"wp:featuredmedia":[{"embeddable":true,"href":"https:\/\/lofimusic.com.es\/index.php\/wp-json\/wp\/v2\/media\/10902"}],"wp:attachment":[{"href":"https:\/\/lofimusic.com.es\/index.php\/wp-json\/wp\/v2\/media?parent=10903"}],"wp:term":[{"taxonomy":"product_cat","embeddable":true,"href":"https:\/\/lofimusic.com.es\/index.php\/wp-json\/wp\/v2\/product_cat?post=10903"},{"taxonomy":"product_tag","embeddable":true,"href":"https:\/\/lofimusic.com.es\/index.php\/wp-json\/wp\/v2\/product_tag?post=10903"}],"curies":[{"name":"wp","href":"https:\/\/api.w.org\/{rel}","templated":true}]}}