{"id":10901,"date":"2025-02-07T10:25:20","date_gmt":"2025-02-07T10:25:20","guid":{"rendered":"https:\/\/lofimusic.com.es\/index.php\/producto\/b0dqxqy6cx_es\/"},"modified":"2025-02-07T10:25:20","modified_gmt":"2025-02-07T10:25:20","slug":"b0dqxqy6cx_es","status":"publish","type":"product","link":"https:\/\/lofimusic.com.es\/index.php\/producto\/b0dqxqy6cx_es\/","title":{"rendered":"B0DQXQY6CX_ES"},"content":{"rendered":"<p>&#8211; Transmisi\u00f3n estable: la memoria USB permite una transferencia de datos r\u00e1pida y estable. Puede transferir f\u00e1cilmente datos a alta velocidad entre diferentes dispositivos sin tener que recurrir a Wi-Fi y servicios en la nube.<br \/>\n&#8211; Plug and Play: Conectado y listo para usar, sin software para instalar, simplemente conecte el pendrive al puerto usb del ordenador u otro dispositivo y comience a funcionar. Ideal para viajeros, trabajadores de oficina, estudiantes.<br \/>\n&#8211; Material impermeable y de metal: esta elegante unidad flash USB est\u00e1 equipada con una carcasa de metal resistente. Si cae accidentalmente la unidad flash USB en el agua, puede continuar us\u00e1ndola despu\u00e9s del secado.<br \/>\n&#8211; F\u00e1cil de transportar: esta unidad flash USB es compacta y port\u00e1til, pesa muy poco, aproximadamente 9 gramos. Puedes llevarla contigo y utilizarla en cualquier momento y en cualquier lugar.<br \/>\n&#8211; Amplia compatibilidad: memoria USB compatible con USB 2.0 e inferiores. Compatible con PC, port\u00e1til, TV, coche, audio y as\u00ed sucesivamente. Alto rendimiento en todo tipo de sistemas: Windows, Mac OS, Linux.<\/p>\n","protected":false},"excerpt":{"rendered":"<p>Publicidad Memoria USB 64GB &#8211; Oopweet Disco Duro Externo con Llavero Impermeable Pendrive 64GB Port\u00e1til Pen Drive para Port\u00e1til, TV, Computadora<\/p>\n","protected":false},"featured_media":10900,"comment_status":"open","ping_status":"closed","template":"","meta":[],"product_cat":[15],"product_tag":[],"class_list":{"0":"post-10901","1":"product","2":"type-product","3":"status-publish","4":"has-post-thumbnail","6":"product_cat-sin-categorizar","7":"nodate","8":"item-wrap","10":"first","11":"instock","12":"shipping-taxable","13":"product-type-external"},"_links":{"self":[{"href":"https:\/\/lofimusic.com.es\/index.php\/wp-json\/wp\/v2\/product\/10901","targetHints":{"allow":["GET"]}}],"collection":[{"href":"https:\/\/lofimusic.com.es\/index.php\/wp-json\/wp\/v2\/product"}],"about":[{"href":"https:\/\/lofimusic.com.es\/index.php\/wp-json\/wp\/v2\/types\/product"}],"replies":[{"embeddable":true,"href":"https:\/\/lofimusic.com.es\/index.php\/wp-json\/wp\/v2\/comments?post=10901"}],"wp:featuredmedia":[{"embeddable":true,"href":"https:\/\/lofimusic.com.es\/index.php\/wp-json\/wp\/v2\/media\/10900"}],"wp:attachment":[{"href":"https:\/\/lofimusic.com.es\/index.php\/wp-json\/wp\/v2\/media?parent=10901"}],"wp:term":[{"taxonomy":"product_cat","embeddable":true,"href":"https:\/\/lofimusic.com.es\/index.php\/wp-json\/wp\/v2\/product_cat?post=10901"},{"taxonomy":"product_tag","embeddable":true,"href":"https:\/\/lofimusic.com.es\/index.php\/wp-json\/wp\/v2\/product_tag?post=10901"}],"curies":[{"name":"wp","href":"https:\/\/api.w.org\/{rel}","templated":true}]}}