{"id":10897,"date":"2025-02-07T10:23:26","date_gmt":"2025-02-07T10:23:26","guid":{"rendered":"https:\/\/lofimusic.com.es\/index.php\/producto\/b0dkmvdr28_es\/"},"modified":"2025-02-07T10:23:26","modified_gmt":"2025-02-07T10:23:26","slug":"b0dkmvdr28_es","status":"publish","type":"product","link":"https:\/\/lofimusic.com.es\/index.php\/producto\/b0dkmvdr28_es\/","title":{"rendered":"B0DKMVDR28_ES"},"content":{"rendered":"<p>&#8211; Los mejores repelentes ultras\u00f3nicos para insectos, alejan a los insectos de forma silenciosa y eficaz: los repelentes ultras\u00f3nicos son dispositivos que emiten un ruido constante a una frecuencia tal que estas ondas sonoras est\u00e1n dise\u00f1adas para distraer, molestar y disuadir a los insectos dom\u00e9sticos comunes como cucarachas, ara\u00f1as, mosquitos, hormigas y roedores.<br \/>\n&#8211; 100% SEGURO PARA NI\u00d1OS Y ANIMALES DOM\u00c9STICOS, PROTEGE A TU FAMILIA DE MANERA SALUDABLE Y AGRADABLE &#8211; Muchas personas est\u00e1n naturalmente preocupadas por la seguridad de sus mascotas cuando utilizan un dispositivo repelente de insectos. Algunos estudios han encontrado que los perros y los gatos, aunque pueden sentir las olas, el ultrasonido no es audible para los humanos y las mascotas. Sin veneno, olor ni productos qu\u00edmicos, absolutamente seguro e inofensivo para los ni\u00f1os, las mujeres embarazadas y las mascotas.<br \/>\n&#8211; C\u00d3MO USAR UN REPELLENTE ULTRAS\u00d3NICO EN CASA &#8211; Los repelentes de plagas son f\u00e1ciles de usar. Simplemente conecte el repelente ultras\u00f3nico a una toma de corriente para comenzar a repeler plagas cuando la luz nocturna azul est\u00e1 encendida.<br \/>\n&#8211; Protege tu casa a 360\u00b0 sin zonas muertas \u2013 La cobertura eficaz de cada plaga es de hasta 1600 metros cuadrados. Dado que el ultrasonido no puede penetrar las paredes y los objetos s\u00f3lidos, se recomienda usar una sola habitaci\u00f3n por unidad. Protege tu hogar 360 grados sin zonas muertas.<br \/>\n&#8211; Di adi\u00f3s a los invitados no deseados en tu casa. Los resultados t\u00edpicos pueden tardar de 1 a 2 semanas dependiendo de la gravedad de la infestaci\u00f3n. \u00a1La mayor\u00eda de los resultados de control de plagas electr\u00f3nicas son visibles en 3-4 semanas! \u00a1Entonces podemos decir adi\u00f3s a las plagas y ratones! Consejos: Para evitar que las malas hierbas vuelvan a aparecer, se recomienda un uso continuo. No dude en contactarnos para cualquier pregunta. Le deseamos que duerma tranquilo y tenga un ambiente libre de plagas.<\/p>\n","protected":false},"excerpt":{"rendered":"<p>Publicidad Antimosquitos ultras\u00f3nicos 2 Pack, Repelente Ultras\u00f3nico Anti Mosquitos Ultrasonido Interior Dispositivo, Repelente para Insectos de Rata, Antimosquitos Ultrasonidos para Anti Mosquitos, Roedores,<\/p>\n","protected":false},"featured_media":10896,"comment_status":"open","ping_status":"closed","template":"","meta":[],"product_cat":[15],"product_tag":[],"class_list":{"0":"post-10897","1":"product","2":"type-product","3":"status-publish","4":"has-post-thumbnail","6":"product_cat-sin-categorizar","7":"nodate","8":"item-wrap","10":"first","11":"instock","12":"shipping-taxable","13":"product-type-external"},"_links":{"self":[{"href":"https:\/\/lofimusic.com.es\/index.php\/wp-json\/wp\/v2\/product\/10897","targetHints":{"allow":["GET"]}}],"collection":[{"href":"https:\/\/lofimusic.com.es\/index.php\/wp-json\/wp\/v2\/product"}],"about":[{"href":"https:\/\/lofimusic.com.es\/index.php\/wp-json\/wp\/v2\/types\/product"}],"replies":[{"embeddable":true,"href":"https:\/\/lofimusic.com.es\/index.php\/wp-json\/wp\/v2\/comments?post=10897"}],"wp:featuredmedia":[{"embeddable":true,"href":"https:\/\/lofimusic.com.es\/index.php\/wp-json\/wp\/v2\/media\/10896"}],"wp:attachment":[{"href":"https:\/\/lofimusic.com.es\/index.php\/wp-json\/wp\/v2\/media?parent=10897"}],"wp:term":[{"taxonomy":"product_cat","embeddable":true,"href":"https:\/\/lofimusic.com.es\/index.php\/wp-json\/wp\/v2\/product_cat?post=10897"},{"taxonomy":"product_tag","embeddable":true,"href":"https:\/\/lofimusic.com.es\/index.php\/wp-json\/wp\/v2\/product_tag?post=10897"}],"curies":[{"name":"wp","href":"https:\/\/api.w.org\/{rel}","templated":true}]}}